{"id":21447,"date":"2024-04-30T15:25:07","date_gmt":"2024-04-30T13:25:07","guid":{"rendered":"https:\/\/www.dmd.eu\/?post_type=product&#038;p=21447"},"modified":"2025-12-22T18:15:36","modified_gmt":"2025-12-22T17:15:36","slug":"soul-retro","status":"publish","type":"product","link":"https:\/\/dmd.eu\/fr\/prodotto\/casques-jet\/casques-retro\/soul-retro\/","title":{"rendered":"SOUL"},"content":{"rendered":"<p>Le\u00a0<strong>casque jet Retro Soul<\/strong> fait partie de la collection de casques DMD jet Retro.<br \/>\nR\u00e9alis\u00e9 sur une base blanche mate, ce mod\u00e8le est enrichi d&rsquo;un graphisme exclusif. Laissez-vous s\u00e9duire par la particularit\u00e9, combin\u00e9e \u00e0 un brin de folie, du casque jet Retro Soul.<\/p>\n","protected":false},"excerpt":{"rendered":"<p>Le\u00a0casque jet Retro Soul fait partie de la collection de casques DMD jet Retro. R\u00e9alis\u00e9 sur une base blanche mate, ce mod\u00e8le est enrichi d&rsquo;un graphisme exclusif. Laissez-vous s\u00e9duire par la particularit\u00e9, combin\u00e9e \u00e0 un brin de folie, du casque jet Retro Soul.<\/p>\n","protected":false},"featured_media":50906,"comment_status":"closed","ping_status":"closed","template":"","meta":{"_acf_changed":false},"product_brand":[],"product_cat":[120,456],"product_tag":[],"giftcard-category":[],"class_list":{"0":"post-21447","1":"product","2":"type-product","3":"status-publish","4":"has-post-thumbnail","6":"product_cat-casques-jet","7":"product_cat-casques-retro","9":"first","10":"instock","11":"taxable","12":"shipping-taxable","13":"purchasable","14":"product-type-variable"},"acf":[],"jetpack_sharing_enabled":true,"_links":{"self":[{"href":"https:\/\/dmd.eu\/fr\/wp-json\/wp\/v2\/product\/21447","targetHints":{"allow":["GET"]}}],"collection":[{"href":"https:\/\/dmd.eu\/fr\/wp-json\/wp\/v2\/product"}],"about":[{"href":"https:\/\/dmd.eu\/fr\/wp-json\/wp\/v2\/types\/product"}],"replies":[{"embeddable":true,"href":"https:\/\/dmd.eu\/fr\/wp-json\/wp\/v2\/comments?post=21447"}],"wp:featuredmedia":[{"embeddable":true,"href":"https:\/\/dmd.eu\/fr\/wp-json\/wp\/v2\/media\/50906"}],"wp:attachment":[{"href":"https:\/\/dmd.eu\/fr\/wp-json\/wp\/v2\/media?parent=21447"}],"wp:term":[{"taxonomy":"product_brand","embeddable":true,"href":"https:\/\/dmd.eu\/fr\/wp-json\/wp\/v2\/product_brand?post=21447"},{"taxonomy":"product_cat","embeddable":true,"href":"https:\/\/dmd.eu\/fr\/wp-json\/wp\/v2\/product_cat?post=21447"},{"taxonomy":"product_tag","embeddable":true,"href":"https:\/\/dmd.eu\/fr\/wp-json\/wp\/v2\/product_tag?post=21447"},{"taxonomy":"giftcard-category","embeddable":true,"href":"https:\/\/dmd.eu\/fr\/wp-json\/wp\/v2\/giftcard-category?post=21447"}],"curies":[{"name":"wp","href":"https:\/\/api.w.org\/{rel}","templated":true}]}}