{"id":21406,"date":"2024-04-30T12:32:00","date_gmt":"2024-04-30T10:32:00","guid":{"rendered":"https:\/\/www.dmd.eu\/?post_type=product&#038;p=21406"},"modified":"2025-12-02T00:13:55","modified_gmt":"2025-12-01T23:13:55","slug":"fuoco-retro","status":"publish","type":"product","link":"https:\/\/dmd.eu\/fr\/prodotto\/casques-jet\/casques-retro\/fuoco-retro\/","title":{"rendered":"FUOCO"},"content":{"rendered":"<p>Le <strong>casque jet Retro Fuoco<\/strong>, de couleur noir mat avec un simple motif d\u00e9coratif dans les tons rouge\/orange, est le produit id\u00e9al pour le motard amateur du style ann\u00e9es 70, mais aussi pour le scoot\u00e9riste \u00e0 la recherche d\u2019un casque confortable, s\u00fbr et original.<\/p>\n","protected":false},"excerpt":{"rendered":"<p>Le casque jet Retro Fuoco, de couleur noir mat avec un simple motif d\u00e9coratif dans les tons rouge\/orange, est le produit id\u00e9al pour le motard amateur du style ann\u00e9es 70, mais aussi pour le scoot\u00e9riste \u00e0 la recherche d\u2019un casque confortable, s\u00fbr et original.<\/p>\n","protected":false},"featured_media":39786,"comment_status":"closed","ping_status":"closed","template":"","meta":{"_acf_changed":false},"product_brand":[],"product_cat":[120,456],"product_tag":[],"giftcard-category":[],"class_list":{"0":"post-21406","1":"product","2":"type-product","3":"status-publish","4":"has-post-thumbnail","6":"product_cat-casques-jet","7":"product_cat-casques-retro","9":"first","10":"instock","11":"taxable","12":"shipping-taxable","13":"purchasable","14":"product-type-variable"},"acf":[],"jetpack_sharing_enabled":true,"_links":{"self":[{"href":"https:\/\/dmd.eu\/fr\/wp-json\/wp\/v2\/product\/21406","targetHints":{"allow":["GET"]}}],"collection":[{"href":"https:\/\/dmd.eu\/fr\/wp-json\/wp\/v2\/product"}],"about":[{"href":"https:\/\/dmd.eu\/fr\/wp-json\/wp\/v2\/types\/product"}],"replies":[{"embeddable":true,"href":"https:\/\/dmd.eu\/fr\/wp-json\/wp\/v2\/comments?post=21406"}],"wp:featuredmedia":[{"embeddable":true,"href":"https:\/\/dmd.eu\/fr\/wp-json\/wp\/v2\/media\/39786"}],"wp:attachment":[{"href":"https:\/\/dmd.eu\/fr\/wp-json\/wp\/v2\/media?parent=21406"}],"wp:term":[{"taxonomy":"product_brand","embeddable":true,"href":"https:\/\/dmd.eu\/fr\/wp-json\/wp\/v2\/product_brand?post=21406"},{"taxonomy":"product_cat","embeddable":true,"href":"https:\/\/dmd.eu\/fr\/wp-json\/wp\/v2\/product_cat?post=21406"},{"taxonomy":"product_tag","embeddable":true,"href":"https:\/\/dmd.eu\/fr\/wp-json\/wp\/v2\/product_tag?post=21406"},{"taxonomy":"giftcard-category","embeddable":true,"href":"https:\/\/dmd.eu\/fr\/wp-json\/wp\/v2\/giftcard-category?post=21406"}],"curies":[{"name":"wp","href":"https:\/\/api.w.org\/{rel}","templated":true}]}}