{"id":21040,"date":"2024-04-29T15:55:02","date_gmt":"2024-04-29T13:55:02","guid":{"rendered":"https:\/\/www.dmd.eu\/?post_type=product&#038;p=21040"},"modified":"2025-12-02T00:13:56","modified_gmt":"2025-12-01T23:13:56","slug":"star-orange-retro","status":"publish","type":"product","link":"https:\/\/dmd.eu\/fr\/prodotto\/casques-jet\/casques-retro\/star-orange-retro\/","title":{"rendered":"STAR ORANGE"},"content":{"rendered":"<p>Le\u00a0<strong>casque jet Retro Star Orange <\/strong>fait partie de la collection de casques DMD jet Retro. Ce casque doit son nom \u00e0 son graphisme repr\u00e9sentant une \u00e9toile orange sur une base noire mate, qui rappelle clairement les mod\u00e8les <em>Stars and Stripes<\/em> des ann\u00e9es 1970. La simplicit\u00e9 de ce mod\u00e8le rend le casque jet Retro Super Star id\u00e9al pour tous les motocyclistes \u00e0 l&rsquo;\u00e2me vintage.<\/p>\n","protected":false},"excerpt":{"rendered":"<p>Le\u00a0casque jet Retro Star Orange fait partie de la collection de casques DMD jet Retro. Ce casque doit son nom \u00e0 son graphisme repr\u00e9sentant une \u00e9toile orange sur une base noire mate, qui rappelle clairement les mod\u00e8les Stars and Stripes des ann\u00e9es 1970. La simplicit\u00e9 de ce mod\u00e8le rend le casque jet Retro Super Star [&hellip;]<\/p>\n","protected":false},"featured_media":48614,"comment_status":"closed","ping_status":"closed","template":"","meta":{"_acf_changed":false},"product_brand":[],"product_cat":[120,456],"product_tag":[],"giftcard-category":[],"class_list":{"0":"post-21040","1":"product","2":"type-product","3":"status-publish","4":"has-post-thumbnail","6":"product_cat-casques-jet","7":"product_cat-casques-retro","9":"first","10":"instock","11":"taxable","12":"shipping-taxable","13":"purchasable","14":"product-type-variable"},"acf":[],"jetpack_sharing_enabled":true,"_links":{"self":[{"href":"https:\/\/dmd.eu\/fr\/wp-json\/wp\/v2\/product\/21040","targetHints":{"allow":["GET"]}}],"collection":[{"href":"https:\/\/dmd.eu\/fr\/wp-json\/wp\/v2\/product"}],"about":[{"href":"https:\/\/dmd.eu\/fr\/wp-json\/wp\/v2\/types\/product"}],"replies":[{"embeddable":true,"href":"https:\/\/dmd.eu\/fr\/wp-json\/wp\/v2\/comments?post=21040"}],"wp:featuredmedia":[{"embeddable":true,"href":"https:\/\/dmd.eu\/fr\/wp-json\/wp\/v2\/media\/48614"}],"wp:attachment":[{"href":"https:\/\/dmd.eu\/fr\/wp-json\/wp\/v2\/media?parent=21040"}],"wp:term":[{"taxonomy":"product_brand","embeddable":true,"href":"https:\/\/dmd.eu\/fr\/wp-json\/wp\/v2\/product_brand?post=21040"},{"taxonomy":"product_cat","embeddable":true,"href":"https:\/\/dmd.eu\/fr\/wp-json\/wp\/v2\/product_cat?post=21040"},{"taxonomy":"product_tag","embeddable":true,"href":"https:\/\/dmd.eu\/fr\/wp-json\/wp\/v2\/product_tag?post=21040"},{"taxonomy":"giftcard-category","embeddable":true,"href":"https:\/\/dmd.eu\/fr\/wp-json\/wp\/v2\/giftcard-category?post=21040"}],"curies":[{"name":"wp","href":"https:\/\/api.w.org\/{rel}","templated":true}]}}