{"id":20817,"date":"2024-04-29T15:16:36","date_gmt":"2024-04-29T13:16:36","guid":{"rendered":"https:\/\/www.dmd.eu\/?post_type=product&#038;p=20817"},"modified":"2025-12-02T00:13:57","modified_gmt":"2025-12-01T23:13:57","slug":"star-grey-retro","status":"publish","type":"product","link":"https:\/\/dmd.eu\/fr\/prodotto\/casques-jet\/casques-retro\/star-grey-retro\/","title":{"rendered":"STAR GREY"},"content":{"rendered":"<p>Le\u00a0<strong>casque jet Retro Star Grey <\/strong>porte le nom de sa couleur. Son graphisme simple, une \u00e9toile noire sur une base grise mate, rappelle les mod\u00e8les historiques\u00a0<em>Stars and Stripes<\/em>\u00a0des ann\u00e9es 1970. Ce casque aux lignes simples plaira au motard amateur de vintage, mais aussi au scoot\u00e9riste \u00e0 la recherche d&rsquo;un casque confortable, petit, s\u00fbr et original.<\/p>\n","protected":false},"excerpt":{"rendered":"<p>Le\u00a0casque jet Retro Star Grey porte le nom de sa couleur. Son graphisme simple, une \u00e9toile noire sur une base grise mate, rappelle les mod\u00e8les historiques\u00a0Stars and Stripes\u00a0des ann\u00e9es 1970. Ce casque aux lignes simples plaira au motard amateur de vintage, mais aussi au scoot\u00e9riste \u00e0 la recherche d&rsquo;un casque confortable, petit, s\u00fbr et original.<\/p>\n","protected":false},"featured_media":48568,"comment_status":"closed","ping_status":"closed","template":"","meta":{"_acf_changed":false},"product_brand":[],"product_cat":[120,456],"product_tag":[],"giftcard-category":[],"class_list":{"0":"post-20817","1":"product","2":"type-product","3":"status-publish","4":"has-post-thumbnail","6":"product_cat-casques-jet","7":"product_cat-casques-retro","9":"first","10":"instock","11":"taxable","12":"shipping-taxable","13":"purchasable","14":"product-type-variable"},"acf":[],"jetpack_sharing_enabled":true,"_links":{"self":[{"href":"https:\/\/dmd.eu\/fr\/wp-json\/wp\/v2\/product\/20817","targetHints":{"allow":["GET"]}}],"collection":[{"href":"https:\/\/dmd.eu\/fr\/wp-json\/wp\/v2\/product"}],"about":[{"href":"https:\/\/dmd.eu\/fr\/wp-json\/wp\/v2\/types\/product"}],"replies":[{"embeddable":true,"href":"https:\/\/dmd.eu\/fr\/wp-json\/wp\/v2\/comments?post=20817"}],"wp:featuredmedia":[{"embeddable":true,"href":"https:\/\/dmd.eu\/fr\/wp-json\/wp\/v2\/media\/48568"}],"wp:attachment":[{"href":"https:\/\/dmd.eu\/fr\/wp-json\/wp\/v2\/media?parent=20817"}],"wp:term":[{"taxonomy":"product_brand","embeddable":true,"href":"https:\/\/dmd.eu\/fr\/wp-json\/wp\/v2\/product_brand?post=20817"},{"taxonomy":"product_cat","embeddable":true,"href":"https:\/\/dmd.eu\/fr\/wp-json\/wp\/v2\/product_cat?post=20817"},{"taxonomy":"product_tag","embeddable":true,"href":"https:\/\/dmd.eu\/fr\/wp-json\/wp\/v2\/product_tag?post=20817"},{"taxonomy":"giftcard-category","embeddable":true,"href":"https:\/\/dmd.eu\/fr\/wp-json\/wp\/v2\/giftcard-category?post=20817"}],"curies":[{"name":"wp","href":"https:\/\/api.w.org\/{rel}","templated":true}]}}