{"id":20501,"date":"2024-04-29T09:42:18","date_gmt":"2024-04-29T07:42:18","guid":{"rendered":"https:\/\/www.dmd.eu\/?post_type=product&#038;p=20501"},"modified":"2025-12-02T00:13:57","modified_gmt":"2025-12-01T23:13:57","slug":"star-white-retro","status":"publish","type":"product","link":"https:\/\/dmd.eu\/fr\/prodotto\/casques-jet\/casques-retro\/star-white-retro\/","title":{"rendered":"STAR WHITE"},"content":{"rendered":"<p>Le\u00a0<strong>casque jet Retro Star White<\/strong>\u00a0est le seul mod\u00e8le de la famille \u00ab\u00a0Star\u00a0\u00bb avec une finition brillante. La base blanche brillante est orn\u00e9e d&rsquo;une \u00e9toile noire avec un effet paillet\u00e9. Son graphisme simple rappelle les mod\u00e8les historiques\u00a0<em>Stars and Stripes<\/em>\u00a0des ann\u00e9es 1970. Ce casque aux lignes simples plaira au motard amateur de vintage, mais aussi au scoot\u00e9riste \u00e0 la recherche d&rsquo;un casque confortable, petit, s\u00fbr et original.<\/p>\n","protected":false},"excerpt":{"rendered":"<p>Le\u00a0casque jet Retro Star White\u00a0est le seul mod\u00e8le de la famille \u00ab\u00a0Star\u00a0\u00bb avec une finition brillante. La base blanche brillante est orn\u00e9e d&rsquo;une \u00e9toile noire avec un effet paillet\u00e9. Son graphisme simple rappelle les mod\u00e8les historiques\u00a0Stars and Stripes\u00a0des ann\u00e9es 1970. Ce casque aux lignes simples plaira au motard amateur de vintage, mais aussi au scoot\u00e9riste [&hellip;]<\/p>\n","protected":false},"featured_media":48594,"comment_status":"closed","ping_status":"closed","template":"","meta":{"_acf_changed":false},"product_brand":[],"product_cat":[120,456],"product_tag":[],"giftcard-category":[],"class_list":{"0":"post-20501","1":"product","2":"type-product","3":"status-publish","4":"has-post-thumbnail","6":"product_cat-casques-jet","7":"product_cat-casques-retro","9":"first","10":"instock","11":"taxable","12":"shipping-taxable","13":"purchasable","14":"product-type-variable"},"acf":[],"jetpack_sharing_enabled":true,"_links":{"self":[{"href":"https:\/\/dmd.eu\/fr\/wp-json\/wp\/v2\/product\/20501","targetHints":{"allow":["GET"]}}],"collection":[{"href":"https:\/\/dmd.eu\/fr\/wp-json\/wp\/v2\/product"}],"about":[{"href":"https:\/\/dmd.eu\/fr\/wp-json\/wp\/v2\/types\/product"}],"replies":[{"embeddable":true,"href":"https:\/\/dmd.eu\/fr\/wp-json\/wp\/v2\/comments?post=20501"}],"wp:featuredmedia":[{"embeddable":true,"href":"https:\/\/dmd.eu\/fr\/wp-json\/wp\/v2\/media\/48594"}],"wp:attachment":[{"href":"https:\/\/dmd.eu\/fr\/wp-json\/wp\/v2\/media?parent=20501"}],"wp:term":[{"taxonomy":"product_brand","embeddable":true,"href":"https:\/\/dmd.eu\/fr\/wp-json\/wp\/v2\/product_brand?post=20501"},{"taxonomy":"product_cat","embeddable":true,"href":"https:\/\/dmd.eu\/fr\/wp-json\/wp\/v2\/product_cat?post=20501"},{"taxonomy":"product_tag","embeddable":true,"href":"https:\/\/dmd.eu\/fr\/wp-json\/wp\/v2\/product_tag?post=20501"},{"taxonomy":"giftcard-category","embeddable":true,"href":"https:\/\/dmd.eu\/fr\/wp-json\/wp\/v2\/giftcard-category?post=20501"}],"curies":[{"name":"wp","href":"https:\/\/api.w.org\/{rel}","templated":true}]}}