{"id":20446,"date":"2024-04-29T09:28:24","date_gmt":"2024-04-29T07:28:24","guid":{"rendered":"https:\/\/www.dmd.eu\/?post_type=product&#038;p=20446"},"modified":"2025-12-02T00:13:58","modified_gmt":"2025-12-01T23:13:58","slug":"curve-retro","status":"publish","type":"product","link":"https:\/\/dmd.eu\/fr\/prodotto\/casques-jet\/casques-retro\/curve-retro\/","title":{"rendered":"CURVE"},"content":{"rendered":"<p>Le\u00a0<strong>casque jet Retro Curve<\/strong>\u00a0pr\u00e9sente une base grise brillante avec des lignes de couleur typiques des l\u00e9gendaires ann\u00e9es 1980. Sur votre moto Custom, Vintage, Cafe racer, Harley Davidson, Triumph, BMW, Honda, Guzzi, Indian, vivez votre journ\u00e9e avec \u00e9nergie en sortant de la monotonie sans prendre de risques.<\/p>\n","protected":false},"excerpt":{"rendered":"<p>Le\u00a0casque jet Retro Curve\u00a0pr\u00e9sente une base grise brillante avec des lignes de couleur typiques des l\u00e9gendaires ann\u00e9es 1980. Sur votre moto Custom, Vintage, Cafe racer, Harley Davidson, Triumph, BMW, Honda, Guzzi, Indian, vivez votre journ\u00e9e avec \u00e9nergie en sortant de la monotonie sans prendre de risques.<\/p>\n","protected":false},"featured_media":49061,"comment_status":"closed","ping_status":"closed","template":"","meta":{"_acf_changed":false},"product_brand":[],"product_cat":[120,456],"product_tag":[],"giftcard-category":[],"class_list":{"0":"post-20446","1":"product","2":"type-product","3":"status-publish","4":"has-post-thumbnail","6":"product_cat-casques-jet","7":"product_cat-casques-retro","9":"first","10":"instock","11":"taxable","12":"shipping-taxable","13":"purchasable","14":"product-type-variable"},"acf":[],"jetpack_sharing_enabled":true,"_links":{"self":[{"href":"https:\/\/dmd.eu\/fr\/wp-json\/wp\/v2\/product\/20446","targetHints":{"allow":["GET"]}}],"collection":[{"href":"https:\/\/dmd.eu\/fr\/wp-json\/wp\/v2\/product"}],"about":[{"href":"https:\/\/dmd.eu\/fr\/wp-json\/wp\/v2\/types\/product"}],"replies":[{"embeddable":true,"href":"https:\/\/dmd.eu\/fr\/wp-json\/wp\/v2\/comments?post=20446"}],"wp:featuredmedia":[{"embeddable":true,"href":"https:\/\/dmd.eu\/fr\/wp-json\/wp\/v2\/media\/49061"}],"wp:attachment":[{"href":"https:\/\/dmd.eu\/fr\/wp-json\/wp\/v2\/media?parent=20446"}],"wp:term":[{"taxonomy":"product_brand","embeddable":true,"href":"https:\/\/dmd.eu\/fr\/wp-json\/wp\/v2\/product_brand?post=20446"},{"taxonomy":"product_cat","embeddable":true,"href":"https:\/\/dmd.eu\/fr\/wp-json\/wp\/v2\/product_cat?post=20446"},{"taxonomy":"product_tag","embeddable":true,"href":"https:\/\/dmd.eu\/fr\/wp-json\/wp\/v2\/product_tag?post=20446"},{"taxonomy":"giftcard-category","embeddable":true,"href":"https:\/\/dmd.eu\/fr\/wp-json\/wp\/v2\/giftcard-category?post=20446"}],"curies":[{"name":"wp","href":"https:\/\/api.w.org\/{rel}","templated":true}]}}