{"id":20311,"date":"2024-04-26T17:26:24","date_gmt":"2024-04-26T15:26:24","guid":{"rendered":"https:\/\/www.dmd.eu\/?post_type=product&#038;p=20311"},"modified":"2025-12-02T00:13:58","modified_gmt":"2025-12-01T23:13:58","slug":"sunset-matt-black-retro","status":"publish","type":"product","link":"https:\/\/dmd.eu\/fr\/prodotto\/casques-jet\/casques-retro\/sunset-matt-black-retro\/","title":{"rendered":"SUNSET MATT BLACK"},"content":{"rendered":"<p>Le\u00a0<strong>casque jet Retro Sunset<\/strong> <strong>Matt Black <\/strong>est un vintage avec des graphismes simples mais impressionnants. La couleur de base noir brillant pr\u00e9sente des d\u00e9corations orange et or. L\u2019ajustement est confortable et r\u00e9pond \u00e0 toutes les exigences de s\u00e9curit\u00e9 modernes. Id\u00e9al pour ceux qui aiment les lignes simples et un design essentiel.<\/p>\n","protected":false},"excerpt":{"rendered":"<p>Le\u00a0casque jet Retro Sunset Matt Black est un vintage avec des graphismes simples mais impressionnants. La couleur de base noir brillant pr\u00e9sente des d\u00e9corations orange et or. L\u2019ajustement est confortable et r\u00e9pond \u00e0 toutes les exigences de s\u00e9curit\u00e9 modernes. Id\u00e9al pour ceux qui aiment les lignes simples et un design essentiel.<\/p>\n","protected":false},"featured_media":50972,"comment_status":"closed","ping_status":"closed","template":"","meta":{"_acf_changed":false},"product_brand":[],"product_cat":[120,456],"product_tag":[],"giftcard-category":[],"class_list":{"0":"post-20311","1":"product","2":"type-product","3":"status-publish","4":"has-post-thumbnail","6":"product_cat-casques-jet","7":"product_cat-casques-retro","9":"first","10":"instock","11":"taxable","12":"shipping-taxable","13":"purchasable","14":"product-type-variable"},"acf":[],"jetpack_sharing_enabled":true,"_links":{"self":[{"href":"https:\/\/dmd.eu\/fr\/wp-json\/wp\/v2\/product\/20311","targetHints":{"allow":["GET"]}}],"collection":[{"href":"https:\/\/dmd.eu\/fr\/wp-json\/wp\/v2\/product"}],"about":[{"href":"https:\/\/dmd.eu\/fr\/wp-json\/wp\/v2\/types\/product"}],"replies":[{"embeddable":true,"href":"https:\/\/dmd.eu\/fr\/wp-json\/wp\/v2\/comments?post=20311"}],"wp:featuredmedia":[{"embeddable":true,"href":"https:\/\/dmd.eu\/fr\/wp-json\/wp\/v2\/media\/50972"}],"wp:attachment":[{"href":"https:\/\/dmd.eu\/fr\/wp-json\/wp\/v2\/media?parent=20311"}],"wp:term":[{"taxonomy":"product_brand","embeddable":true,"href":"https:\/\/dmd.eu\/fr\/wp-json\/wp\/v2\/product_brand?post=20311"},{"taxonomy":"product_cat","embeddable":true,"href":"https:\/\/dmd.eu\/fr\/wp-json\/wp\/v2\/product_cat?post=20311"},{"taxonomy":"product_tag","embeddable":true,"href":"https:\/\/dmd.eu\/fr\/wp-json\/wp\/v2\/product_tag?post=20311"},{"taxonomy":"giftcard-category","embeddable":true,"href":"https:\/\/dmd.eu\/fr\/wp-json\/wp\/v2\/giftcard-category?post=20311"}],"curies":[{"name":"wp","href":"https:\/\/api.w.org\/{rel}","templated":true}]}}