{"id":20256,"date":"2024-04-26T17:15:04","date_gmt":"2024-04-26T15:15:04","guid":{"rendered":"https:\/\/www.dmd.eu\/?post_type=product&#038;p=20256"},"modified":"2025-12-02T00:13:58","modified_gmt":"2025-12-01T23:13:58","slug":"goodwood-retro","status":"publish","type":"product","link":"https:\/\/dmd.eu\/fr\/prodotto\/casques-jet\/casques-retro\/goodwood-retro\/","title":{"rendered":"GOODWOOD"},"content":{"rendered":"<p>Le\u00a0<strong>casque jet Retro Goodwood <\/strong>fait partie de la collection de casques DMD jet Retro. Avec une base blanche brillante, il se distingue par l&rsquo;ajout d&rsquo;une bande de couleur vert fonc\u00e9 qui traverse les c\u00f4t\u00e9s. Le casque jet Retro Goodwood c\u00e9l\u00e8bre la vitesse et le style r\u00e9tro, c&rsquo;est pourquoi il est parfait pour conduire diff\u00e9rents styles de motos, y compris Custom, Vintage, Caf\u00e9 Racer ou scooters.<\/p>\n","protected":false},"excerpt":{"rendered":"<p>Le\u00a0casque jet Retro Goodwood fait partie de la collection de casques DMD jet Retro. Avec une base blanche brillante, il se distingue par l&rsquo;ajout d&rsquo;une bande de couleur vert fonc\u00e9 qui traverse les c\u00f4t\u00e9s. Le casque jet Retro Goodwood c\u00e9l\u00e8bre la vitesse et le style r\u00e9tro, c&rsquo;est pourquoi il est parfait pour conduire diff\u00e9rents styles [&hellip;]<\/p>\n","protected":false},"featured_media":41359,"comment_status":"closed","ping_status":"closed","template":"","meta":{"_acf_changed":false},"product_brand":[],"product_cat":[120,456],"product_tag":[],"giftcard-category":[],"class_list":{"0":"post-20256","1":"product","2":"type-product","3":"status-publish","4":"has-post-thumbnail","6":"product_cat-casques-jet","7":"product_cat-casques-retro","9":"first","10":"instock","11":"taxable","12":"shipping-taxable","13":"purchasable","14":"product-type-variable"},"acf":[],"jetpack_sharing_enabled":true,"_links":{"self":[{"href":"https:\/\/dmd.eu\/fr\/wp-json\/wp\/v2\/product\/20256","targetHints":{"allow":["GET"]}}],"collection":[{"href":"https:\/\/dmd.eu\/fr\/wp-json\/wp\/v2\/product"}],"about":[{"href":"https:\/\/dmd.eu\/fr\/wp-json\/wp\/v2\/types\/product"}],"replies":[{"embeddable":true,"href":"https:\/\/dmd.eu\/fr\/wp-json\/wp\/v2\/comments?post=20256"}],"wp:featuredmedia":[{"embeddable":true,"href":"https:\/\/dmd.eu\/fr\/wp-json\/wp\/v2\/media\/41359"}],"wp:attachment":[{"href":"https:\/\/dmd.eu\/fr\/wp-json\/wp\/v2\/media?parent=20256"}],"wp:term":[{"taxonomy":"product_brand","embeddable":true,"href":"https:\/\/dmd.eu\/fr\/wp-json\/wp\/v2\/product_brand?post=20256"},{"taxonomy":"product_cat","embeddable":true,"href":"https:\/\/dmd.eu\/fr\/wp-json\/wp\/v2\/product_cat?post=20256"},{"taxonomy":"product_tag","embeddable":true,"href":"https:\/\/dmd.eu\/fr\/wp-json\/wp\/v2\/product_tag?post=20256"},{"taxonomy":"giftcard-category","embeddable":true,"href":"https:\/\/dmd.eu\/fr\/wp-json\/wp\/v2\/giftcard-category?post=20256"}],"curies":[{"name":"wp","href":"https:\/\/api.w.org\/{rel}","templated":true}]}}