{"id":20146,"date":"2024-04-26T17:00:09","date_gmt":"2024-04-26T15:00:09","guid":{"rendered":"https:\/\/www.dmd.eu\/?post_type=product&#038;p=20146"},"modified":"2025-12-02T00:13:59","modified_gmt":"2025-12-01T23:13:59","slug":"olympus-retro","status":"publish","type":"product","link":"https:\/\/dmd.eu\/fr\/prodotto\/casques-jet\/casques-retro\/olympus-retro\/","title":{"rendered":"OLYMPUS"},"content":{"rendered":"<p>Le\u00a0<strong>casque jet Retro Olympus<\/strong>, de couleur blanche brillante avec un simple motif d\u00e9coratif dans les tons bleus, est le produit id\u00e9al pour le motocycliste qui aime le style des ann\u00e9es 70, mais aussi pour le scoot\u00e9riste \u00e0 la recherche d&rsquo;un casque confortable, petit, s\u00fbr et original.<\/p>\n","protected":false},"excerpt":{"rendered":"<p>Le\u00a0casque jet Retro Olympus, de couleur blanche brillante avec un simple motif d\u00e9coratif dans les tons bleus, est le produit id\u00e9al pour le motocycliste qui aime le style des ann\u00e9es 70, mais aussi pour le scoot\u00e9riste \u00e0 la recherche d&rsquo;un casque confortable, petit, s\u00fbr et original.<\/p>\n","protected":false},"featured_media":45793,"comment_status":"closed","ping_status":"closed","template":"","meta":{"_acf_changed":false},"product_brand":[],"product_cat":[120,456],"product_tag":[],"giftcard-category":[],"class_list":{"0":"post-20146","1":"product","2":"type-product","3":"status-publish","4":"has-post-thumbnail","6":"product_cat-casques-jet","7":"product_cat-casques-retro","9":"first","10":"instock","11":"taxable","12":"shipping-taxable","13":"purchasable","14":"product-type-variable"},"acf":[],"jetpack_sharing_enabled":true,"_links":{"self":[{"href":"https:\/\/dmd.eu\/fr\/wp-json\/wp\/v2\/product\/20146","targetHints":{"allow":["GET"]}}],"collection":[{"href":"https:\/\/dmd.eu\/fr\/wp-json\/wp\/v2\/product"}],"about":[{"href":"https:\/\/dmd.eu\/fr\/wp-json\/wp\/v2\/types\/product"}],"replies":[{"embeddable":true,"href":"https:\/\/dmd.eu\/fr\/wp-json\/wp\/v2\/comments?post=20146"}],"wp:featuredmedia":[{"embeddable":true,"href":"https:\/\/dmd.eu\/fr\/wp-json\/wp\/v2\/media\/45793"}],"wp:attachment":[{"href":"https:\/\/dmd.eu\/fr\/wp-json\/wp\/v2\/media?parent=20146"}],"wp:term":[{"taxonomy":"product_brand","embeddable":true,"href":"https:\/\/dmd.eu\/fr\/wp-json\/wp\/v2\/product_brand?post=20146"},{"taxonomy":"product_cat","embeddable":true,"href":"https:\/\/dmd.eu\/fr\/wp-json\/wp\/v2\/product_cat?post=20146"},{"taxonomy":"product_tag","embeddable":true,"href":"https:\/\/dmd.eu\/fr\/wp-json\/wp\/v2\/product_tag?post=20146"},{"taxonomy":"giftcard-category","embeddable":true,"href":"https:\/\/dmd.eu\/fr\/wp-json\/wp\/v2\/giftcard-category?post=20146"}],"curies":[{"name":"wp","href":"https:\/\/api.w.org\/{rel}","templated":true}]}}