{"id":20091,"date":"2024-04-26T16:48:12","date_gmt":"2024-04-26T14:48:12","guid":{"rendered":"https:\/\/www.dmd.eu\/?post_type=product&#038;p=20091"},"modified":"2025-12-04T20:24:56","modified_gmt":"2025-12-04T19:24:56","slug":"glitter-pink-retro","status":"publish","type":"product","link":"https:\/\/dmd.eu\/fr\/prodotto\/casques-jet\/casques-retro\/glitter-pink-retro\/","title":{"rendered":"GLITTER PINK"},"content":{"rendered":"<p>Le\u00a0<strong>casque jet Retro Glitter Pink<\/strong> ajoute une touche d\u2019\u00e9clat \u00e0 la collection jet Retro.<br \/>\nCon\u00e7u surtout pour le monde f\u00e9minin, il est brillant, compact, s\u00fbr et confortable. La couleur monochrome rose, combin\u00e9e \u00e0 l\u2019effet paillet\u00e9, en fait un accessoire de mode au design recherch\u00e9.<\/p>\n","protected":false},"excerpt":{"rendered":"<p>Le\u00a0casque jet Retro Glitter Pink ajoute une touche d\u2019\u00e9clat \u00e0 la collection jet Retro. Con\u00e7u surtout pour le monde f\u00e9minin, il est brillant, compact, s\u00fbr et confortable. La couleur monochrome rose, combin\u00e9e \u00e0 l\u2019effet paillet\u00e9, en fait un accessoire de mode au design recherch\u00e9.<\/p>\n","protected":false},"featured_media":49016,"comment_status":"closed","ping_status":"closed","template":"","meta":{"_acf_changed":false},"product_brand":[],"product_cat":[120,456],"product_tag":[],"giftcard-category":[],"class_list":{"0":"post-20091","1":"product","2":"type-product","3":"status-publish","4":"has-post-thumbnail","6":"product_cat-casques-jet","7":"product_cat-casques-retro","9":"first","10":"instock","11":"taxable","12":"shipping-taxable","13":"purchasable","14":"product-type-variable"},"acf":[],"jetpack_sharing_enabled":true,"_links":{"self":[{"href":"https:\/\/dmd.eu\/fr\/wp-json\/wp\/v2\/product\/20091","targetHints":{"allow":["GET"]}}],"collection":[{"href":"https:\/\/dmd.eu\/fr\/wp-json\/wp\/v2\/product"}],"about":[{"href":"https:\/\/dmd.eu\/fr\/wp-json\/wp\/v2\/types\/product"}],"replies":[{"embeddable":true,"href":"https:\/\/dmd.eu\/fr\/wp-json\/wp\/v2\/comments?post=20091"}],"wp:featuredmedia":[{"embeddable":true,"href":"https:\/\/dmd.eu\/fr\/wp-json\/wp\/v2\/media\/49016"}],"wp:attachment":[{"href":"https:\/\/dmd.eu\/fr\/wp-json\/wp\/v2\/media?parent=20091"}],"wp:term":[{"taxonomy":"product_brand","embeddable":true,"href":"https:\/\/dmd.eu\/fr\/wp-json\/wp\/v2\/product_brand?post=20091"},{"taxonomy":"product_cat","embeddable":true,"href":"https:\/\/dmd.eu\/fr\/wp-json\/wp\/v2\/product_cat?post=20091"},{"taxonomy":"product_tag","embeddable":true,"href":"https:\/\/dmd.eu\/fr\/wp-json\/wp\/v2\/product_tag?post=20091"},{"taxonomy":"giftcard-category","embeddable":true,"href":"https:\/\/dmd.eu\/fr\/wp-json\/wp\/v2\/giftcard-category?post=20091"}],"curies":[{"name":"wp","href":"https:\/\/api.w.org\/{rel}","templated":true}]}}