{"id":20036,"date":"2024-04-26T15:06:41","date_gmt":"2024-04-26T13:06:41","guid":{"rendered":"https:\/\/www.dmd.eu\/?post_type=product&#038;p=20036"},"modified":"2025-12-02T00:14:00","modified_gmt":"2025-12-01T23:14:00","slug":"glitter-bronze-retro","status":"publish","type":"product","link":"https:\/\/dmd.eu\/fr\/prodotto\/casques-jet\/casques-retro\/glitter-bronze-retro\/","title":{"rendered":"GLITTER BRONZE"},"content":{"rendered":"<p>Le\u00a0<strong>casque jet Retro Glitter Bronze<\/strong> est brillant, compact, s\u00fbr et confortable. La couleur bronze combin\u00e9e \u00e0 l&rsquo;effet paillet\u00e9 en fait un accessoire parfait pour votre moto, quelle qu&rsquo;elle soit: Custom, Vintage ou Caf\u00e9 racer.<\/p>\n","protected":false},"excerpt":{"rendered":"<p>Le\u00a0casque jet Retro Glitter Bronze est brillant, compact, s\u00fbr et confortable. La couleur bronze combin\u00e9e \u00e0 l&rsquo;effet paillet\u00e9 en fait un accessoire parfait pour votre moto, quelle qu&rsquo;elle soit: Custom, Vintage ou Caf\u00e9 racer.<\/p>\n","protected":false},"featured_media":49036,"comment_status":"closed","ping_status":"closed","template":"","meta":{"_acf_changed":false},"product_brand":[],"product_cat":[120,456],"product_tag":[],"giftcard-category":[],"class_list":{"0":"post-20036","1":"product","2":"type-product","3":"status-publish","4":"has-post-thumbnail","6":"product_cat-casques-jet","7":"product_cat-casques-retro","9":"first","10":"instock","11":"taxable","12":"shipping-taxable","13":"purchasable","14":"product-type-variable"},"acf":[],"jetpack_sharing_enabled":true,"_links":{"self":[{"href":"https:\/\/dmd.eu\/fr\/wp-json\/wp\/v2\/product\/20036","targetHints":{"allow":["GET"]}}],"collection":[{"href":"https:\/\/dmd.eu\/fr\/wp-json\/wp\/v2\/product"}],"about":[{"href":"https:\/\/dmd.eu\/fr\/wp-json\/wp\/v2\/types\/product"}],"replies":[{"embeddable":true,"href":"https:\/\/dmd.eu\/fr\/wp-json\/wp\/v2\/comments?post=20036"}],"wp:featuredmedia":[{"embeddable":true,"href":"https:\/\/dmd.eu\/fr\/wp-json\/wp\/v2\/media\/49036"}],"wp:attachment":[{"href":"https:\/\/dmd.eu\/fr\/wp-json\/wp\/v2\/media?parent=20036"}],"wp:term":[{"taxonomy":"product_brand","embeddable":true,"href":"https:\/\/dmd.eu\/fr\/wp-json\/wp\/v2\/product_brand?post=20036"},{"taxonomy":"product_cat","embeddable":true,"href":"https:\/\/dmd.eu\/fr\/wp-json\/wp\/v2\/product_cat?post=20036"},{"taxonomy":"product_tag","embeddable":true,"href":"https:\/\/dmd.eu\/fr\/wp-json\/wp\/v2\/product_tag?post=20036"},{"taxonomy":"giftcard-category","embeddable":true,"href":"https:\/\/dmd.eu\/fr\/wp-json\/wp\/v2\/giftcard-category?post=20036"}],"curies":[{"name":"wp","href":"https:\/\/api.w.org\/{rel}","templated":true}]}}