{"id":19541,"date":"2024-04-26T10:52:42","date_gmt":"2024-04-26T08:52:42","guid":{"rendered":"https:\/\/www.dmd.eu\/?post_type=product&#038;p=19541"},"modified":"2026-04-18T12:29:01","modified_gmt":"2026-04-18T10:29:01","slug":"solid-white-retro","status":"publish","type":"product","link":"https:\/\/dmd.eu\/fr\/prodotto\/casques-jet\/casques-retro\/solid-white-retro\/","title":{"rendered":"SOLID WHITE"},"content":{"rendered":"<p>Le\u00a0<strong>casque jet Retro Solid White<\/strong> est s\u00fbr, confortable et compact; id\u00e9al pour ceux qui aiment l&rsquo;\u00e9l\u00e9gance simple et essentielle, m\u00eame lorsqu&rsquo;ils conduisent une moto. Sa neutralit\u00e9 et sa couleur blanche brillante le rendent compatible avec tous les types de motos Custom, Vintage, Caf\u00e9 racer, Harley Davidson, Triumph, BMW, Honda, Guzzi, Indian, Vespa ou Scooter.<\/p>\n","protected":false},"excerpt":{"rendered":"<p>Le\u00a0casque jet Retro Solid White est s\u00fbr, confortable et compact; id\u00e9al pour ceux qui aiment l&rsquo;\u00e9l\u00e9gance simple et essentielle, m\u00eame lorsqu&rsquo;ils conduisent une moto. Sa neutralit\u00e9 et sa couleur blanche brillante le rendent compatible avec tous les types de motos Custom, Vintage, Caf\u00e9 racer, Harley Davidson, Triumph, BMW, Honda, Guzzi, Indian, Vespa ou Scooter.<\/p>\n","protected":false},"featured_media":42310,"comment_status":"closed","ping_status":"closed","template":"","meta":{"_acf_changed":false},"product_brand":[],"product_cat":[120,456],"product_tag":[],"giftcard-category":[],"class_list":{"0":"post-19541","1":"product","2":"type-product","3":"status-publish","4":"has-post-thumbnail","6":"product_cat-casques-jet","7":"product_cat-casques-retro","9":"first","10":"instock","11":"taxable","12":"shipping-taxable","13":"purchasable","14":"product-type-variable"},"acf":[],"jetpack_sharing_enabled":true,"_links":{"self":[{"href":"https:\/\/dmd.eu\/fr\/wp-json\/wp\/v2\/product\/19541","targetHints":{"allow":["GET"]}}],"collection":[{"href":"https:\/\/dmd.eu\/fr\/wp-json\/wp\/v2\/product"}],"about":[{"href":"https:\/\/dmd.eu\/fr\/wp-json\/wp\/v2\/types\/product"}],"replies":[{"embeddable":true,"href":"https:\/\/dmd.eu\/fr\/wp-json\/wp\/v2\/comments?post=19541"}],"wp:featuredmedia":[{"embeddable":true,"href":"https:\/\/dmd.eu\/fr\/wp-json\/wp\/v2\/media\/42310"}],"wp:attachment":[{"href":"https:\/\/dmd.eu\/fr\/wp-json\/wp\/v2\/media?parent=19541"}],"wp:term":[{"taxonomy":"product_brand","embeddable":true,"href":"https:\/\/dmd.eu\/fr\/wp-json\/wp\/v2\/product_brand?post=19541"},{"taxonomy":"product_cat","embeddable":true,"href":"https:\/\/dmd.eu\/fr\/wp-json\/wp\/v2\/product_cat?post=19541"},{"taxonomy":"product_tag","embeddable":true,"href":"https:\/\/dmd.eu\/fr\/wp-json\/wp\/v2\/product_tag?post=19541"},{"taxonomy":"giftcard-category","embeddable":true,"href":"https:\/\/dmd.eu\/fr\/wp-json\/wp\/v2\/giftcard-category?post=19541"}],"curies":[{"name":"wp","href":"https:\/\/api.w.org\/{rel}","templated":true}]}}