{"id":19482,"date":"2024-04-23T17:03:43","date_gmt":"2024-04-23T15:03:43","guid":{"rendered":"https:\/\/www.dmd.eu\/?post_type=product&#038;p=19482"},"modified":"2026-04-12T20:09:01","modified_gmt":"2026-04-12T18:09:01","slug":"solid-black-retro","status":"publish","type":"product","link":"https:\/\/dmd.eu\/fr\/prodotto\/casques-jet\/casques-retro\/solid-black-retro\/","title":{"rendered":"SOLID BLACK"},"content":{"rendered":"<p>Le\u00a0<strong>casque jet Retro Solid Black <\/strong>est s\u00fbr, confortable et compact; id\u00e9al pour ceux qui aiment l&rsquo;\u00e9l\u00e9gance simple et essentielle, m\u00eame lorsqu&rsquo;ils conduisent une moto. Sa neutralit\u00e9 et sa couleur noire brillante le rendent compatible avec tous les types de motos Custom, Vintage, Caf\u00e9 racer, Harley Davidson, Triumph, BMW, Honda, Guzzi, Indian, Vespa ou Scooter.<\/p>\n","protected":false},"excerpt":{"rendered":"<p>Le\u00a0casque jet Retro Solid Black est s\u00fbr, confortable et compact; id\u00e9al pour ceux qui aiment l&rsquo;\u00e9l\u00e9gance simple et essentielle, m\u00eame lorsqu&rsquo;ils conduisent une moto. Sa neutralit\u00e9 et sa couleur noire brillante le rendent compatible avec tous les types de motos Custom, Vintage, Caf\u00e9 racer, Harley Davidson, Triumph, BMW, Honda, Guzzi, Indian, Vespa ou Scooter.<\/p>\n","protected":false},"featured_media":41066,"comment_status":"closed","ping_status":"closed","template":"","meta":{"_acf_changed":false},"product_brand":[],"product_cat":[120,456],"product_tag":[],"giftcard-category":[],"class_list":{"0":"post-19482","1":"product","2":"type-product","3":"status-publish","4":"has-post-thumbnail","6":"product_cat-casques-jet","7":"product_cat-casques-retro","9":"first","10":"instock","11":"taxable","12":"shipping-taxable","13":"purchasable","14":"product-type-variable"},"acf":[],"jetpack_sharing_enabled":true,"_links":{"self":[{"href":"https:\/\/dmd.eu\/fr\/wp-json\/wp\/v2\/product\/19482","targetHints":{"allow":["GET"]}}],"collection":[{"href":"https:\/\/dmd.eu\/fr\/wp-json\/wp\/v2\/product"}],"about":[{"href":"https:\/\/dmd.eu\/fr\/wp-json\/wp\/v2\/types\/product"}],"replies":[{"embeddable":true,"href":"https:\/\/dmd.eu\/fr\/wp-json\/wp\/v2\/comments?post=19482"}],"wp:featuredmedia":[{"embeddable":true,"href":"https:\/\/dmd.eu\/fr\/wp-json\/wp\/v2\/media\/41066"}],"wp:attachment":[{"href":"https:\/\/dmd.eu\/fr\/wp-json\/wp\/v2\/media?parent=19482"}],"wp:term":[{"taxonomy":"product_brand","embeddable":true,"href":"https:\/\/dmd.eu\/fr\/wp-json\/wp\/v2\/product_brand?post=19482"},{"taxonomy":"product_cat","embeddable":true,"href":"https:\/\/dmd.eu\/fr\/wp-json\/wp\/v2\/product_cat?post=19482"},{"taxonomy":"product_tag","embeddable":true,"href":"https:\/\/dmd.eu\/fr\/wp-json\/wp\/v2\/product_tag?post=19482"},{"taxonomy":"giftcard-category","embeddable":true,"href":"https:\/\/dmd.eu\/fr\/wp-json\/wp\/v2\/giftcard-category?post=19482"}],"curies":[{"name":"wp","href":"https:\/\/api.w.org\/{rel}","templated":true}]}}