{"id":19427,"date":"2024-04-23T16:55:49","date_gmt":"2024-04-23T14:55:49","guid":{"rendered":"https:\/\/www.dmd.eu\/?post_type=product&#038;p=19427"},"modified":"2025-12-02T00:14:03","modified_gmt":"2025-12-01T23:14:03","slug":"crayon-grey-retro","status":"publish","type":"product","link":"https:\/\/dmd.eu\/fr\/prodotto\/casques-jet\/casques-retro\/crayon-grey-retro\/","title":{"rendered":"CRAYON GREY"},"content":{"rendered":"<p>Le\u00a0<strong>casque jet Retro Crayon Grey<\/strong>\u00a0est r\u00e9alis\u00e9 en gris avec une finition brillante. La simplicit\u00e9 de ce mod\u00e8le en fait un accessoire parfait pour votre moto, qu&rsquo;elle soit Custom, Vintage ou Caf\u00e9 Racer.<\/p>\n","protected":false},"excerpt":{"rendered":"<p>Le\u00a0casque jet Retro Crayon Grey\u00a0est r\u00e9alis\u00e9 en gris avec une finition brillante. La simplicit\u00e9 de ce mod\u00e8le en fait un accessoire parfait pour votre moto, qu&rsquo;elle soit Custom, Vintage ou Caf\u00e9 Racer.<\/p>\n","protected":false},"featured_media":42272,"comment_status":"closed","ping_status":"closed","template":"","meta":{"_acf_changed":false},"product_brand":[],"product_cat":[120,456],"product_tag":[],"giftcard-category":[],"class_list":{"0":"post-19427","1":"product","2":"type-product","3":"status-publish","4":"has-post-thumbnail","6":"product_cat-casques-jet","7":"product_cat-casques-retro","9":"first","10":"instock","11":"taxable","12":"shipping-taxable","13":"purchasable","14":"product-type-variable"},"acf":[],"jetpack_sharing_enabled":true,"_links":{"self":[{"href":"https:\/\/dmd.eu\/fr\/wp-json\/wp\/v2\/product\/19427","targetHints":{"allow":["GET"]}}],"collection":[{"href":"https:\/\/dmd.eu\/fr\/wp-json\/wp\/v2\/product"}],"about":[{"href":"https:\/\/dmd.eu\/fr\/wp-json\/wp\/v2\/types\/product"}],"replies":[{"embeddable":true,"href":"https:\/\/dmd.eu\/fr\/wp-json\/wp\/v2\/comments?post=19427"}],"wp:featuredmedia":[{"embeddable":true,"href":"https:\/\/dmd.eu\/fr\/wp-json\/wp\/v2\/media\/42272"}],"wp:attachment":[{"href":"https:\/\/dmd.eu\/fr\/wp-json\/wp\/v2\/media?parent=19427"}],"wp:term":[{"taxonomy":"product_brand","embeddable":true,"href":"https:\/\/dmd.eu\/fr\/wp-json\/wp\/v2\/product_brand?post=19427"},{"taxonomy":"product_cat","embeddable":true,"href":"https:\/\/dmd.eu\/fr\/wp-json\/wp\/v2\/product_cat?post=19427"},{"taxonomy":"product_tag","embeddable":true,"href":"https:\/\/dmd.eu\/fr\/wp-json\/wp\/v2\/product_tag?post=19427"},{"taxonomy":"giftcard-category","embeddable":true,"href":"https:\/\/dmd.eu\/fr\/wp-json\/wp\/v2\/giftcard-category?post=19427"}],"curies":[{"name":"wp","href":"https:\/\/api.w.org\/{rel}","templated":true}]}}