{"id":19372,"date":"2024-04-23T16:47:40","date_gmt":"2024-04-23T14:47:40","guid":{"rendered":"https:\/\/www.dmd.eu\/?post_type=product&#038;p=19372"},"modified":"2025-12-02T00:14:04","modified_gmt":"2025-12-01T23:14:04","slug":"light-blue-retro","status":"publish","type":"product","link":"https:\/\/dmd.eu\/fr\/prodotto\/casques-jet\/casques-retro\/light-blue-retro\/","title":{"rendered":"LIGHT BLUE"},"content":{"rendered":"<p>Le <strong>casque jet Retro Light Blue<\/strong> fait partie \u00a0de la collection DMD jet Retro monochrome. Sa teinte bleu clair rappelle la couleur du ciel par temps clair. Id\u00e9al pour tous les motocyclistes et scoot\u00e9ristes \u00e0 la recherche d&rsquo;un casque au style \u00e9pur\u00e9 et ind\u00e9modable, le casque jet Retro Light Blue s&rsquo;adapte facilement \u00e0 tous les styles de moto, qu&rsquo;il s&rsquo;agisse d&rsquo;une moto Custom, Vintage ou Caf\u00e9 Racer.<\/p>\n","protected":false},"excerpt":{"rendered":"<p>Le casque jet Retro Light Blue fait partie \u00a0de la collection DMD jet Retro monochrome. Sa teinte bleu clair rappelle la couleur du ciel par temps clair. Id\u00e9al pour tous les motocyclistes et scoot\u00e9ristes \u00e0 la recherche d&rsquo;un casque au style \u00e9pur\u00e9 et ind\u00e9modable, le casque jet Retro Light Blue s&rsquo;adapte facilement \u00e0 tous les [&hellip;]<\/p>\n","protected":false},"featured_media":42242,"comment_status":"closed","ping_status":"closed","template":"","meta":{"_acf_changed":false},"product_brand":[],"product_cat":[120,456],"product_tag":[],"giftcard-category":[],"class_list":{"0":"post-19372","1":"product","2":"type-product","3":"status-publish","4":"has-post-thumbnail","6":"product_cat-casques-jet","7":"product_cat-casques-retro","9":"first","10":"instock","11":"taxable","12":"shipping-taxable","13":"purchasable","14":"product-type-variable"},"acf":[],"jetpack_sharing_enabled":true,"_links":{"self":[{"href":"https:\/\/dmd.eu\/fr\/wp-json\/wp\/v2\/product\/19372","targetHints":{"allow":["GET"]}}],"collection":[{"href":"https:\/\/dmd.eu\/fr\/wp-json\/wp\/v2\/product"}],"about":[{"href":"https:\/\/dmd.eu\/fr\/wp-json\/wp\/v2\/types\/product"}],"replies":[{"embeddable":true,"href":"https:\/\/dmd.eu\/fr\/wp-json\/wp\/v2\/comments?post=19372"}],"wp:featuredmedia":[{"embeddable":true,"href":"https:\/\/dmd.eu\/fr\/wp-json\/wp\/v2\/media\/42242"}],"wp:attachment":[{"href":"https:\/\/dmd.eu\/fr\/wp-json\/wp\/v2\/media?parent=19372"}],"wp:term":[{"taxonomy":"product_brand","embeddable":true,"href":"https:\/\/dmd.eu\/fr\/wp-json\/wp\/v2\/product_brand?post=19372"},{"taxonomy":"product_cat","embeddable":true,"href":"https:\/\/dmd.eu\/fr\/wp-json\/wp\/v2\/product_cat?post=19372"},{"taxonomy":"product_tag","embeddable":true,"href":"https:\/\/dmd.eu\/fr\/wp-json\/wp\/v2\/product_tag?post=19372"},{"taxonomy":"giftcard-category","embeddable":true,"href":"https:\/\/dmd.eu\/fr\/wp-json\/wp\/v2\/giftcard-category?post=19372"}],"curies":[{"name":"wp","href":"https:\/\/api.w.org\/{rel}","templated":true}]}}