{"id":19262,"date":"2024-04-23T16:28:44","date_gmt":"2024-04-23T14:28:44","guid":{"rendered":"https:\/\/www.dmd.eu\/?post_type=product&#038;p=19262"},"modified":"2025-12-02T00:14:05","modified_gmt":"2025-12-01T23:14:05","slug":"orange-retro","status":"publish","type":"product","link":"https:\/\/dmd.eu\/fr\/prodotto\/casques-jet\/casques-retro\/orange-retro\/","title":{"rendered":"ORANGE"},"content":{"rendered":"<p>Le\u00a0<strong>casque jet Retro Orange<\/strong> fait partie de la collection de casques DMD jet Retro. Bien qu&rsquo;il soit monochrome, c&rsquo;est un casque qui attire l&rsquo;attention gr\u00e2ce \u00e0 sa couleur orange vif.<br \/>\nPour tous les motards qui veulent se d\u00e9marquer sur leur moto, le casque jet Retro Orange se combine parfaitement avec les motos Custom, Vintage, Caf\u00e9 Racer ou les scooters.<\/p>\n","protected":false},"excerpt":{"rendered":"<p>Le\u00a0casque jet Retro Orange fait partie de la collection de casques DMD jet Retro. Bien qu&rsquo;il soit monochrome, c&rsquo;est un casque qui attire l&rsquo;attention gr\u00e2ce \u00e0 sa couleur orange vif. Pour tous les motards qui veulent se d\u00e9marquer sur leur moto, le casque jet Retro Orange se combine parfaitement avec les motos Custom, Vintage, Caf\u00e9 [&hellip;]<\/p>\n","protected":false},"featured_media":42202,"comment_status":"closed","ping_status":"closed","template":"","meta":{"_acf_changed":false},"product_brand":[],"product_cat":[120,456],"product_tag":[],"giftcard-category":[],"class_list":{"0":"post-19262","1":"product","2":"type-product","3":"status-publish","4":"has-post-thumbnail","6":"product_cat-casques-jet","7":"product_cat-casques-retro","9":"first","10":"instock","11":"taxable","12":"shipping-taxable","13":"purchasable","14":"product-type-variable"},"acf":[],"jetpack_sharing_enabled":true,"_links":{"self":[{"href":"https:\/\/dmd.eu\/fr\/wp-json\/wp\/v2\/product\/19262","targetHints":{"allow":["GET"]}}],"collection":[{"href":"https:\/\/dmd.eu\/fr\/wp-json\/wp\/v2\/product"}],"about":[{"href":"https:\/\/dmd.eu\/fr\/wp-json\/wp\/v2\/types\/product"}],"replies":[{"embeddable":true,"href":"https:\/\/dmd.eu\/fr\/wp-json\/wp\/v2\/comments?post=19262"}],"wp:featuredmedia":[{"embeddable":true,"href":"https:\/\/dmd.eu\/fr\/wp-json\/wp\/v2\/media\/42202"}],"wp:attachment":[{"href":"https:\/\/dmd.eu\/fr\/wp-json\/wp\/v2\/media?parent=19262"}],"wp:term":[{"taxonomy":"product_brand","embeddable":true,"href":"https:\/\/dmd.eu\/fr\/wp-json\/wp\/v2\/product_brand?post=19262"},{"taxonomy":"product_cat","embeddable":true,"href":"https:\/\/dmd.eu\/fr\/wp-json\/wp\/v2\/product_cat?post=19262"},{"taxonomy":"product_tag","embeddable":true,"href":"https:\/\/dmd.eu\/fr\/wp-json\/wp\/v2\/product_tag?post=19262"},{"taxonomy":"giftcard-category","embeddable":true,"href":"https:\/\/dmd.eu\/fr\/wp-json\/wp\/v2\/giftcard-category?post=19262"}],"curies":[{"name":"wp","href":"https:\/\/api.w.org\/{rel}","templated":true}]}}