{"id":19205,"date":"2024-04-23T16:06:11","date_gmt":"2024-04-23T14:06:11","guid":{"rendered":"https:\/\/www.dmd.eu\/?post_type=product&#038;p=19205"},"modified":"2026-02-14T16:41:49","modified_gmt":"2026-02-14T15:41:49","slug":"cream-retro","status":"publish","type":"product","link":"https:\/\/dmd.eu\/fr\/prodotto\/casques-jet\/casques-retro\/cream-retro\/","title":{"rendered":"CREAM"},"content":{"rendered":"<p>Le\u00a0<strong>casque jet Retro Cream<\/strong> fait partie de la collection de casques DMD jet Retro. Sa couleur cr\u00e8me lui conf\u00e8re un caract\u00e8re \u00e9l\u00e9gant et intemporel, ce qui lui permet de s&rsquo;adapter \u00e0 tous les styles: parfait pour les motos Custom, Vintage, Caf\u00e9 Racer ou les scooters, le casque jet Retro Cream enrichira votre tenue de motard.<\/p>\n","protected":false},"excerpt":{"rendered":"<p>Le\u00a0casque jet Retro Cream fait partie de la collection de casques DMD jet Retro. Sa couleur cr\u00e8me lui conf\u00e8re un caract\u00e8re \u00e9l\u00e9gant et intemporel, ce qui lui permet de s&rsquo;adapter \u00e0 tous les styles: parfait pour les motos Custom, Vintage, Caf\u00e9 Racer ou les scooters, le casque jet Retro Cream enrichira votre tenue de motard.<\/p>\n","protected":false},"featured_media":40950,"comment_status":"closed","ping_status":"closed","template":"","meta":{"_acf_changed":false},"product_brand":[],"product_cat":[120,456],"product_tag":[],"giftcard-category":[],"class_list":{"0":"post-19205","1":"product","2":"type-product","3":"status-publish","4":"has-post-thumbnail","6":"product_cat-casques-jet","7":"product_cat-casques-retro","9":"first","10":"instock","11":"taxable","12":"shipping-taxable","13":"purchasable","14":"product-type-variable"},"acf":[],"jetpack_sharing_enabled":true,"_links":{"self":[{"href":"https:\/\/dmd.eu\/fr\/wp-json\/wp\/v2\/product\/19205","targetHints":{"allow":["GET"]}}],"collection":[{"href":"https:\/\/dmd.eu\/fr\/wp-json\/wp\/v2\/product"}],"about":[{"href":"https:\/\/dmd.eu\/fr\/wp-json\/wp\/v2\/types\/product"}],"replies":[{"embeddable":true,"href":"https:\/\/dmd.eu\/fr\/wp-json\/wp\/v2\/comments?post=19205"}],"wp:featuredmedia":[{"embeddable":true,"href":"https:\/\/dmd.eu\/fr\/wp-json\/wp\/v2\/media\/40950"}],"wp:attachment":[{"href":"https:\/\/dmd.eu\/fr\/wp-json\/wp\/v2\/media?parent=19205"}],"wp:term":[{"taxonomy":"product_brand","embeddable":true,"href":"https:\/\/dmd.eu\/fr\/wp-json\/wp\/v2\/product_brand?post=19205"},{"taxonomy":"product_cat","embeddable":true,"href":"https:\/\/dmd.eu\/fr\/wp-json\/wp\/v2\/product_cat?post=19205"},{"taxonomy":"product_tag","embeddable":true,"href":"https:\/\/dmd.eu\/fr\/wp-json\/wp\/v2\/product_tag?post=19205"},{"taxonomy":"giftcard-category","embeddable":true,"href":"https:\/\/dmd.eu\/fr\/wp-json\/wp\/v2\/giftcard-category?post=19205"}],"curies":[{"name":"wp","href":"https:\/\/api.w.org\/{rel}","templated":true}]}}