{"id":19149,"date":"2024-04-23T15:58:55","date_gmt":"2024-04-23T13:58:55","guid":{"rendered":"https:\/\/www.dmd.eu\/?post_type=product&#038;p=19149"},"modified":"2025-12-02T00:14:06","modified_gmt":"2025-12-01T23:14:06","slug":"red-retro","status":"publish","type":"product","link":"https:\/\/dmd.eu\/fr\/prodotto\/casques-jet\/casques-retro\/red-retro\/","title":{"rendered":"RED"},"content":{"rendered":"<p>Le\u00a0<strong>casque jet Retro Red<\/strong>\u00a0s\u2019inspire du casque d\u2019enduro utilis\u00e9 dans les ann\u00e9es 1970. DMD a d\u00e9cid\u00e9 de rendre hommage \u00e0 cet \u00e2ge d&rsquo;or en r\u00e9alisant un casque de couleur r\u00e9tro mais r\u00e9alis\u00e9 dans le respect des normes de s\u00e9curit\u00e9 modernes.<\/p>\n","protected":false},"excerpt":{"rendered":"<p>Le\u00a0casque jet Retro Red\u00a0s\u2019inspire du casque d\u2019enduro utilis\u00e9 dans les ann\u00e9es 1970. DMD a d\u00e9cid\u00e9 de rendre hommage \u00e0 cet \u00e2ge d&rsquo;or en r\u00e9alisant un casque de couleur r\u00e9tro mais r\u00e9alis\u00e9 dans le respect des normes de s\u00e9curit\u00e9 modernes.<\/p>\n","protected":false},"featured_media":42283,"comment_status":"closed","ping_status":"closed","template":"","meta":{"_acf_changed":false},"product_brand":[],"product_cat":[120,456],"product_tag":[],"giftcard-category":[],"class_list":{"0":"post-19149","1":"product","2":"type-product","3":"status-publish","4":"has-post-thumbnail","6":"product_cat-casques-jet","7":"product_cat-casques-retro","9":"first","10":"instock","11":"taxable","12":"shipping-taxable","13":"purchasable","14":"product-type-variable"},"acf":[],"jetpack_sharing_enabled":true,"_links":{"self":[{"href":"https:\/\/dmd.eu\/fr\/wp-json\/wp\/v2\/product\/19149","targetHints":{"allow":["GET"]}}],"collection":[{"href":"https:\/\/dmd.eu\/fr\/wp-json\/wp\/v2\/product"}],"about":[{"href":"https:\/\/dmd.eu\/fr\/wp-json\/wp\/v2\/types\/product"}],"replies":[{"embeddable":true,"href":"https:\/\/dmd.eu\/fr\/wp-json\/wp\/v2\/comments?post=19149"}],"wp:featuredmedia":[{"embeddable":true,"href":"https:\/\/dmd.eu\/fr\/wp-json\/wp\/v2\/media\/42283"}],"wp:attachment":[{"href":"https:\/\/dmd.eu\/fr\/wp-json\/wp\/v2\/media?parent=19149"}],"wp:term":[{"taxonomy":"product_brand","embeddable":true,"href":"https:\/\/dmd.eu\/fr\/wp-json\/wp\/v2\/product_brand?post=19149"},{"taxonomy":"product_cat","embeddable":true,"href":"https:\/\/dmd.eu\/fr\/wp-json\/wp\/v2\/product_cat?post=19149"},{"taxonomy":"product_tag","embeddable":true,"href":"https:\/\/dmd.eu\/fr\/wp-json\/wp\/v2\/product_tag?post=19149"},{"taxonomy":"giftcard-category","embeddable":true,"href":"https:\/\/dmd.eu\/fr\/wp-json\/wp\/v2\/giftcard-category?post=19149"}],"curies":[{"name":"wp","href":"https:\/\/api.w.org\/{rel}","templated":true}]}}