{"id":19090,"date":"2024-04-23T15:46:34","date_gmt":"2024-04-23T13:46:34","guid":{"rendered":"https:\/\/www.dmd.eu\/?post_type=product&#038;p=19090"},"modified":"2025-12-02T00:14:06","modified_gmt":"2025-12-01T23:14:06","slug":"yellow-retro","status":"publish","type":"product","link":"https:\/\/dmd.eu\/fr\/prodotto\/casques-jet\/casques-retro\/yellow-retro\/","title":{"rendered":"YELLOW"},"content":{"rendered":"<p>Le<strong> casque jet Retro Yellow<\/strong>\u00a0se distingue par sa couleur jaune vif et sa finition brillante. Introduit en 1975, par opposition au blanc classique des casques standard, il a compl\u00e8tement chang\u00e9 la tendance de l&rsquo;\u00e9poque. Un casque qui ne passe pas inaper\u00e7u, adapt\u00e9 au motard au temp\u00e9rament ensoleill\u00e9.<\/p>\n","protected":false},"excerpt":{"rendered":"<p>Le casque jet Retro Yellow\u00a0se distingue par sa couleur jaune vif et sa finition brillante. Introduit en 1975, par opposition au blanc classique des casques standard, il a compl\u00e8tement chang\u00e9 la tendance de l&rsquo;\u00e9poque. Un casque qui ne passe pas inaper\u00e7u, adapt\u00e9 au motard au temp\u00e9rament ensoleill\u00e9.<\/p>\n","protected":false},"featured_media":42182,"comment_status":"closed","ping_status":"closed","template":"","meta":{"_acf_changed":false},"product_brand":[],"product_cat":[120,456],"product_tag":[],"giftcard-category":[],"class_list":{"0":"post-19090","1":"product","2":"type-product","3":"status-publish","4":"has-post-thumbnail","6":"product_cat-casques-jet","7":"product_cat-casques-retro","9":"first","10":"instock","11":"taxable","12":"shipping-taxable","13":"purchasable","14":"product-type-variable"},"acf":[],"jetpack_sharing_enabled":true,"_links":{"self":[{"href":"https:\/\/dmd.eu\/fr\/wp-json\/wp\/v2\/product\/19090","targetHints":{"allow":["GET"]}}],"collection":[{"href":"https:\/\/dmd.eu\/fr\/wp-json\/wp\/v2\/product"}],"about":[{"href":"https:\/\/dmd.eu\/fr\/wp-json\/wp\/v2\/types\/product"}],"replies":[{"embeddable":true,"href":"https:\/\/dmd.eu\/fr\/wp-json\/wp\/v2\/comments?post=19090"}],"wp:featuredmedia":[{"embeddable":true,"href":"https:\/\/dmd.eu\/fr\/wp-json\/wp\/v2\/media\/42182"}],"wp:attachment":[{"href":"https:\/\/dmd.eu\/fr\/wp-json\/wp\/v2\/media?parent=19090"}],"wp:term":[{"taxonomy":"product_brand","embeddable":true,"href":"https:\/\/dmd.eu\/fr\/wp-json\/wp\/v2\/product_brand?post=19090"},{"taxonomy":"product_cat","embeddable":true,"href":"https:\/\/dmd.eu\/fr\/wp-json\/wp\/v2\/product_cat?post=19090"},{"taxonomy":"product_tag","embeddable":true,"href":"https:\/\/dmd.eu\/fr\/wp-json\/wp\/v2\/product_tag?post=19090"},{"taxonomy":"giftcard-category","embeddable":true,"href":"https:\/\/dmd.eu\/fr\/wp-json\/wp\/v2\/giftcard-category?post=19090"}],"curies":[{"name":"wp","href":"https:\/\/api.w.org\/{rel}","templated":true}]}}