{"id":19017,"date":"2024-04-23T15:21:27","date_gmt":"2024-04-23T13:21:27","guid":{"rendered":"https:\/\/www.dmd.eu\/?post_type=product&#038;p=19017"},"modified":"2025-12-02T00:14:06","modified_gmt":"2025-12-01T23:14:06","slug":"caffe-retro","status":"publish","type":"product","link":"https:\/\/dmd.eu\/fr\/prodotto\/casques-jet\/casques-retro\/caffe-retro\/","title":{"rendered":"CAFF\u00c8"},"content":{"rendered":"<p>Le\u00a0<strong>casque jet Retro Caff\u00e9<\/strong>\u00a0est fabriqu\u00e9 dans la couleur \u00ab\u00a0caf\u00e9\u00a0\u00bb avec une finition mate. La simplicit\u00e9 de ce mod\u00e8le en fait un accessoire parfait pour votre moto, qu&rsquo;elle soit Custom, Vintage ou Caf\u00e9 Racer. C&rsquo;est aussi un mod\u00e8le id\u00e9al pour le scoot\u00e9riste qui recherche un casque confortable, petit, s\u00fbr et original.<\/p>\n","protected":false},"excerpt":{"rendered":"<p>Le\u00a0casque jet Retro Caff\u00e9\u00a0est fabriqu\u00e9 dans la couleur \u00ab\u00a0caf\u00e9\u00a0\u00bb avec une finition mate. La simplicit\u00e9 de ce mod\u00e8le en fait un accessoire parfait pour votre moto, qu&rsquo;elle soit Custom, Vintage ou Caf\u00e9 Racer. C&rsquo;est aussi un mod\u00e8le id\u00e9al pour le scoot\u00e9riste qui recherche un casque confortable, petit, s\u00fbr et original.<\/p>\n","protected":false},"featured_media":42360,"comment_status":"closed","ping_status":"closed","template":"","meta":{"_acf_changed":false},"product_brand":[],"product_cat":[120,456],"product_tag":[],"giftcard-category":[],"class_list":{"0":"post-19017","1":"product","2":"type-product","3":"status-publish","4":"has-post-thumbnail","6":"product_cat-casques-jet","7":"product_cat-casques-retro","9":"first","10":"instock","11":"taxable","12":"shipping-taxable","13":"purchasable","14":"product-type-variable"},"acf":[],"jetpack_sharing_enabled":true,"_links":{"self":[{"href":"https:\/\/dmd.eu\/fr\/wp-json\/wp\/v2\/product\/19017","targetHints":{"allow":["GET"]}}],"collection":[{"href":"https:\/\/dmd.eu\/fr\/wp-json\/wp\/v2\/product"}],"about":[{"href":"https:\/\/dmd.eu\/fr\/wp-json\/wp\/v2\/types\/product"}],"replies":[{"embeddable":true,"href":"https:\/\/dmd.eu\/fr\/wp-json\/wp\/v2\/comments?post=19017"}],"wp:featuredmedia":[{"embeddable":true,"href":"https:\/\/dmd.eu\/fr\/wp-json\/wp\/v2\/media\/42360"}],"wp:attachment":[{"href":"https:\/\/dmd.eu\/fr\/wp-json\/wp\/v2\/media?parent=19017"}],"wp:term":[{"taxonomy":"product_brand","embeddable":true,"href":"https:\/\/dmd.eu\/fr\/wp-json\/wp\/v2\/product_brand?post=19017"},{"taxonomy":"product_cat","embeddable":true,"href":"https:\/\/dmd.eu\/fr\/wp-json\/wp\/v2\/product_cat?post=19017"},{"taxonomy":"product_tag","embeddable":true,"href":"https:\/\/dmd.eu\/fr\/wp-json\/wp\/v2\/product_tag?post=19017"},{"taxonomy":"giftcard-category","embeddable":true,"href":"https:\/\/dmd.eu\/fr\/wp-json\/wp\/v2\/giftcard-category?post=19017"}],"curies":[{"name":"wp","href":"https:\/\/api.w.org\/{rel}","templated":true}]}}