{"id":18959,"date":"2024-04-23T15:10:50","date_gmt":"2024-04-23T13:10:50","guid":{"rendered":"https:\/\/www.dmd.eu\/?post_type=product&#038;p=18959"},"modified":"2025-12-02T00:14:07","modified_gmt":"2025-12-01T23:14:07","slug":"cipria-retro","status":"publish","type":"product","link":"https:\/\/dmd.eu\/fr\/prodotto\/casques-jet\/casques-retro\/cipria-retro\/","title":{"rendered":"CIPRIA"},"content":{"rendered":"<p>Le\u00a0<strong>casque jet Retro Cipria<\/strong> ajoute une touche \u00e9l\u00e9gante \u00e0 la collection jet Retro.<br \/>\nCon\u00e7u surtout pour le monde f\u00e9minin, il est brillant, petit, s\u00fbr et confortable. Sa couleur rose unie le rend unique et incomparable.<\/p>\n","protected":false},"excerpt":{"rendered":"<p>Le\u00a0casque jet Retro Cipria ajoute une touche \u00e9l\u00e9gante \u00e0 la collection jet Retro. Con\u00e7u surtout pour le monde f\u00e9minin, il est brillant, petit, s\u00fbr et confortable. Sa couleur rose unie le rend unique et incomparable.<\/p>\n","protected":false},"featured_media":41399,"comment_status":"closed","ping_status":"closed","template":"","meta":{"_acf_changed":false},"product_brand":[],"product_cat":[120,456],"product_tag":[],"giftcard-category":[],"class_list":{"0":"post-18959","1":"product","2":"type-product","3":"status-publish","4":"has-post-thumbnail","6":"product_cat-casques-jet","7":"product_cat-casques-retro","9":"first","10":"instock","11":"taxable","12":"shipping-taxable","13":"purchasable","14":"product-type-variable"},"acf":[],"jetpack_sharing_enabled":true,"_links":{"self":[{"href":"https:\/\/dmd.eu\/fr\/wp-json\/wp\/v2\/product\/18959","targetHints":{"allow":["GET"]}}],"collection":[{"href":"https:\/\/dmd.eu\/fr\/wp-json\/wp\/v2\/product"}],"about":[{"href":"https:\/\/dmd.eu\/fr\/wp-json\/wp\/v2\/types\/product"}],"replies":[{"embeddable":true,"href":"https:\/\/dmd.eu\/fr\/wp-json\/wp\/v2\/comments?post=18959"}],"wp:featuredmedia":[{"embeddable":true,"href":"https:\/\/dmd.eu\/fr\/wp-json\/wp\/v2\/media\/41399"}],"wp:attachment":[{"href":"https:\/\/dmd.eu\/fr\/wp-json\/wp\/v2\/media?parent=18959"}],"wp:term":[{"taxonomy":"product_brand","embeddable":true,"href":"https:\/\/dmd.eu\/fr\/wp-json\/wp\/v2\/product_brand?post=18959"},{"taxonomy":"product_cat","embeddable":true,"href":"https:\/\/dmd.eu\/fr\/wp-json\/wp\/v2\/product_cat?post=18959"},{"taxonomy":"product_tag","embeddable":true,"href":"https:\/\/dmd.eu\/fr\/wp-json\/wp\/v2\/product_tag?post=18959"},{"taxonomy":"giftcard-category","embeddable":true,"href":"https:\/\/dmd.eu\/fr\/wp-json\/wp\/v2\/giftcard-category?post=18959"}],"curies":[{"name":"wp","href":"https:\/\/api.w.org\/{rel}","templated":true}]}}