{"id":18307,"date":"2024-03-21T10:01:15","date_gmt":"2024-03-21T09:01:15","guid":{"rendered":"https:\/\/www.dmd.eu\/?post_type=product&#038;p=18307"},"modified":"2026-02-14T16:41:49","modified_gmt":"2026-02-14T15:41:49","slug":"ghost-green-2","status":"publish","type":"product","link":"https:\/\/dmd.eu\/fr\/prodotto\/casques-integraux\/accessoires-integraux\/ghost-green-2\/","title":{"rendered":"GHOST GREEN"},"content":{"rendered":"<p>L\u2019<strong>accessoire Ghost Green<\/strong> est con\u00e7u pour les casques de moto DMD Retro, Vintage, Racer et Seventyfive. C\u2019est un masque r\u00e9alis\u00e9 en vert avec des personnalisations le long de l\u2019\u00e9lastique, qui donnent du caract\u00e8re \u00e0 cet accessoire. Avec un design unique qui rappelle les masques utilis\u00e9s dans les ann\u00e9es 1970, le Ghost Green pour les casques de moto DMD est disponible avec des lentilles claires ou fonc\u00e9es. Une lentille de remplacement claire, fonc\u00e9e, miroir ou jaune peut \u00eatre achet\u00e9e s\u00e9par\u00e9ment.<br \/>\nInformations sur le produit.<\/p>\n","protected":false},"excerpt":{"rendered":"<p>L\u2019accessoire Ghost Green est con\u00e7u pour les casques de moto DMD Retro, Vintage, Racer et Seventyfive. C\u2019est un masque r\u00e9alis\u00e9 en vert avec des personnalisations le long de l\u2019\u00e9lastique, qui donnent du caract\u00e8re \u00e0 cet accessoire. Avec un design unique qui rappelle les masques utilis\u00e9s dans les ann\u00e9es 1970, le Ghost Green pour les casques [&hellip;]<\/p>\n","protected":false},"featured_media":18189,"comment_status":"closed","ping_status":"closed","template":"","meta":{"_acf_changed":false},"product_brand":[],"product_cat":[362,182,129,120],"product_tag":[],"giftcard-category":[],"class_list":{"0":"post-18307","1":"product","2":"type-product","3":"status-publish","4":"has-post-thumbnail","6":"product_cat-accessoires-integraux","7":"product_cat-accessoires","8":"product_cat-casques-integraux","9":"product_cat-casques-jet","11":"first","12":"instock","13":"taxable","14":"shipping-taxable","15":"purchasable","16":"product-type-variable"},"acf":[],"jetpack_sharing_enabled":true,"_links":{"self":[{"href":"https:\/\/dmd.eu\/fr\/wp-json\/wp\/v2\/product\/18307","targetHints":{"allow":["GET"]}}],"collection":[{"href":"https:\/\/dmd.eu\/fr\/wp-json\/wp\/v2\/product"}],"about":[{"href":"https:\/\/dmd.eu\/fr\/wp-json\/wp\/v2\/types\/product"}],"replies":[{"embeddable":true,"href":"https:\/\/dmd.eu\/fr\/wp-json\/wp\/v2\/comments?post=18307"}],"wp:featuredmedia":[{"embeddable":true,"href":"https:\/\/dmd.eu\/fr\/wp-json\/wp\/v2\/media\/18189"}],"wp:attachment":[{"href":"https:\/\/dmd.eu\/fr\/wp-json\/wp\/v2\/media?parent=18307"}],"wp:term":[{"taxonomy":"product_brand","embeddable":true,"href":"https:\/\/dmd.eu\/fr\/wp-json\/wp\/v2\/product_brand?post=18307"},{"taxonomy":"product_cat","embeddable":true,"href":"https:\/\/dmd.eu\/fr\/wp-json\/wp\/v2\/product_cat?post=18307"},{"taxonomy":"product_tag","embeddable":true,"href":"https:\/\/dmd.eu\/fr\/wp-json\/wp\/v2\/product_tag?post=18307"},{"taxonomy":"giftcard-category","embeddable":true,"href":"https:\/\/dmd.eu\/fr\/wp-json\/wp\/v2\/giftcard-category?post=18307"}],"curies":[{"name":"wp","href":"https:\/\/api.w.org\/{rel}","templated":true}]}}