{"id":17989,"date":"2024-03-19T14:42:22","date_gmt":"2024-03-19T13:42:22","guid":{"rendered":"https:\/\/www.dmd.eu\/?post_type=product&#038;p=17989"},"modified":"2025-12-02T00:14:08","modified_gmt":"2025-12-01T23:14:08","slug":"fury-beast-military-green-2","status":"publish","type":"product","link":"https:\/\/dmd.eu\/fr\/prodotto\/ventes\/vetements\/fury-beast-military-green-2\/","title":{"rendered":"FURY BEAST MILITARY GREEN"},"content":{"rendered":"<p>Le <strong>sweat-shirt<\/strong> col rond <strong>Fury Beast Military Green<\/strong> est con\u00e7u pour offrir un maximum de confort. Id\u00e9al pour chaque saison de l&rsquo;ann\u00e9e, est fabriqu\u00e9 en coton 100 % dans la couleur vert militaire. Il pr\u00e9sente une s\u00e9rigraphie avec des \u00e9critures et des graphiques essentiels.<\/p>\n","protected":false},"excerpt":{"rendered":"<p>Le sweat-shirt col rond Fury Beast Military Green est con\u00e7u pour offrir un maximum de confort. Id\u00e9al pour chaque saison de l&rsquo;ann\u00e9e, est fabriqu\u00e9 en coton 100 % dans la couleur vert militaire. Il pr\u00e9sente une s\u00e9rigraphie avec des \u00e9critures et des graphiques essentiels.<\/p>\n","protected":false},"featured_media":18010,"comment_status":"closed","ping_status":"closed","template":"","meta":{"_acf_changed":false},"product_brand":[],"product_cat":[408,418],"product_tag":[],"giftcard-category":[],"class_list":{"0":"post-17989","1":"product","2":"type-product","3":"status-publish","4":"has-post-thumbnail","6":"product_cat-ventes","7":"product_cat-vetements","9":"first","10":"outofstock","11":"sale","12":"taxable","13":"shipping-taxable","14":"purchasable","15":"product-type-variable"},"acf":[],"jetpack_sharing_enabled":true,"_links":{"self":[{"href":"https:\/\/dmd.eu\/fr\/wp-json\/wp\/v2\/product\/17989","targetHints":{"allow":["GET"]}}],"collection":[{"href":"https:\/\/dmd.eu\/fr\/wp-json\/wp\/v2\/product"}],"about":[{"href":"https:\/\/dmd.eu\/fr\/wp-json\/wp\/v2\/types\/product"}],"replies":[{"embeddable":true,"href":"https:\/\/dmd.eu\/fr\/wp-json\/wp\/v2\/comments?post=17989"}],"wp:featuredmedia":[{"embeddable":true,"href":"https:\/\/dmd.eu\/fr\/wp-json\/wp\/v2\/media\/18010"}],"wp:attachment":[{"href":"https:\/\/dmd.eu\/fr\/wp-json\/wp\/v2\/media?parent=17989"}],"wp:term":[{"taxonomy":"product_brand","embeddable":true,"href":"https:\/\/dmd.eu\/fr\/wp-json\/wp\/v2\/product_brand?post=17989"},{"taxonomy":"product_cat","embeddable":true,"href":"https:\/\/dmd.eu\/fr\/wp-json\/wp\/v2\/product_cat?post=17989"},{"taxonomy":"product_tag","embeddable":true,"href":"https:\/\/dmd.eu\/fr\/wp-json\/wp\/v2\/product_tag?post=17989"},{"taxonomy":"giftcard-category","embeddable":true,"href":"https:\/\/dmd.eu\/fr\/wp-json\/wp\/v2\/giftcard-category?post=17989"}],"curies":[{"name":"wp","href":"https:\/\/api.w.org\/{rel}","templated":true}]}}