{"id":17421,"date":"2024-03-18T12:18:17","date_gmt":"2024-03-18T11:18:17","guid":{"rendered":"https:\/\/www.dmd.eu\/?post_type=product&#038;p=17421"},"modified":"2025-12-02T00:14:10","modified_gmt":"2025-12-01T23:14:10","slug":"fleece-stay-wild","status":"publish","type":"product","link":"https:\/\/dmd.eu\/fr\/prodotto\/vetements-moto\/tshirts-fleeces-fr\/fleece-stay-wild\/","title":{"rendered":"STAY WILD"},"content":{"rendered":"<p>Le <strong>sweat-shirt<\/strong> col rond <strong>Stay Wild<\/strong> est con\u00e7u pour offrir un maximum de confort. Id\u00e9al pour chaque saison de l&rsquo;ann\u00e9e, est fabriqu\u00e9 en coton 100% dans la couleur off-white.<br \/>\nAvec la devise DMD s\u00e9rigraphi\u00e9e.<\/p>\n","protected":false},"excerpt":{"rendered":"<p>Le sweat-shirt col rond Stay Wild est con\u00e7u pour offrir un maximum de confort. Id\u00e9al pour chaque saison de l&rsquo;ann\u00e9e, est fabriqu\u00e9 en coton 100% dans la couleur off-white. Avec la devise DMD s\u00e9rigraphi\u00e9e.<\/p>\n","protected":false},"featured_media":17466,"comment_status":"closed","ping_status":"closed","template":"","meta":{"_acf_changed":false},"product_brand":[],"product_cat":[469,263],"product_tag":[],"giftcard-category":[],"class_list":{"0":"post-17421","1":"product","2":"type-product","3":"status-publish","4":"has-post-thumbnail","6":"product_cat-tshirts-fleeces-fr","7":"product_cat-vetements-moto","9":"first","10":"instock","11":"taxable","12":"shipping-taxable","13":"purchasable","14":"product-type-variable"},"acf":[],"jetpack_sharing_enabled":true,"_links":{"self":[{"href":"https:\/\/dmd.eu\/fr\/wp-json\/wp\/v2\/product\/17421","targetHints":{"allow":["GET"]}}],"collection":[{"href":"https:\/\/dmd.eu\/fr\/wp-json\/wp\/v2\/product"}],"about":[{"href":"https:\/\/dmd.eu\/fr\/wp-json\/wp\/v2\/types\/product"}],"replies":[{"embeddable":true,"href":"https:\/\/dmd.eu\/fr\/wp-json\/wp\/v2\/comments?post=17421"}],"wp:featuredmedia":[{"embeddable":true,"href":"https:\/\/dmd.eu\/fr\/wp-json\/wp\/v2\/media\/17466"}],"wp:attachment":[{"href":"https:\/\/dmd.eu\/fr\/wp-json\/wp\/v2\/media?parent=17421"}],"wp:term":[{"taxonomy":"product_brand","embeddable":true,"href":"https:\/\/dmd.eu\/fr\/wp-json\/wp\/v2\/product_brand?post=17421"},{"taxonomy":"product_cat","embeddable":true,"href":"https:\/\/dmd.eu\/fr\/wp-json\/wp\/v2\/product_cat?post=17421"},{"taxonomy":"product_tag","embeddable":true,"href":"https:\/\/dmd.eu\/fr\/wp-json\/wp\/v2\/product_tag?post=17421"},{"taxonomy":"giftcard-category","embeddable":true,"href":"https:\/\/dmd.eu\/fr\/wp-json\/wp\/v2\/giftcard-category?post=17421"}],"curies":[{"name":"wp","href":"https:\/\/api.w.org\/{rel}","templated":true}]}}