{"id":17181,"date":"2024-03-18T12:06:57","date_gmt":"2024-03-18T11:06:57","guid":{"rendered":"https:\/\/www.dmd.eu\/?post_type=product&#038;p=17181"},"modified":"2025-12-02T00:14:11","modified_gmt":"2025-12-01T23:14:11","slug":"t-shirt-wot-no-bike","status":"publish","type":"product","link":"https:\/\/dmd.eu\/fr\/prodotto\/vetements-moto\/tshirts-fleeces-fr\/t-shirt-wot-no-bike\/","title":{"rendered":"WOT? NO BIKE"},"content":{"rendered":"<p>Le <strong>t-shirt<\/strong> col rond \u00e0 manches courtes <strong>Wot? No Bike<\/strong> est con\u00e7u pour offrir un maximum de confort. Id\u00e9al pour chaque saison de l&rsquo;ann\u00e9e, est fabriqu\u00e9 en coton 100% dans la couleur noire.<br \/>\nAvec une impression s\u00e9rigraphi\u00e9e dedi\u00e9e aux passion\u00e9s des deux roues.<\/p>\n","protected":false},"excerpt":{"rendered":"<p>Le t-shirt col rond \u00e0 manches courtes Wot? No Bike est con\u00e7u pour offrir un maximum de confort. Id\u00e9al pour chaque saison de l&rsquo;ann\u00e9e, est fabriqu\u00e9 en coton 100% dans la couleur noire. Avec une impression s\u00e9rigraphi\u00e9e dedi\u00e9e aux passion\u00e9s des deux roues.<\/p>\n","protected":false},"featured_media":17221,"comment_status":"closed","ping_status":"closed","template":"","meta":{"_acf_changed":false},"product_brand":[],"product_cat":[469,263],"product_tag":[],"giftcard-category":[],"class_list":{"0":"post-17181","1":"product","2":"type-product","3":"status-publish","4":"has-post-thumbnail","6":"product_cat-tshirts-fleeces-fr","7":"product_cat-vetements-moto","9":"first","10":"instock","11":"taxable","12":"shipping-taxable","13":"purchasable","14":"product-type-variable"},"acf":[],"jetpack_sharing_enabled":true,"_links":{"self":[{"href":"https:\/\/dmd.eu\/fr\/wp-json\/wp\/v2\/product\/17181","targetHints":{"allow":["GET"]}}],"collection":[{"href":"https:\/\/dmd.eu\/fr\/wp-json\/wp\/v2\/product"}],"about":[{"href":"https:\/\/dmd.eu\/fr\/wp-json\/wp\/v2\/types\/product"}],"replies":[{"embeddable":true,"href":"https:\/\/dmd.eu\/fr\/wp-json\/wp\/v2\/comments?post=17181"}],"wp:featuredmedia":[{"embeddable":true,"href":"https:\/\/dmd.eu\/fr\/wp-json\/wp\/v2\/media\/17221"}],"wp:attachment":[{"href":"https:\/\/dmd.eu\/fr\/wp-json\/wp\/v2\/media?parent=17181"}],"wp:term":[{"taxonomy":"product_brand","embeddable":true,"href":"https:\/\/dmd.eu\/fr\/wp-json\/wp\/v2\/product_brand?post=17181"},{"taxonomy":"product_cat","embeddable":true,"href":"https:\/\/dmd.eu\/fr\/wp-json\/wp\/v2\/product_cat?post=17181"},{"taxonomy":"product_tag","embeddable":true,"href":"https:\/\/dmd.eu\/fr\/wp-json\/wp\/v2\/product_tag?post=17181"},{"taxonomy":"giftcard-category","embeddable":true,"href":"https:\/\/dmd.eu\/fr\/wp-json\/wp\/v2\/giftcard-category?post=17181"}],"curies":[{"name":"wp","href":"https:\/\/api.w.org\/{rel}","templated":true}]}}