{"id":16996,"date":"2024-03-15T17:18:35","date_gmt":"2024-03-15T16:18:35","guid":{"rendered":"https:\/\/www.dmd.eu\/?post_type=product&#038;p=16996"},"modified":"2025-12-02T00:10:55","modified_gmt":"2025-12-01T23:10:55","slug":"rouleau-doutils","status":"publish","type":"product","link":"https:\/\/dmd.eu\/fr\/prodotto\/vetements-moto\/accessoires-en-cuir\/rouleau-doutils\/","title":{"rendered":"ROULEAU D&rsquo;OUTILS"},"content":{"rendered":"<p>Notre <strong>rouleau d\u2019outils<\/strong> est le compagnon id\u00e9al de tout motocycliste. Fabriqu\u00e9 enti\u00e8rement en Italie, en cuir v\u00e9ritable, il est marqu\u00e9 par le logo \u201cDMD\u201d qui souligne son style unique. Avec des compartiments pratiques et son facilit\u00e9 d\u2019usage, c\u2019est l\u2019accessoire id\u00e9al pour ceux qui aiment les deux roues.<\/p>\n","protected":false},"excerpt":{"rendered":"<p>Notre rouleau d\u2019outils est le compagnon id\u00e9al de tout motocycliste. Fabriqu\u00e9 enti\u00e8rement en Italie, en cuir v\u00e9ritable, il est marqu\u00e9 par le logo \u201cDMD\u201d qui souligne son style unique. Avec des compartiments pratiques et son facilit\u00e9 d\u2019usage, c\u2019est l\u2019accessoire id\u00e9al pour ceux qui aiment les deux roues.<\/p>\n","protected":false},"featured_media":17007,"comment_status":"closed","ping_status":"closed","template":"","meta":{"_acf_changed":false},"product_brand":[],"product_cat":[474,263],"product_tag":[],"giftcard-category":[],"class_list":{"0":"post-16996","1":"product","2":"type-product","3":"status-publish","4":"has-post-thumbnail","6":"product_cat-accessoires-en-cuir","7":"product_cat-vetements-moto","9":"first","10":"instock","11":"taxable","12":"shipping-taxable","13":"purchasable","14":"product-type-simple"},"acf":[],"jetpack_sharing_enabled":true,"_links":{"self":[{"href":"https:\/\/dmd.eu\/fr\/wp-json\/wp\/v2\/product\/16996","targetHints":{"allow":["GET"]}}],"collection":[{"href":"https:\/\/dmd.eu\/fr\/wp-json\/wp\/v2\/product"}],"about":[{"href":"https:\/\/dmd.eu\/fr\/wp-json\/wp\/v2\/types\/product"}],"replies":[{"embeddable":true,"href":"https:\/\/dmd.eu\/fr\/wp-json\/wp\/v2\/comments?post=16996"}],"wp:featuredmedia":[{"embeddable":true,"href":"https:\/\/dmd.eu\/fr\/wp-json\/wp\/v2\/media\/17007"}],"wp:attachment":[{"href":"https:\/\/dmd.eu\/fr\/wp-json\/wp\/v2\/media?parent=16996"}],"wp:term":[{"taxonomy":"product_brand","embeddable":true,"href":"https:\/\/dmd.eu\/fr\/wp-json\/wp\/v2\/product_brand?post=16996"},{"taxonomy":"product_cat","embeddable":true,"href":"https:\/\/dmd.eu\/fr\/wp-json\/wp\/v2\/product_cat?post=16996"},{"taxonomy":"product_tag","embeddable":true,"href":"https:\/\/dmd.eu\/fr\/wp-json\/wp\/v2\/product_tag?post=16996"},{"taxonomy":"giftcard-category","embeddable":true,"href":"https:\/\/dmd.eu\/fr\/wp-json\/wp\/v2\/giftcard-category?post=16996"}],"curies":[{"name":"wp","href":"https:\/\/api.w.org\/{rel}","templated":true}]}}