{"id":16899,"date":"2024-03-15T15:53:55","date_gmt":"2024-03-15T14:53:55","guid":{"rendered":"https:\/\/www.dmd.eu\/prodotto\/non%20class\u00e9\/zip-wallet\/"},"modified":"2025-12-02T00:10:57","modified_gmt":"2025-12-01T23:10:57","slug":"portefeuille-zippe","status":"publish","type":"product","link":"https:\/\/dmd.eu\/fr\/prodotto\/vetements-moto\/accessoires-en-cuir\/portefeuille-zippe\/","title":{"rendered":"PORTEFEUILLE ZIPP\u00c9"},"content":{"rendered":"<p><strong>Portefeuille<\/strong> enti\u00e8rement produit en Italie, en v\u00e9ritable cuir. La couleur marron fonc\u00e9 donne une touche de classe intemporelle, tandis que le logo \u00ab DMD \u00bb en relief souligne l\u2019authenticit\u00e9 de notre design.<\/p>\n","protected":false},"excerpt":{"rendered":"<p>Portefeuille enti\u00e8rement produit en Italie, en v\u00e9ritable cuir. La couleur marron fonc\u00e9 donne une touche de classe intemporelle, tandis que le logo \u00ab DMD \u00bb en relief souligne l\u2019authenticit\u00e9 de notre design.<\/p>\n","protected":false},"featured_media":16885,"comment_status":"closed","ping_status":"closed","template":"","meta":{"_acf_changed":false},"product_brand":[],"product_cat":[474,263],"product_tag":[],"giftcard-category":[],"class_list":{"0":"post-16899","1":"product","2":"type-product","3":"status-publish","4":"has-post-thumbnail","6":"product_cat-accessoires-en-cuir","7":"product_cat-vetements-moto","9":"first","10":"instock","11":"taxable","12":"shipping-taxable","13":"purchasable","14":"product-type-simple"},"acf":[],"jetpack_sharing_enabled":true,"_links":{"self":[{"href":"https:\/\/dmd.eu\/fr\/wp-json\/wp\/v2\/product\/16899","targetHints":{"allow":["GET"]}}],"collection":[{"href":"https:\/\/dmd.eu\/fr\/wp-json\/wp\/v2\/product"}],"about":[{"href":"https:\/\/dmd.eu\/fr\/wp-json\/wp\/v2\/types\/product"}],"replies":[{"embeddable":true,"href":"https:\/\/dmd.eu\/fr\/wp-json\/wp\/v2\/comments?post=16899"}],"wp:featuredmedia":[{"embeddable":true,"href":"https:\/\/dmd.eu\/fr\/wp-json\/wp\/v2\/media\/16885"}],"wp:attachment":[{"href":"https:\/\/dmd.eu\/fr\/wp-json\/wp\/v2\/media?parent=16899"}],"wp:term":[{"taxonomy":"product_brand","embeddable":true,"href":"https:\/\/dmd.eu\/fr\/wp-json\/wp\/v2\/product_brand?post=16899"},{"taxonomy":"product_cat","embeddable":true,"href":"https:\/\/dmd.eu\/fr\/wp-json\/wp\/v2\/product_cat?post=16899"},{"taxonomy":"product_tag","embeddable":true,"href":"https:\/\/dmd.eu\/fr\/wp-json\/wp\/v2\/product_tag?post=16899"},{"taxonomy":"giftcard-category","embeddable":true,"href":"https:\/\/dmd.eu\/fr\/wp-json\/wp\/v2\/giftcard-category?post=16899"}],"curies":[{"name":"wp","href":"https:\/\/api.w.org\/{rel}","templated":true}]}}