{"id":16829,"date":"2024-03-15T15:12:41","date_gmt":"2024-03-15T14:12:41","guid":{"rendered":"https:\/\/www.dmd.eu\/?post_type=product&#038;p=16829"},"modified":"2025-12-02T00:10:57","modified_gmt":"2025-12-01T23:10:57","slug":"protection-dorsale","status":"publish","type":"product","link":"https:\/\/dmd.eu\/fr\/prodotto\/vetements-moto\/vestes\/protection-dorsale\/","title":{"rendered":"PROTECTION DORSALE"},"content":{"rendered":"<p>Protection dorsale \u00e0 mettre dans la poche d\u00e9di\u00e9e \u00e0 l\u2019int\u00e9rieur de la veste.<\/p>\n<p>Fabriqu\u00e9e en ViscoFlex, une mati\u00e8re avec une nouvelle formule souple et performante.<br \/>\nElle s\u2019adapte \u00e0 toutes les vestes DMD.<\/p>\n","protected":false},"excerpt":{"rendered":"<p>Protection dorsale \u00e0 mettre dans la poche d\u00e9di\u00e9e \u00e0 l\u2019int\u00e9rieur de la veste. Fabriqu\u00e9e en ViscoFlex, une mati\u00e8re avec une nouvelle formule souple et performante. Elle s\u2019adapte \u00e0 toutes les vestes DMD.<\/p>\n","protected":false},"featured_media":16849,"comment_status":"closed","ping_status":"closed","template":"","meta":{"_acf_changed":false},"product_brand":[],"product_cat":[367,263],"product_tag":[],"giftcard-category":[],"class_list":{"0":"post-16829","1":"product","2":"type-product","3":"status-publish","4":"has-post-thumbnail","6":"product_cat-vestes","7":"product_cat-vetements-moto","9":"first","10":"instock","11":"taxable","12":"shipping-taxable","13":"purchasable","14":"product-type-simple"},"acf":[],"jetpack_sharing_enabled":true,"_links":{"self":[{"href":"https:\/\/dmd.eu\/fr\/wp-json\/wp\/v2\/product\/16829","targetHints":{"allow":["GET"]}}],"collection":[{"href":"https:\/\/dmd.eu\/fr\/wp-json\/wp\/v2\/product"}],"about":[{"href":"https:\/\/dmd.eu\/fr\/wp-json\/wp\/v2\/types\/product"}],"replies":[{"embeddable":true,"href":"https:\/\/dmd.eu\/fr\/wp-json\/wp\/v2\/comments?post=16829"}],"wp:featuredmedia":[{"embeddable":true,"href":"https:\/\/dmd.eu\/fr\/wp-json\/wp\/v2\/media\/16849"}],"wp:attachment":[{"href":"https:\/\/dmd.eu\/fr\/wp-json\/wp\/v2\/media?parent=16829"}],"wp:term":[{"taxonomy":"product_brand","embeddable":true,"href":"https:\/\/dmd.eu\/fr\/wp-json\/wp\/v2\/product_brand?post=16829"},{"taxonomy":"product_cat","embeddable":true,"href":"https:\/\/dmd.eu\/fr\/wp-json\/wp\/v2\/product_cat?post=16829"},{"taxonomy":"product_tag","embeddable":true,"href":"https:\/\/dmd.eu\/fr\/wp-json\/wp\/v2\/product_tag?post=16829"},{"taxonomy":"giftcard-category","embeddable":true,"href":"https:\/\/dmd.eu\/fr\/wp-json\/wp\/v2\/giftcard-category?post=16829"}],"curies":[{"name":"wp","href":"https:\/\/api.w.org\/{rel}","templated":true}]}}