{"id":16747,"date":"2024-03-14T17:50:18","date_gmt":"2024-03-14T16:50:18","guid":{"rendered":"https:\/\/www.dmd.eu\/?post_type=product&#038;p=16747"},"modified":"2025-12-02T00:14:12","modified_gmt":"2025-12-01T23:14:12","slug":"gilet-black-leather","status":"publish","type":"product","link":"https:\/\/dmd.eu\/fr\/prodotto\/ventes\/vetements\/gilet-black-leather\/","title":{"rendered":"GILET BLACK LEATHER"},"content":{"rendered":"<p>Le <strong>gilet<\/strong>\u00a0est un v\u00eatement au look vintage authentique, indispensable pour tous les passionn\u00e9s de moto. Ce mod\u00e8le court est riche en d\u00e9tails, comme ses poches transversales qui sont facilement accessibles, ce qui est pratique au cours des road-trips en moto.<\/p>\n","protected":false},"excerpt":{"rendered":"<p>Le gilet\u00a0est un v\u00eatement au look vintage authentique, indispensable pour tous les passionn\u00e9s de moto. Ce mod\u00e8le court est riche en d\u00e9tails, comme ses poches transversales qui sont facilement accessibles, ce qui est pratique au cours des road-trips en moto.<\/p>\n","protected":false},"featured_media":16770,"comment_status":"closed","ping_status":"closed","template":"","meta":{"_acf_changed":false},"product_brand":[],"product_cat":[408,418],"product_tag":[],"giftcard-category":[],"class_list":{"0":"post-16747","1":"product","2":"type-product","3":"status-publish","4":"has-post-thumbnail","6":"product_cat-ventes","7":"product_cat-vetements","9":"first","10":"instock","11":"sale","12":"taxable","13":"shipping-taxable","14":"purchasable","15":"product-type-variable"},"acf":[],"jetpack_sharing_enabled":true,"_links":{"self":[{"href":"https:\/\/dmd.eu\/fr\/wp-json\/wp\/v2\/product\/16747","targetHints":{"allow":["GET"]}}],"collection":[{"href":"https:\/\/dmd.eu\/fr\/wp-json\/wp\/v2\/product"}],"about":[{"href":"https:\/\/dmd.eu\/fr\/wp-json\/wp\/v2\/types\/product"}],"replies":[{"embeddable":true,"href":"https:\/\/dmd.eu\/fr\/wp-json\/wp\/v2\/comments?post=16747"}],"wp:featuredmedia":[{"embeddable":true,"href":"https:\/\/dmd.eu\/fr\/wp-json\/wp\/v2\/media\/16770"}],"wp:attachment":[{"href":"https:\/\/dmd.eu\/fr\/wp-json\/wp\/v2\/media?parent=16747"}],"wp:term":[{"taxonomy":"product_brand","embeddable":true,"href":"https:\/\/dmd.eu\/fr\/wp-json\/wp\/v2\/product_brand?post=16747"},{"taxonomy":"product_cat","embeddable":true,"href":"https:\/\/dmd.eu\/fr\/wp-json\/wp\/v2\/product_cat?post=16747"},{"taxonomy":"product_tag","embeddable":true,"href":"https:\/\/dmd.eu\/fr\/wp-json\/wp\/v2\/product_tag?post=16747"},{"taxonomy":"giftcard-category","embeddable":true,"href":"https:\/\/dmd.eu\/fr\/wp-json\/wp\/v2\/giftcard-category?post=16747"}],"curies":[{"name":"wp","href":"https:\/\/api.w.org\/{rel}","templated":true}]}}