{"id":16550,"date":"2024-03-14T17:05:52","date_gmt":"2024-03-14T16:05:52","guid":{"rendered":"https:\/\/www.dmd.eu\/?post_type=product&#038;p=16550"},"modified":"2025-12-02T00:14:14","modified_gmt":"2025-12-01T23:14:14","slug":"shirt-orange-non-homologuee","status":"publish","type":"product","link":"https:\/\/dmd.eu\/fr\/prodotto\/ventes\/vetements\/shirt-orange-non-homologuee\/","title":{"rendered":"SHIRT ORANGE (NON HOMOLOGU\u00c9E)"},"content":{"rendered":"<p>Le mod\u00e8le de <strong>veste Shirt<\/strong> r\u00e9alis\u00e9 en coton cir\u00e9 imperm\u00e9able se distingue par ses lignes \u00e9pur\u00e9es en parfait style caf\u00e9 racer et convient \u00e0 tous les types de motards.<\/p>\n","protected":false},"excerpt":{"rendered":"<p>Le mod\u00e8le de veste Shirt r\u00e9alis\u00e9 en coton cir\u00e9 imperm\u00e9able se distingue par ses lignes \u00e9pur\u00e9es en parfait style caf\u00e9 racer et convient \u00e0 tous les types de motards.<\/p>\n","protected":false},"featured_media":16567,"comment_status":"closed","ping_status":"closed","template":"","meta":{"_acf_changed":false},"product_brand":[],"product_cat":[408,418],"product_tag":[],"giftcard-category":[],"class_list":{"0":"post-16550","1":"product","2":"type-product","3":"status-publish","4":"has-post-thumbnail","6":"product_cat-ventes","7":"product_cat-vetements","9":"first","10":"outofstock","11":"sale","12":"taxable","13":"shipping-taxable","14":"purchasable","15":"product-type-variable"},"acf":[],"jetpack_sharing_enabled":true,"_links":{"self":[{"href":"https:\/\/dmd.eu\/fr\/wp-json\/wp\/v2\/product\/16550","targetHints":{"allow":["GET"]}}],"collection":[{"href":"https:\/\/dmd.eu\/fr\/wp-json\/wp\/v2\/product"}],"about":[{"href":"https:\/\/dmd.eu\/fr\/wp-json\/wp\/v2\/types\/product"}],"replies":[{"embeddable":true,"href":"https:\/\/dmd.eu\/fr\/wp-json\/wp\/v2\/comments?post=16550"}],"wp:featuredmedia":[{"embeddable":true,"href":"https:\/\/dmd.eu\/fr\/wp-json\/wp\/v2\/media\/16567"}],"wp:attachment":[{"href":"https:\/\/dmd.eu\/fr\/wp-json\/wp\/v2\/media?parent=16550"}],"wp:term":[{"taxonomy":"product_brand","embeddable":true,"href":"https:\/\/dmd.eu\/fr\/wp-json\/wp\/v2\/product_brand?post=16550"},{"taxonomy":"product_cat","embeddable":true,"href":"https:\/\/dmd.eu\/fr\/wp-json\/wp\/v2\/product_cat?post=16550"},{"taxonomy":"product_tag","embeddable":true,"href":"https:\/\/dmd.eu\/fr\/wp-json\/wp\/v2\/product_tag?post=16550"},{"taxonomy":"giftcard-category","embeddable":true,"href":"https:\/\/dmd.eu\/fr\/wp-json\/wp\/v2\/giftcard-category?post=16550"}],"curies":[{"name":"wp","href":"https:\/\/api.w.org\/{rel}","templated":true}]}}