{"id":16414,"date":"2024-03-14T16:39:50","date_gmt":"2024-03-14T15:39:50","guid":{"rendered":"https:\/\/www.dmd.eu\/?post_type=product&#038;p=16414"},"modified":"2025-12-02T00:14:14","modified_gmt":"2025-12-01T23:14:14","slug":"chiodo-waxed-non-homologuee","status":"publish","type":"product","link":"https:\/\/dmd.eu\/fr\/prodotto\/ventes\/vetements\/chiodo-waxed-non-homologuee\/","title":{"rendered":"CHIODO EN COTON CIR\u00c9 (NON HOMOLOGU\u00c9E)"},"content":{"rendered":"<p>Incontournable et intemporel, le perfecto est n\u00e9 en 1913 dans un petit magasin du Lower East Side, \u00e0 New York, \u00e0 la suite d\u2019une demande d\u2019un rider qui recherchait une veste avec des fermetures \u00e9claires pour le prot\u00e9ger du vent et de la pluie.<\/p>\n<p>Aujourd\u2019hui c\u2019est un v\u00eatement mythique, c\u2019est la veste classique en cuir aim\u00e9e par tous les motards.<\/p>\n","protected":false},"excerpt":{"rendered":"<p>Incontournable et intemporel, le perfecto est n\u00e9 en 1913 dans un petit magasin du Lower East Side, \u00e0 New York, \u00e0 la suite d\u2019une demande d\u2019un rider qui recherchait une veste avec des fermetures \u00e9claires pour le prot\u00e9ger du vent et de la pluie. Aujourd\u2019hui c\u2019est un v\u00eatement mythique, c\u2019est la veste classique en cuir [&hellip;]<\/p>\n","protected":false},"featured_media":16441,"comment_status":"closed","ping_status":"closed","template":"","meta":{"_acf_changed":false},"product_brand":[],"product_cat":[408,418],"product_tag":[],"giftcard-category":[],"class_list":{"0":"post-16414","1":"product","2":"type-product","3":"status-publish","4":"has-post-thumbnail","6":"product_cat-ventes","7":"product_cat-vetements","9":"first","10":"instock","11":"sale","12":"taxable","13":"shipping-taxable","14":"purchasable","15":"product-type-variable"},"acf":[],"jetpack_sharing_enabled":true,"_links":{"self":[{"href":"https:\/\/dmd.eu\/fr\/wp-json\/wp\/v2\/product\/16414","targetHints":{"allow":["GET"]}}],"collection":[{"href":"https:\/\/dmd.eu\/fr\/wp-json\/wp\/v2\/product"}],"about":[{"href":"https:\/\/dmd.eu\/fr\/wp-json\/wp\/v2\/types\/product"}],"replies":[{"embeddable":true,"href":"https:\/\/dmd.eu\/fr\/wp-json\/wp\/v2\/comments?post=16414"}],"wp:featuredmedia":[{"embeddable":true,"href":"https:\/\/dmd.eu\/fr\/wp-json\/wp\/v2\/media\/16441"}],"wp:attachment":[{"href":"https:\/\/dmd.eu\/fr\/wp-json\/wp\/v2\/media?parent=16414"}],"wp:term":[{"taxonomy":"product_brand","embeddable":true,"href":"https:\/\/dmd.eu\/fr\/wp-json\/wp\/v2\/product_brand?post=16414"},{"taxonomy":"product_cat","embeddable":true,"href":"https:\/\/dmd.eu\/fr\/wp-json\/wp\/v2\/product_cat?post=16414"},{"taxonomy":"product_tag","embeddable":true,"href":"https:\/\/dmd.eu\/fr\/wp-json\/wp\/v2\/product_tag?post=16414"},{"taxonomy":"giftcard-category","embeddable":true,"href":"https:\/\/dmd.eu\/fr\/wp-json\/wp\/v2\/giftcard-category?post=16414"}],"curies":[{"name":"wp","href":"https:\/\/api.w.org\/{rel}","templated":true}]}}