{"id":14646,"date":"2024-02-08T15:49:32","date_gmt":"2024-02-08T14:49:32","guid":{"rendered":"https:\/\/www.dmd.eu\/?post_type=product&#038;p=14646"},"modified":"2026-04-01T21:32:40","modified_gmt":"2026-04-01T19:32:40","slug":"wild","status":"publish","type":"product","link":"https:\/\/dmd.eu\/fr\/prodotto\/casques-de-ski\/wild\/","title":{"rendered":"WILD"},"content":{"rendered":"<p>La collection snow s&rsquo;adresse aux amateurs de ski, \u00e0 ceux qui pr\u00e9f\u00e8rent le snowboard, soit au snowpark soit au freeride, \u00e0 ceux qui veulent simplement s&rsquo;amuser sur les pistes et \u00e0 tous les passionn\u00e9s de montagne.<\/p>\n","protected":false},"excerpt":{"rendered":"<p>La collection snow s&rsquo;adresse aux amateurs de ski, \u00e0 ceux qui pr\u00e9f\u00e8rent le snowboard, soit au snowpark soit au freeride, \u00e0 ceux qui veulent simplement s&rsquo;amuser sur les pistes et \u00e0 tous les passionn\u00e9s de montagne.<\/p>\n","protected":false},"featured_media":14675,"comment_status":"closed","ping_status":"closed","template":"","meta":{"_acf_changed":false},"product_brand":[],"product_cat":[426],"product_tag":[],"giftcard-category":[],"class_list":{"0":"post-14646","1":"product","2":"type-product","3":"status-publish","4":"has-post-thumbnail","6":"product_cat-casques-de-ski","8":"first","9":"instock","10":"sale","11":"taxable","12":"shipping-taxable","13":"purchasable","14":"product-type-variable"},"acf":[],"jetpack_sharing_enabled":true,"_links":{"self":[{"href":"https:\/\/dmd.eu\/fr\/wp-json\/wp\/v2\/product\/14646","targetHints":{"allow":["GET"]}}],"collection":[{"href":"https:\/\/dmd.eu\/fr\/wp-json\/wp\/v2\/product"}],"about":[{"href":"https:\/\/dmd.eu\/fr\/wp-json\/wp\/v2\/types\/product"}],"replies":[{"embeddable":true,"href":"https:\/\/dmd.eu\/fr\/wp-json\/wp\/v2\/comments?post=14646"}],"wp:featuredmedia":[{"embeddable":true,"href":"https:\/\/dmd.eu\/fr\/wp-json\/wp\/v2\/media\/14675"}],"wp:attachment":[{"href":"https:\/\/dmd.eu\/fr\/wp-json\/wp\/v2\/media?parent=14646"}],"wp:term":[{"taxonomy":"product_brand","embeddable":true,"href":"https:\/\/dmd.eu\/fr\/wp-json\/wp\/v2\/product_brand?post=14646"},{"taxonomy":"product_cat","embeddable":true,"href":"https:\/\/dmd.eu\/fr\/wp-json\/wp\/v2\/product_cat?post=14646"},{"taxonomy":"product_tag","embeddable":true,"href":"https:\/\/dmd.eu\/fr\/wp-json\/wp\/v2\/product_tag?post=14646"},{"taxonomy":"giftcard-category","embeddable":true,"href":"https:\/\/dmd.eu\/fr\/wp-json\/wp\/v2\/giftcard-category?post=14646"}],"curies":[{"name":"wp","href":"https:\/\/api.w.org\/{rel}","templated":true}]}}