{"id":1257,"date":"2023-08-07T10:59:30","date_gmt":"2023-08-07T08:59:30","guid":{"rendered":"https:\/\/www.dmd.eu\/product\/non%20class\u00e9\/roma\/"},"modified":"2025-12-02T00:14:45","modified_gmt":"2025-12-01T23:14:45","slug":"roma","status":"publish","type":"product","link":"https:\/\/dmd.eu\/fr\/prodotto\/casques-oro\/roma\/","title":{"rendered":"ROMA SOLID"},"content":{"rendered":"<p>Le <strong>casque jet Vintage Roma Solid<\/strong> de la Collezione Oro est brillant, de couleur cr\u00e8me avec finition et int\u00e9rieur de couleur marron.<br \/>\nComme tous les produits de la Collezione Oro, il est fabriqu\u00e9 avec des mat\u00e9riaux de haute qualit\u00e9 qui le rendent l\u00e9ger, doux et particuli\u00e8rement confortable.<br \/>\nR\u00e9serv\u00e9 \u00e0 tous les riders qui aiment un produit de qualit\u00e9, en mesure de r\u00e9pondre \u00e0 toutes les normes de s\u00e9curit\u00e9 modernes, id\u00e9al pour les motos Custom, Vintage, Caf\u00e8 racer, Harley Davidson, Triumph, BMW, Honda, Guzzi, e Indian.<\/p>\n","protected":false},"excerpt":{"rendered":"<p>Le casque jet Vintage Roma Solid de la Collezione Oro est brillant, de couleur cr\u00e8me avec finition et int\u00e9rieur de couleur marron. Comme tous les produits de la Collezione Oro, il est fabriqu\u00e9 avec des mat\u00e9riaux de haute qualit\u00e9 qui le rendent l\u00e9ger, doux et particuli\u00e8rement confortable. R\u00e9serv\u00e9 \u00e0 tous les riders qui aiment un [&hellip;]<\/p>\n","protected":false},"featured_media":424,"comment_status":"closed","ping_status":"closed","template":"","meta":{"_acf_changed":false},"product_brand":[],"product_cat":[93],"product_tag":[],"giftcard-category":[],"class_list":{"0":"post-1257","1":"product","2":"type-product","3":"status-publish","4":"has-post-thumbnail","6":"product_cat-casques-oro","8":"first","9":"instock","10":"sale","11":"taxable","12":"shipping-taxable","13":"purchasable","14":"product-type-variable"},"acf":[],"jetpack_sharing_enabled":true,"_links":{"self":[{"href":"https:\/\/dmd.eu\/fr\/wp-json\/wp\/v2\/product\/1257","targetHints":{"allow":["GET"]}}],"collection":[{"href":"https:\/\/dmd.eu\/fr\/wp-json\/wp\/v2\/product"}],"about":[{"href":"https:\/\/dmd.eu\/fr\/wp-json\/wp\/v2\/types\/product"}],"replies":[{"embeddable":true,"href":"https:\/\/dmd.eu\/fr\/wp-json\/wp\/v2\/comments?post=1257"}],"wp:featuredmedia":[{"embeddable":true,"href":"https:\/\/dmd.eu\/fr\/wp-json\/wp\/v2\/media\/424"}],"wp:attachment":[{"href":"https:\/\/dmd.eu\/fr\/wp-json\/wp\/v2\/media?parent=1257"}],"wp:term":[{"taxonomy":"product_brand","embeddable":true,"href":"https:\/\/dmd.eu\/fr\/wp-json\/wp\/v2\/product_brand?post=1257"},{"taxonomy":"product_cat","embeddable":true,"href":"https:\/\/dmd.eu\/fr\/wp-json\/wp\/v2\/product_cat?post=1257"},{"taxonomy":"product_tag","embeddable":true,"href":"https:\/\/dmd.eu\/fr\/wp-json\/wp\/v2\/product_tag?post=1257"},{"taxonomy":"giftcard-category","embeddable":true,"href":"https:\/\/dmd.eu\/fr\/wp-json\/wp\/v2\/giftcard-category?post=1257"}],"curies":[{"name":"wp","href":"https:\/\/api.w.org\/{rel}","templated":true}]}}