{"id":1222,"date":"2023-08-07T10:59:27","date_gmt":"2023-08-07T08:59:27","guid":{"rendered":"https:\/\/www.dmd.eu\/product\/non%20class\u00e9\/londra\/"},"modified":"2025-12-02T00:14:46","modified_gmt":"2025-12-01T23:14:46","slug":"londra","status":"publish","type":"product","link":"https:\/\/dmd.eu\/fr\/prodotto\/casques-oro\/londra\/","title":{"rendered":"LONDRA"},"content":{"rendered":"<p>Le <strong>casque jet Vintage Londra<\/strong> est gris brillant avec une finition int\u00e9rieure en cuir bleu \u00e9lectrique.<br \/>\nComme tous les produits de la Collezione Oro, il est fabriqu\u00e9 avec des mat\u00e9riaux de haute qualit\u00e9 qui le rendent l\u00e9ger, doux et particuli\u00e8rement confortable.<br \/>\nLa base neutre, enrichie par la touche de couleur des bords en cuir, le rend compatible avec tout type de moto, que ce soit une moto Custom, Vintage ou Caf\u00e9 Racer.<\/p>\n","protected":false},"excerpt":{"rendered":"<p>Le casque jet Vintage Londra est gris brillant avec une finition int\u00e9rieure en cuir bleu \u00e9lectrique. Comme tous les produits de la Collezione Oro, il est fabriqu\u00e9 avec des mat\u00e9riaux de haute qualit\u00e9 qui le rendent l\u00e9ger, doux et particuli\u00e8rement confortable. La base neutre, enrichie par la touche de couleur des bords en cuir, le [&hellip;]<\/p>\n","protected":false},"featured_media":921,"comment_status":"closed","ping_status":"closed","template":"","meta":{"_acf_changed":false},"product_brand":[],"product_cat":[93],"product_tag":[],"giftcard-category":[],"class_list":{"0":"post-1222","1":"product","2":"type-product","3":"status-publish","4":"has-post-thumbnail","6":"product_cat-casques-oro","8":"first","9":"instock","10":"sale","11":"taxable","12":"shipping-taxable","13":"purchasable","14":"product-type-variable"},"acf":[],"jetpack_sharing_enabled":true,"_links":{"self":[{"href":"https:\/\/dmd.eu\/fr\/wp-json\/wp\/v2\/product\/1222","targetHints":{"allow":["GET"]}}],"collection":[{"href":"https:\/\/dmd.eu\/fr\/wp-json\/wp\/v2\/product"}],"about":[{"href":"https:\/\/dmd.eu\/fr\/wp-json\/wp\/v2\/types\/product"}],"replies":[{"embeddable":true,"href":"https:\/\/dmd.eu\/fr\/wp-json\/wp\/v2\/comments?post=1222"}],"wp:featuredmedia":[{"embeddable":true,"href":"https:\/\/dmd.eu\/fr\/wp-json\/wp\/v2\/media\/921"}],"wp:attachment":[{"href":"https:\/\/dmd.eu\/fr\/wp-json\/wp\/v2\/media?parent=1222"}],"wp:term":[{"taxonomy":"product_brand","embeddable":true,"href":"https:\/\/dmd.eu\/fr\/wp-json\/wp\/v2\/product_brand?post=1222"},{"taxonomy":"product_cat","embeddable":true,"href":"https:\/\/dmd.eu\/fr\/wp-json\/wp\/v2\/product_cat?post=1222"},{"taxonomy":"product_tag","embeddable":true,"href":"https:\/\/dmd.eu\/fr\/wp-json\/wp\/v2\/product_tag?post=1222"},{"taxonomy":"giftcard-category","embeddable":true,"href":"https:\/\/dmd.eu\/fr\/wp-json\/wp\/v2\/giftcard-category?post=1222"}],"curies":[{"name":"wp","href":"https:\/\/api.w.org\/{rel}","templated":true}]}}