{"id":10241,"date":"2023-09-03T07:53:25","date_gmt":"2023-09-03T05:53:25","guid":{"rendered":"https:\/\/www.dmd.eu\/product\/non%20class\u00e9\/gilet-green-cotton-waxed\/"},"modified":"2025-12-02T00:14:21","modified_gmt":"2025-12-01T23:14:21","slug":"gilet-green","status":"publish","type":"product","link":"https:\/\/dmd.eu\/fr\/prodotto\/vetements-moto\/gilet\/gilet-green\/","title":{"rendered":"GILET GREEN"},"content":{"rendered":"<p>Le <strong>gilet<\/strong> en coton cir\u00e9\u00a0est un v\u00eatement au look vintage authentique, indispensable pour tous les passionn\u00e9s de moto. Ce mod\u00e8le court est riche en d\u00e9tails, comme\u00a0ses\u00a0poches\u00a0transversales qui sont facilement accessibles, ce qui est pratique au cours des road-trips en moto. R\u00e9alis\u00e9 en vert fonc\u00e9.<\/p>\n<p>\ud83c\uddee\ud83c\uddf9 Fabriqu\u00e9 en Italie, avec passion.<\/p>\n","protected":false},"excerpt":{"rendered":"<p>Le gilet en coton cir\u00e9\u00a0est un v\u00eatement au look vintage authentique, indispensable pour tous les passionn\u00e9s de moto. Ce mod\u00e8le court est riche en d\u00e9tails, comme\u00a0ses\u00a0poches\u00a0transversales qui sont facilement accessibles, ce qui est pratique au cours des road-trips en moto. R\u00e9alis\u00e9 en vert fonc\u00e9. \ud83c\uddee\ud83c\uddf9 Fabriqu\u00e9 en Italie, avec passion.<\/p>\n","protected":false},"featured_media":9580,"comment_status":"closed","ping_status":"closed","template":"","meta":{"_acf_changed":false},"product_brand":[],"product_cat":[4745,263],"product_tag":[],"giftcard-category":[],"class_list":{"0":"post-10241","1":"product","2":"type-product","3":"status-publish","4":"has-post-thumbnail","6":"product_cat-gilet","7":"product_cat-vetements-moto","9":"first","10":"instock","11":"featured","12":"taxable","13":"shipping-taxable","14":"purchasable","15":"product-type-variable"},"acf":[],"jetpack_sharing_enabled":true,"_links":{"self":[{"href":"https:\/\/dmd.eu\/fr\/wp-json\/wp\/v2\/product\/10241","targetHints":{"allow":["GET"]}}],"collection":[{"href":"https:\/\/dmd.eu\/fr\/wp-json\/wp\/v2\/product"}],"about":[{"href":"https:\/\/dmd.eu\/fr\/wp-json\/wp\/v2\/types\/product"}],"replies":[{"embeddable":true,"href":"https:\/\/dmd.eu\/fr\/wp-json\/wp\/v2\/comments?post=10241"}],"wp:featuredmedia":[{"embeddable":true,"href":"https:\/\/dmd.eu\/fr\/wp-json\/wp\/v2\/media\/9580"}],"wp:attachment":[{"href":"https:\/\/dmd.eu\/fr\/wp-json\/wp\/v2\/media?parent=10241"}],"wp:term":[{"taxonomy":"product_brand","embeddable":true,"href":"https:\/\/dmd.eu\/fr\/wp-json\/wp\/v2\/product_brand?post=10241"},{"taxonomy":"product_cat","embeddable":true,"href":"https:\/\/dmd.eu\/fr\/wp-json\/wp\/v2\/product_cat?post=10241"},{"taxonomy":"product_tag","embeddable":true,"href":"https:\/\/dmd.eu\/fr\/wp-json\/wp\/v2\/product_tag?post=10241"},{"taxonomy":"giftcard-category","embeddable":true,"href":"https:\/\/dmd.eu\/fr\/wp-json\/wp\/v2\/giftcard-category?post=10241"}],"curies":[{"name":"wp","href":"https:\/\/api.w.org\/{rel}","templated":true}]}}