{"id":10232,"date":"2023-09-03T07:53:25","date_gmt":"2023-09-03T05:53:25","guid":{"rendered":"https:\/\/www.dmd.eu\/product\/non%20class\u00e9\/gilet-jeans\/"},"modified":"2025-12-02T00:14:22","modified_gmt":"2025-12-01T23:14:22","slug":"gilet-jeans","status":"publish","type":"product","link":"https:\/\/dmd.eu\/fr\/prodotto\/vetements-moto\/gilet\/gilet-jeans\/","title":{"rendered":"GILET JEANS"},"content":{"rendered":"<p>Le <strong>gilet <\/strong>en tissu denim est un v\u00eatement au look vintage authentique, indispensable pour tous les passionn\u00e9s de moto. Ce mod\u00e8le court est riche en d\u00e9tails, comme ses poches transversales.<\/p>\n<p>\ud83c\uddee\ud83c\uddf9 Fabriqu\u00e9 en Italie, avec passion.<\/p>\n","protected":false},"excerpt":{"rendered":"<p>Le gilet en tissu denim est un v\u00eatement au look vintage authentique, indispensable pour tous les passionn\u00e9s de moto. Ce mod\u00e8le court est riche en d\u00e9tails, comme ses poches transversales. \ud83c\uddee\ud83c\uddf9 Fabriqu\u00e9 en Italie, avec passion.<\/p>\n","protected":false},"featured_media":9610,"comment_status":"closed","ping_status":"closed","template":"","meta":{"_acf_changed":false},"product_brand":[],"product_cat":[4745,263],"product_tag":[],"giftcard-category":[],"class_list":{"0":"post-10232","1":"product","2":"type-product","3":"status-publish","4":"has-post-thumbnail","6":"product_cat-gilet","7":"product_cat-vetements-moto","9":"first","10":"instock","11":"taxable","12":"shipping-taxable","13":"purchasable","14":"product-type-variable"},"acf":[],"jetpack_sharing_enabled":true,"_links":{"self":[{"href":"https:\/\/dmd.eu\/fr\/wp-json\/wp\/v2\/product\/10232","targetHints":{"allow":["GET"]}}],"collection":[{"href":"https:\/\/dmd.eu\/fr\/wp-json\/wp\/v2\/product"}],"about":[{"href":"https:\/\/dmd.eu\/fr\/wp-json\/wp\/v2\/types\/product"}],"replies":[{"embeddable":true,"href":"https:\/\/dmd.eu\/fr\/wp-json\/wp\/v2\/comments?post=10232"}],"wp:featuredmedia":[{"embeddable":true,"href":"https:\/\/dmd.eu\/fr\/wp-json\/wp\/v2\/media\/9610"}],"wp:attachment":[{"href":"https:\/\/dmd.eu\/fr\/wp-json\/wp\/v2\/media?parent=10232"}],"wp:term":[{"taxonomy":"product_brand","embeddable":true,"href":"https:\/\/dmd.eu\/fr\/wp-json\/wp\/v2\/product_brand?post=10232"},{"taxonomy":"product_cat","embeddable":true,"href":"https:\/\/dmd.eu\/fr\/wp-json\/wp\/v2\/product_cat?post=10232"},{"taxonomy":"product_tag","embeddable":true,"href":"https:\/\/dmd.eu\/fr\/wp-json\/wp\/v2\/product_tag?post=10232"},{"taxonomy":"giftcard-category","embeddable":true,"href":"https:\/\/dmd.eu\/fr\/wp-json\/wp\/v2\/giftcard-category?post=10232"}],"curies":[{"name":"wp","href":"https:\/\/api.w.org\/{rel}","templated":true}]}}