{"id":10225,"date":"2023-09-03T07:53:26","date_gmt":"2023-09-03T05:53:26","guid":{"rendered":"https:\/\/www.dmd.eu\/product\/non%20class\u00e9\/gilet-sand-cotton-waxed\/"},"modified":"2026-02-14T16:41:49","modified_gmt":"2026-02-14T15:41:49","slug":"gilet-sand","status":"publish","type":"product","link":"https:\/\/dmd.eu\/fr\/prodotto\/vetements-moto\/gilet\/gilet-sand\/","title":{"rendered":"GILET SAND"},"content":{"rendered":"<p>Le <strong>gilet <\/strong>en coton cir\u00e9 est un v\u00eatement au look vintage authentique, indispensable pour tous les passionn\u00e9s de moto. Ce mod\u00e8le court est riche en d\u00e9tails, comme ses poches transversales qui sont facilement accessibles, ce qui est pratique au cours des road-trips en moto. R\u00e9alis\u00e9 en couleur sable.<\/p>\n<p>\ud83c\uddee\ud83c\uddf9 Fabriqu\u00e9 en Italie, avec passion.<\/p>\n","protected":false},"excerpt":{"rendered":"<p>Le gilet en coton cir\u00e9 est un v\u00eatement au look vintage authentique, indispensable pour tous les passionn\u00e9s de moto. Ce mod\u00e8le court est riche en d\u00e9tails, comme ses poches transversales qui sont facilement accessibles, ce qui est pratique au cours des road-trips en moto. R\u00e9alis\u00e9 en couleur sable. \ud83c\uddee\ud83c\uddf9 Fabriqu\u00e9 en Italie, avec passion.<\/p>\n","protected":false},"featured_media":50567,"comment_status":"closed","ping_status":"closed","template":"","meta":{"_acf_changed":false},"product_brand":[],"product_cat":[4745,263],"product_tag":[],"giftcard-category":[],"class_list":{"0":"post-10225","1":"product","2":"type-product","3":"status-publish","4":"has-post-thumbnail","6":"product_cat-gilet","7":"product_cat-vetements-moto","9":"first","10":"instock","11":"taxable","12":"shipping-taxable","13":"purchasable","14":"product-type-variable"},"acf":[],"jetpack_sharing_enabled":true,"_links":{"self":[{"href":"https:\/\/dmd.eu\/fr\/wp-json\/wp\/v2\/product\/10225","targetHints":{"allow":["GET"]}}],"collection":[{"href":"https:\/\/dmd.eu\/fr\/wp-json\/wp\/v2\/product"}],"about":[{"href":"https:\/\/dmd.eu\/fr\/wp-json\/wp\/v2\/types\/product"}],"replies":[{"embeddable":true,"href":"https:\/\/dmd.eu\/fr\/wp-json\/wp\/v2\/comments?post=10225"}],"wp:featuredmedia":[{"embeddable":true,"href":"https:\/\/dmd.eu\/fr\/wp-json\/wp\/v2\/media\/50567"}],"wp:attachment":[{"href":"https:\/\/dmd.eu\/fr\/wp-json\/wp\/v2\/media?parent=10225"}],"wp:term":[{"taxonomy":"product_brand","embeddable":true,"href":"https:\/\/dmd.eu\/fr\/wp-json\/wp\/v2\/product_brand?post=10225"},{"taxonomy":"product_cat","embeddable":true,"href":"https:\/\/dmd.eu\/fr\/wp-json\/wp\/v2\/product_cat?post=10225"},{"taxonomy":"product_tag","embeddable":true,"href":"https:\/\/dmd.eu\/fr\/wp-json\/wp\/v2\/product_tag?post=10225"},{"taxonomy":"giftcard-category","embeddable":true,"href":"https:\/\/dmd.eu\/fr\/wp-json\/wp\/v2\/giftcard-category?post=10225"}],"curies":[{"name":"wp","href":"https:\/\/api.w.org\/{rel}","templated":true}]}}