{"id":10182,"date":"2023-09-03T07:53:22","date_gmt":"2023-09-03T05:53:22","guid":{"rendered":"https:\/\/www.dmd.eu\/product\/non%20class\u00e9\/bunny-blue-waxed-cotton\/"},"modified":"2025-05-20T15:25:28","modified_gmt":"2025-05-20T13:25:28","slug":"bunny-blue","status":"publish","type":"product","link":"https:\/\/dmd.eu\/fr\/prodotto\/vetements-moto\/vestes\/bunny-blue\/","title":{"rendered":"BUNNY BLUE"},"content":{"rendered":"<p><strong>Veste de moto Bunny<\/strong> protectrice et homologu\u00e9e. Certification CE: AA.<\/p>\n<p>La veste mod\u00e8le Bunny est id\u00e9al pour ceux qui recherchent un look caf\u00e9 racer mais sans exc\u00e8s.<br \/>\nFabriqu\u00e9e dans notre exclusif coton cir\u00e9 imperm\u00e9able, cette veste est con\u00e7ue pour ceux qui recherchent une ligne \u00e9pur\u00e9e et est id\u00e9ale pour les sorties urbaines.<br \/>\nLa couture centrale ajoute un d\u00e9tail qui attire l&rsquo;attention sans compromettre la silhouette classique.<\/p>\n","protected":false},"excerpt":{"rendered":"<p>Veste de moto Bunny protectrice et homologu\u00e9e. Certification CE: AA. La veste mod\u00e8le Bunny est id\u00e9al pour ceux qui recherchent un look caf\u00e9 racer mais sans exc\u00e8s. Fabriqu\u00e9e dans notre exclusif coton cir\u00e9 imperm\u00e9able, cette veste est con\u00e7ue pour ceux qui recherchent une ligne \u00e9pur\u00e9e et est id\u00e9ale pour les sorties urbaines. La couture centrale [&hellip;]<\/p>\n","protected":false},"featured_media":9445,"comment_status":"closed","ping_status":"closed","template":"","meta":{"_acf_changed":false},"product_brand":[],"product_cat":[367,263],"product_tag":[],"giftcard-category":[],"class_list":{"0":"post-10182","1":"product","2":"type-product","3":"status-publish","4":"has-post-thumbnail","6":"product_cat-vestes","7":"product_cat-vetements-moto","9":"first","10":"outofstock","11":"sale","12":"taxable","13":"shipping-taxable","14":"purchasable","15":"product-type-variable"},"acf":[],"jetpack_sharing_enabled":true,"_links":{"self":[{"href":"https:\/\/dmd.eu\/fr\/wp-json\/wp\/v2\/product\/10182","targetHints":{"allow":["GET"]}}],"collection":[{"href":"https:\/\/dmd.eu\/fr\/wp-json\/wp\/v2\/product"}],"about":[{"href":"https:\/\/dmd.eu\/fr\/wp-json\/wp\/v2\/types\/product"}],"replies":[{"embeddable":true,"href":"https:\/\/dmd.eu\/fr\/wp-json\/wp\/v2\/comments?post=10182"}],"wp:featuredmedia":[{"embeddable":true,"href":"https:\/\/dmd.eu\/fr\/wp-json\/wp\/v2\/media\/9445"}],"wp:attachment":[{"href":"https:\/\/dmd.eu\/fr\/wp-json\/wp\/v2\/media?parent=10182"}],"wp:term":[{"taxonomy":"product_brand","embeddable":true,"href":"https:\/\/dmd.eu\/fr\/wp-json\/wp\/v2\/product_brand?post=10182"},{"taxonomy":"product_cat","embeddable":true,"href":"https:\/\/dmd.eu\/fr\/wp-json\/wp\/v2\/product_cat?post=10182"},{"taxonomy":"product_tag","embeddable":true,"href":"https:\/\/dmd.eu\/fr\/wp-json\/wp\/v2\/product_tag?post=10182"},{"taxonomy":"giftcard-category","embeddable":true,"href":"https:\/\/dmd.eu\/fr\/wp-json\/wp\/v2\/giftcard-category?post=10182"}],"curies":[{"name":"wp","href":"https:\/\/api.w.org\/{rel}","templated":true}]}}