{"id":10168,"date":"2023-09-03T07:53:24","date_gmt":"2023-09-03T05:53:24","guid":{"rendered":"https:\/\/www.dmd.eu\/product\/non%20class\u00e9\/shirt-check-brown-leather\/"},"modified":"2025-12-02T01:57:25","modified_gmt":"2025-12-02T00:57:25","slug":"leather-shirt-check-brown","status":"publish","type":"product","link":"https:\/\/dmd.eu\/fr\/prodotto\/vetements-moto\/vestes\/leather-shirt-check-brown\/","title":{"rendered":"LEATHER SHIRT CHECK BROWN"},"content":{"rendered":"<p><strong>Veste de moto Shirt en cuir<\/strong> protectrice et homologu\u00e9e. Certification CE: AA.<\/p>\n<p>Le mod\u00e8le de veste Shirt r\u00e9alis\u00e9 en cuir imprim\u00e9 se distingue par ses lignes \u00e9pur\u00e9es en parfait style caf\u00e9 racer et convient \u00e0 tous les types de motards. L&rsquo;imprim\u00e9 \u00e0 carreaux d&rsquo;inspiration vintage lui conf\u00e8re un aspect unique.<\/p>\n<p>\ud83c\uddee\ud83c\uddf9 Fabriqu\u00e9 en Italie, avec passion.<\/p>\n","protected":false},"excerpt":{"rendered":"<p>Veste de moto Shirt en cuir protectrice et homologu\u00e9e. Certification CE: AA. Le mod\u00e8le de veste Shirt r\u00e9alis\u00e9 en cuir imprim\u00e9 se distingue par ses lignes \u00e9pur\u00e9es en parfait style caf\u00e9 racer et convient \u00e0 tous les types de motards. L&rsquo;imprim\u00e9 \u00e0 carreaux d&rsquo;inspiration vintage lui conf\u00e8re un aspect unique. \ud83c\uddee\ud83c\uddf9 Fabriqu\u00e9 en Italie, avec [&hellip;]<\/p>\n","protected":false},"featured_media":49267,"comment_status":"closed","ping_status":"closed","template":"","meta":{"_acf_changed":false},"product_brand":[],"product_cat":[367,263],"product_tag":[],"giftcard-category":[],"class_list":{"0":"post-10168","1":"product","2":"type-product","3":"status-publish","4":"has-post-thumbnail","6":"product_cat-vestes","7":"product_cat-vetements-moto","9":"first","10":"instock","11":"taxable","12":"shipping-taxable","13":"purchasable","14":"product-type-variable"},"acf":[],"jetpack_sharing_enabled":true,"_links":{"self":[{"href":"https:\/\/dmd.eu\/fr\/wp-json\/wp\/v2\/product\/10168","targetHints":{"allow":["GET"]}}],"collection":[{"href":"https:\/\/dmd.eu\/fr\/wp-json\/wp\/v2\/product"}],"about":[{"href":"https:\/\/dmd.eu\/fr\/wp-json\/wp\/v2\/types\/product"}],"replies":[{"embeddable":true,"href":"https:\/\/dmd.eu\/fr\/wp-json\/wp\/v2\/comments?post=10168"}],"wp:featuredmedia":[{"embeddable":true,"href":"https:\/\/dmd.eu\/fr\/wp-json\/wp\/v2\/media\/49267"}],"wp:attachment":[{"href":"https:\/\/dmd.eu\/fr\/wp-json\/wp\/v2\/media?parent=10168"}],"wp:term":[{"taxonomy":"product_brand","embeddable":true,"href":"https:\/\/dmd.eu\/fr\/wp-json\/wp\/v2\/product_brand?post=10168"},{"taxonomy":"product_cat","embeddable":true,"href":"https:\/\/dmd.eu\/fr\/wp-json\/wp\/v2\/product_cat?post=10168"},{"taxonomy":"product_tag","embeddable":true,"href":"https:\/\/dmd.eu\/fr\/wp-json\/wp\/v2\/product_tag?post=10168"},{"taxonomy":"giftcard-category","embeddable":true,"href":"https:\/\/dmd.eu\/fr\/wp-json\/wp\/v2\/giftcard-category?post=10168"}],"curies":[{"name":"wp","href":"https:\/\/api.w.org\/{rel}","templated":true}]}}