{"id":10154,"date":"2023-09-03T07:53:24","date_gmt":"2023-09-03T05:53:24","guid":{"rendered":"https:\/\/www.dmd.eu\/product\/non%20class\u00e9\/blouse-black-cotton\/"},"modified":"2025-12-02T01:57:29","modified_gmt":"2025-12-02T00:57:29","slug":"blouse-black","status":"publish","type":"product","link":"https:\/\/dmd.eu\/fr\/prodotto\/vetements-moto\/vestes\/blouse-black\/","title":{"rendered":"BLOUSE BLACK"},"content":{"rendered":"<p><strong>Veste de moto Blouse<\/strong> protectrice et homologu\u00e9e. Certification CE: A.<\/p>\n<p>Le mod\u00e8le de veste Blouse r\u00e9alis\u00e9 en coton et fibres m\u00e9lang\u00e9es se distingue par ses lignes \u00e9pur\u00e9es en parfait style caf\u00e9 racer et convient \u00e0 tous les types de motards.<\/p>\n<p>\ud83c\uddee\ud83c\uddf9 Fabriqu\u00e9 en Italie, avec passion.<\/p>\n","protected":false},"excerpt":{"rendered":"<p>Veste de moto Blouse protectrice et homologu\u00e9e. Certification CE: A. Le mod\u00e8le de veste Blouse r\u00e9alis\u00e9 en coton et fibres m\u00e9lang\u00e9es se distingue par ses lignes \u00e9pur\u00e9es en parfait style caf\u00e9 racer et convient \u00e0 tous les types de motards. \ud83c\uddee\ud83c\uddf9 Fabriqu\u00e9 en Italie, avec passion.<\/p>\n","protected":false},"featured_media":9300,"comment_status":"closed","ping_status":"closed","template":"","meta":{"_acf_changed":false},"product_brand":[],"product_cat":[367,263],"product_tag":[],"giftcard-category":[],"class_list":{"0":"post-10154","1":"product","2":"type-product","3":"status-publish","4":"has-post-thumbnail","6":"product_cat-vestes","7":"product_cat-vetements-moto","9":"first","10":"instock","11":"taxable","12":"shipping-taxable","13":"purchasable","14":"product-type-variable"},"acf":[],"jetpack_sharing_enabled":true,"_links":{"self":[{"href":"https:\/\/dmd.eu\/fr\/wp-json\/wp\/v2\/product\/10154","targetHints":{"allow":["GET"]}}],"collection":[{"href":"https:\/\/dmd.eu\/fr\/wp-json\/wp\/v2\/product"}],"about":[{"href":"https:\/\/dmd.eu\/fr\/wp-json\/wp\/v2\/types\/product"}],"replies":[{"embeddable":true,"href":"https:\/\/dmd.eu\/fr\/wp-json\/wp\/v2\/comments?post=10154"}],"wp:featuredmedia":[{"embeddable":true,"href":"https:\/\/dmd.eu\/fr\/wp-json\/wp\/v2\/media\/9300"}],"wp:attachment":[{"href":"https:\/\/dmd.eu\/fr\/wp-json\/wp\/v2\/media?parent=10154"}],"wp:term":[{"taxonomy":"product_brand","embeddable":true,"href":"https:\/\/dmd.eu\/fr\/wp-json\/wp\/v2\/product_brand?post=10154"},{"taxonomy":"product_cat","embeddable":true,"href":"https:\/\/dmd.eu\/fr\/wp-json\/wp\/v2\/product_cat?post=10154"},{"taxonomy":"product_tag","embeddable":true,"href":"https:\/\/dmd.eu\/fr\/wp-json\/wp\/v2\/product_tag?post=10154"},{"taxonomy":"giftcard-category","embeddable":true,"href":"https:\/\/dmd.eu\/fr\/wp-json\/wp\/v2\/giftcard-category?post=10154"}],"curies":[{"name":"wp","href":"https:\/\/api.w.org\/{rel}","templated":true}]}}