{"id":10127,"date":"2023-09-03T07:53:23","date_gmt":"2023-09-03T05:53:23","guid":{"rendered":"https:\/\/www.dmd.eu\/product\/non%20class\u00e9\/solo-rider-olive-cotton-waxed\/"},"modified":"2025-12-02T00:14:25","modified_gmt":"2025-12-01T23:14:25","slug":"solo-rider-olive","status":"publish","type":"product","link":"https:\/\/dmd.eu\/fr\/prodotto\/ventes\/vetements\/solo-rider-olive\/","title":{"rendered":"SOLO RIDER OLIVE"},"content":{"rendered":"<p><strong>Veste de moto Solo Rider<\/strong> protectrice et homologu\u00e9e. Certification CE: AA.<\/p>\n<p>Le mod\u00e8le Solo Rider en coton cir\u00e9 imperm\u00e9able est la veste de motard caf\u00e9 racer classique, adapt\u00e9e \u00e0 tout type de moto.<br \/>\nLe mod\u00e8le est riche en d\u00e9tails, notamment des patchs matelass\u00e9s sur les \u00e9paules et les coudes qui rappellent les vestes utilis\u00e9es dans les courses de motos dans les ann\u00e9es 1920.<\/p>\n","protected":false},"excerpt":{"rendered":"<p>Veste de moto Solo Rider protectrice et homologu\u00e9e. Certification CE: AA. Le mod\u00e8le Solo Rider en coton cir\u00e9 imperm\u00e9able est la veste de motard caf\u00e9 racer classique, adapt\u00e9e \u00e0 tout type de moto. Le mod\u00e8le est riche en d\u00e9tails, notamment des patchs matelass\u00e9s sur les \u00e9paules et les coudes qui rappellent les vestes utilis\u00e9es dans [&hellip;]<\/p>\n","protected":false},"featured_media":9985,"comment_status":"closed","ping_status":"closed","template":"","meta":{"_acf_changed":false},"product_brand":[],"product_cat":[408,418],"product_tag":[],"giftcard-category":[],"class_list":{"0":"post-10127","1":"product","2":"type-product","3":"status-publish","4":"has-post-thumbnail","6":"product_cat-ventes","7":"product_cat-vetements","9":"first","10":"outofstock","11":"sale","12":"taxable","13":"shipping-taxable","14":"purchasable","15":"product-type-variable"},"acf":[],"jetpack_sharing_enabled":true,"_links":{"self":[{"href":"https:\/\/dmd.eu\/fr\/wp-json\/wp\/v2\/product\/10127","targetHints":{"allow":["GET"]}}],"collection":[{"href":"https:\/\/dmd.eu\/fr\/wp-json\/wp\/v2\/product"}],"about":[{"href":"https:\/\/dmd.eu\/fr\/wp-json\/wp\/v2\/types\/product"}],"replies":[{"embeddable":true,"href":"https:\/\/dmd.eu\/fr\/wp-json\/wp\/v2\/comments?post=10127"}],"wp:featuredmedia":[{"embeddable":true,"href":"https:\/\/dmd.eu\/fr\/wp-json\/wp\/v2\/media\/9985"}],"wp:attachment":[{"href":"https:\/\/dmd.eu\/fr\/wp-json\/wp\/v2\/media?parent=10127"}],"wp:term":[{"taxonomy":"product_brand","embeddable":true,"href":"https:\/\/dmd.eu\/fr\/wp-json\/wp\/v2\/product_brand?post=10127"},{"taxonomy":"product_cat","embeddable":true,"href":"https:\/\/dmd.eu\/fr\/wp-json\/wp\/v2\/product_cat?post=10127"},{"taxonomy":"product_tag","embeddable":true,"href":"https:\/\/dmd.eu\/fr\/wp-json\/wp\/v2\/product_tag?post=10127"},{"taxonomy":"giftcard-category","embeddable":true,"href":"https:\/\/dmd.eu\/fr\/wp-json\/wp\/v2\/giftcard-category?post=10127"}],"curies":[{"name":"wp","href":"https:\/\/api.w.org\/{rel}","templated":true}]}}