{"id":50476,"date":"2025-11-11T09:37:48","date_gmt":"2025-11-11T08:37:48","guid":{"rendered":"https:\/\/dmd.eu\/vetements-moto\/gilet\/"},"modified":"2025-12-02T10:43:54","modified_gmt":"2025-12-02T09:43:54","slug":"gilet","status":"publish","type":"page","link":"https:\/\/dmd.eu\/fr\/vetements-moto\/gilet\/","title":{"rendered":"GILET"},"content":{"rendered":"  <div id=\"b-categorypage-block_7c54d9bc3556bb475e0889f4df2f8657\" class=\"conteiner\">\n    <div class=\"header-category\">\n      <h1 class=\"big-text\">GILET<\/h1>\n      <div class=\"category-text--desktop\">\n        <p data-start=\"743\" data-end=\"948\">La collection de gilets estampill\u00e9s DMD convient \u00e0 tous les types de motards.<br data-start=\"820\" data-end=\"823\" \/>Ces mod\u00e8les regorgent de d\u00e9tails, comme les poches en biais qui permettent un acc\u00e8s facile \u00e0 ceux qui sont toujours \u00e0 moto.<\/p>\n<p data-start=\"950\" data-end=\"992\">\ud83c\uddee\ud83c\uddf9 Fabriqu\u00e9 en Italie, avec passion.<\/p>\n      <\/div>\n      <button class=\"link-anchor more-info-button\"><\/button>\n    <\/div>\n    <div class=\"image-page\" style=\"background-image:url('https:\/\/dmd.eu\/wp-content\/webp-express\/webp-images\/uploads\/2025\/12\/GILET.jpg.webp');\">\n    <\/div>\n    \n    <div class=\"more-info\">\n      <div id=\"info\" class=\"conteiner\">\n        <div class=\"box medium category-text--mobile\">\n          <p data-start=\"743\" data-end=\"948\">La collection de gilets estampill\u00e9s DMD convient \u00e0 tous les types de motards.<br data-start=\"820\" data-end=\"823\" \/>Ces mod\u00e8les regorgent de d\u00e9tails, comme les poches en biais qui permettent un acc\u00e8s facile \u00e0 ceux qui sont toujours \u00e0 moto.<\/p>\n<p data-start=\"950\" data-end=\"992\">\ud83c\uddee\ud83c\uddf9 Fabriqu\u00e9 en Italie, avec passion.<\/p>\n        <\/div>\n        <div class=\"box medium\">\n                  <\/div>\n        <div class=\"box medium\">\n                  <\/div>\n      <\/div>\n    <\/div>\n\n    <div class=\"filter-row\">\n                <\/div>\n\n          \n<a href=\"https:\/\/dmd.eu\/fr\/prodotto\/vetements-moto\/gilet\/gilet-green\/\" class=\"product-preview w-inline-block\" data-ix=\"hover-product\">\n    <img decoding=\"async\" src=\"https:\/\/dmd.eu\/wp-content\/webp-express\/webp-images\/uploads\/2023\/09\/DMD-Gilet-green-cotton-waxed-front.jpg.webp\" loading=\"lazy\" alt=\"dmd.eu - GILET GREEN\" class=\"product-image\">\n  <div class=\"title-product-content\">\n    <h3 class=\"extra-small-title\">GILET GREEN<\/h3>\n    <div>\n      <span class=\"woocommerce-Price-amount amount\"><bdi>150,00<span class=\"woocommerce-Price-currencySymbol\">&euro;<\/span><\/bdi><\/span><span>\n    <\/div>\n  <\/div>\n    <\/a>\n<a href=\"https:\/\/dmd.eu\/fr\/prodotto\/vetements-moto\/gilet\/gilet-blue\/\" class=\"product-preview w-inline-block\" data-ix=\"hover-product\">\n    <img decoding=\"async\" src=\"https:\/\/dmd.eu\/wp-content\/webp-express\/webp-images\/uploads\/2023\/09\/DMD-Gilet-blue-cotton-waxed-front.jpg.webp\" loading=\"lazy\" alt=\"dmd.eu - GILET BLUE\" class=\"product-image\">\n  <div class=\"title-product-content\">\n    <h3 class=\"extra-small-title\">GILET BLUE<\/h3>\n    <div>\n      <span class=\"woocommerce-Price-amount amount\"><bdi>150,00<span class=\"woocommerce-Price-currencySymbol\">&euro;<\/span><\/bdi><\/span><span>\n    <\/div>\n  <\/div>\n    <\/a>\n<a href=\"https:\/\/dmd.eu\/fr\/prodotto\/vetements-moto\/gilet\/gilet-sand\/\" class=\"product-preview w-inline-block\" data-ix=\"hover-product\">\n    <img decoding=\"async\" src=\"https:\/\/dmd.eu\/wp-content\/webp-express\/webp-images\/uploads\/2023\/09\/DMD-Gilet-sand-cotton-waxed-front-2.jpg.webp\" loading=\"lazy\" alt=\"dmd.eu - GILET SAND\" class=\"product-image\">\n  <div class=\"title-product-content\">\n    <h3 class=\"extra-small-title\">GILET SAND<\/h3>\n    <div>\n      <span class=\"woocommerce-Price-amount amount\"><bdi>150,00<span class=\"woocommerce-Price-currencySymbol\">&euro;<\/span><\/bdi><\/span><span>\n    <\/div>\n  <\/div>\n    <\/a>\n<a href=\"https:\/\/dmd.eu\/fr\/prodotto\/vetements-moto\/gilet\/gilet-olive\/\" class=\"product-preview w-inline-block\" data-ix=\"hover-product\">\n    <img decoding=\"async\" src=\"https:\/\/dmd.eu\/wp-content\/webp-express\/webp-images\/uploads\/2023\/09\/DMD-Gilet-olive-cotton-waxed-front.jpg.webp\" loading=\"lazy\" alt=\"dmd.eu - GILET OLIVE\" class=\"product-image\">\n  <div class=\"title-product-content\">\n    <h3 class=\"extra-small-title\">GILET OLIVE<\/h3>\n    <div>\n      <span class=\"woocommerce-Price-amount amount\"><bdi>150,00<span class=\"woocommerce-Price-currencySymbol\">&euro;<\/span><\/bdi><\/span><span>\n    <\/div>\n  <\/div>\n    <\/a>\n<a href=\"https:\/\/dmd.eu\/fr\/prodotto\/vetements-moto\/gilet\/gilet-black\/\" class=\"product-preview w-inline-block\" data-ix=\"hover-product\">\n    <img decoding=\"async\" src=\"https:\/\/dmd.eu\/wp-content\/webp-express\/webp-images\/uploads\/2023\/09\/DMD-Gilet-black-cotton-waxed-front.jpg.webp\" loading=\"lazy\" alt=\"dmd.eu - GILET BLACK\" class=\"product-image\">\n  <div class=\"title-product-content\">\n    <h3 class=\"extra-small-title\">GILET BLACK<\/h3>\n    <div>\n      <span class=\"woocommerce-Price-amount amount\"><bdi>150,00<span class=\"woocommerce-Price-currencySymbol\">&euro;<\/span><\/bdi><\/span><span>\n    <\/div>\n  <\/div>\n    <\/a>\n<a href=\"https:\/\/dmd.eu\/fr\/prodotto\/vetements-moto\/gilet\/gilet-jeans\/\" class=\"product-preview w-inline-block\" data-ix=\"hover-product\">\n    <img decoding=\"async\" src=\"https:\/\/dmd.eu\/wp-content\/webp-express\/webp-images\/uploads\/2023\/09\/DMD-Gilet-Jeans-front.jpg.webp\" loading=\"lazy\" alt=\"dmd.eu - GILET JEANS\" class=\"product-image\">\n  <div class=\"title-product-content\">\n    <h3 class=\"extra-small-title\">GILET JEANS<\/h3>\n    <div>\n      <span class=\"woocommerce-Price-amount amount\"><bdi>150,00<span class=\"woocommerce-Price-currencySymbol\">&euro;<\/span><\/bdi><\/span><span>\n    <\/div>\n  <\/div>\n    <\/a>  <\/div>","protected":false},"excerpt":{"rendered":"","protected":false},"author":8,"featured_media":0,"parent":12541,"menu_order":0,"comment_status":"closed","ping_status":"closed","template":"","meta":{"_acf_changed":true,"footnotes":""},"class_list":["post-50476","page","type-page","status-publish","hentry"],"acf":[],"jetpack_sharing_enabled":true,"_links":{"self":[{"href":"https:\/\/dmd.eu\/fr\/wp-json\/wp\/v2\/pages\/50476","targetHints":{"allow":["GET"]}}],"collection":[{"href":"https:\/\/dmd.eu\/fr\/wp-json\/wp\/v2\/pages"}],"about":[{"href":"https:\/\/dmd.eu\/fr\/wp-json\/wp\/v2\/types\/page"}],"author":[{"embeddable":true,"href":"https:\/\/dmd.eu\/fr\/wp-json\/wp\/v2\/users\/8"}],"replies":[{"embeddable":true,"href":"https:\/\/dmd.eu\/fr\/wp-json\/wp\/v2\/comments?post=50476"}],"version-history":[{"count":0,"href":"https:\/\/dmd.eu\/fr\/wp-json\/wp\/v2\/pages\/50476\/revisions"}],"up":[{"embeddable":true,"href":"https:\/\/dmd.eu\/fr\/wp-json\/wp\/v2\/pages\/12541"}],"wp:attachment":[{"href":"https:\/\/dmd.eu\/fr\/wp-json\/wp\/v2\/media?parent=50476"}],"curies":[{"name":"wp","href":"https:\/\/api.w.org\/{rel}","templated":true}]}}