{"id":34791,"date":"2024-11-26T10:49:36","date_gmt":"2024-11-26T09:49:36","guid":{"rendered":"https:\/\/dmd.eu\/negozi\/"},"modified":"2025-08-19T14:03:52","modified_gmt":"2025-08-19T12:03:52","slug":"boutique-2","status":"publish","type":"page","link":"https:\/\/dmd.eu\/fr\/boutique-2\/","title":{"rendered":"BOUTIQUES"},"content":{"rendered":"  <div class=\"box-content \">\n    <div class=\"box-txt\">\n      <h1 class=\"big-text\">BOUTIQUES<\/h1>\n      <p>Venez nous rendre visite et d\u00e9couvrez notre s\u00e9lection de casques et de v\u00eatements! Nos <strong>flagship store<\/strong> se trouvent:<\/p>\n<p><strong>BERGAMO<\/strong><br \/>\n<a href=\"https:\/\/g.co\/kgs\/AWF6yFJ\">Via Legnano 31,<\/a><br \/>\n24124, Bergamo Italia<\/p>\n<p>Horaires :<br \/>\nLundi \u2013 Vendredi : 9 \u2013 13 | 14 \u2013 18<br \/>\nSamedi : 9.30 \u2013 12.30 | 15 \u2013 18<\/p>\n<p>Email: <a href=\"mailto:contact@dmd.eu\">contact@dmd.eu<\/a><\/p>\n<p><strong>MILANO<br \/>\n<\/strong>O\/L Society<br \/>\n<a href=\"https:\/\/www.google.com\/search?q=Corso+di+Porta+Ticinese+53%2C+20123%2C+Milano+Italia&amp;sca_esv=02c44965d6d4b280&amp;rlz=1C5CHFA_enIT927IT932&amp;ei=t1YXZ5elELb77_UP2aqp6Qg&amp;ved=0ahUKEwjX3Lf3vaGJAxW2_bsIHVlVKo0Q4dUDCA8&amp;uact=5&amp;oq=Corso+di+Porta+Ticinese+53%2C+20123%2C+Milano+Italia&amp;gs_lp=Egxnd3Mtd2l6LXNlcnAiMENvcnNvIGRpIFBvcnRhIFRpY2luZXNlIDUzLCAyMDEyMywgTWlsYW5vIEl0YWxpYTICECYyAhAmMgIQJjICECYyCBAAGIAEGKIEMggQABiABBiiBDIIEAAYgAQYogQyCBAAGIAEGKIEMggQABiABBiiBEiDD1AAWKUEcAB4AZABAJgBTKABhAGqAQEyuAEDyAEA-AEBmAICoALYBJgDAJIHBTEuNC0xoAe-EQ&amp;sclient=gws-wiz-serp\" target=\"_blank\" rel=\"noopener\">Corso di Porta Ticinese 53,<\/a><br \/>\n20123, Milano Italia<br \/>\nTel. +39 0235947840<\/p>\n<p>Horaires :<br \/>\nMardi \u2013 Vendredi : 11 \u2013 14 | 15 \u2013 20<br \/>\nSamedi \u2013 Dimanche : 11 \u2013 19<\/p>\n<p>Email: <a href=\"contact@dmd.eu\">contact@dmd.eu<\/a><\/p>\n    <\/div>\n    <div class=\"box-image\">\n      <picture><source srcset=\"https:\/\/dmd.eu\/wp-content\/webp-express\/webp-images\/uploads\/2024\/11\/negozio.jpeg.webp\" type=\"image\/webp\"><source srcset=\"https:\/\/dmd.eu\/wp-content\/uploads\/2024\/11\/negozio.jpeg\" type=\"image\/jpeg\"><img decoding=\"async\" src=\"https:\/\/dmd.eu\/wp-content\/uploads\/2024\/11\/negozio.jpeg\" alt=\"DMD Helmets - BOUTIQUES\"><\/picture>    <\/div>\n  <\/div>\n","protected":false},"excerpt":{"rendered":"","protected":false},"author":7,"featured_media":0,"parent":0,"menu_order":0,"comment_status":"closed","ping_status":"closed","template":"","meta":{"_acf_changed":true,"footnotes":""},"class_list":["post-34791","page","type-page","status-publish","hentry"],"acf":[],"jetpack_sharing_enabled":true,"_links":{"self":[{"href":"https:\/\/dmd.eu\/fr\/wp-json\/wp\/v2\/pages\/34791","targetHints":{"allow":["GET"]}}],"collection":[{"href":"https:\/\/dmd.eu\/fr\/wp-json\/wp\/v2\/pages"}],"about":[{"href":"https:\/\/dmd.eu\/fr\/wp-json\/wp\/v2\/types\/page"}],"author":[{"embeddable":true,"href":"https:\/\/dmd.eu\/fr\/wp-json\/wp\/v2\/users\/7"}],"replies":[{"embeddable":true,"href":"https:\/\/dmd.eu\/fr\/wp-json\/wp\/v2\/comments?post=34791"}],"version-history":[{"count":0,"href":"https:\/\/dmd.eu\/fr\/wp-json\/wp\/v2\/pages\/34791\/revisions"}],"wp:attachment":[{"href":"https:\/\/dmd.eu\/fr\/wp-json\/wp\/v2\/media?parent=34791"}],"curies":[{"name":"wp","href":"https:\/\/api.w.org\/{rel}","templated":true}]}}