{"id":24468,"date":"2024-05-15T14:32:22","date_gmt":"2024-05-15T12:32:22","guid":{"rendered":"https:\/\/www.dmd.eu\/casques-integraux-moto\/rivale-06\/"},"modified":"2025-12-02T10:42:03","modified_gmt":"2025-12-02T09:42:03","slug":"rivale-06","status":"publish","type":"page","link":"https:\/\/dmd.eu\/fr\/casques-integraux-moto\/rivale-06\/","title":{"rendered":"RIVALE ECE 22.06"},"content":{"rendered":"  <div id=\"b-categorypage-block_b9fc2bff4be7fcafb316cc3f6f97e0cd\" class=\"conteiner\">\n    <div class=\"header-category\">\n      <h1 class=\"big-text\">CASQUES INT\u00c9GRAUX RIVALE<br \/>\r\nECE 22.06<\/h1>\n      <div class=\"category-text--desktop\">\n        <p>Les <strong>casques int\u00e9graux<\/strong> de la collection <strong>Rivale<\/strong> sont un concentr\u00e9 d&rsquo;innovation et de technologie. Gr\u00e2ce \u00e0 une nouvelle fibre tri-composite, nous avons pu cr\u00e9er un produit super-compact au design essentiel qui r\u00e9pond \u00e0 toutes les normes de s\u00e9curit\u00e9 modernes et offre un ajustement confortable. Un casque int\u00e9gral au go\u00fbt classique qui rend hommage aux ann\u00e9es fastes du sport motocycliste.<br \/>\nDisponible en deux coques, de la taille XS \u00e0 la taille XL.<\/p>\n<p>\ud83c\uddee\ud83c\uddf9 Fabriqu\u00e9 en Italie, avec passion.<\/p>\n      <\/div>\n      <button class=\"link-anchor more-info-button\">Lire plus d\u2019informations<\/button>\n    <\/div>\n    <div class=\"image-page\" style=\"background-image:url('https:\/\/dmd.eu\/wp-content\/webp-express\/webp-images\/uploads\/2025\/12\/RIVALE.jpg.webp');\">\n    <\/div>\n    \n    <div class=\"more-info\">\n      <div id=\"info\" class=\"conteiner\">\n        <div class=\"box medium category-text--mobile\">\n          <p>Les <strong>casques int\u00e9graux<\/strong> de la collection <strong>Rivale<\/strong> sont un concentr\u00e9 d&rsquo;innovation et de technologie. Gr\u00e2ce \u00e0 une nouvelle fibre tri-composite, nous avons pu cr\u00e9er un produit super-compact au design essentiel qui r\u00e9pond \u00e0 toutes les normes de s\u00e9curit\u00e9 modernes et offre un ajustement confortable. Un casque int\u00e9gral au go\u00fbt classique qui rend hommage aux ann\u00e9es fastes du sport motocycliste.<br \/>\nDisponible en deux coques, de la taille XS \u00e0 la taille XL.<\/p>\n<p>\ud83c\uddee\ud83c\uddf9 Fabriqu\u00e9 en Italie, avec passion.<\/p>\n        <\/div>\n        <div class=\"box medium\">\n          <h4>POURQUOI CHOISIR LES CASQUES INT\u00c9GRAUX MOTOS RIVALE<\/h4>\n<p>Les <strong>casques int\u00e9graux<\/strong> de la collection <strong>Rivale<\/strong> sont dot\u00e9s d\u2019une coque unique en fibre tri-composite, l\u00e9g\u00e8re \u00e0 l\u2019usage mais r\u00e9sistante aux chocs. Le design moderne permet \u00e0 tous les motocyclistes de revivre les sensations des courses des ann\u00e9es 1970. Le style des casques int\u00e9graux DMD Rivale s\u2019adapte parfaitement aux motos qui rappellent les mod\u00e8les du sport motocycliste. Pour choisir la bonne taille, suivez le guide des tailles dans chaque fiche produit et trouvez la taille qui correspond \u00e0 votre tour de t\u00eate. N\u2019oubliez pas qu\u2019il est possible de modifier l\u2019int\u00e9rieur du casque, en changeant la taille, si la taille de la coque est la m\u00eame.<\/p>\n        <\/div>\n        <div class=\"box medium\">\n          <h4>QUELQUES INFORMATIONS UTILES POUR TOUS LES MOTOCYCLISTES:<\/h4>\n<ul>\n<li>Tous les casques int\u00e9graux Rivale sont dot\u00e9s d\u2019une fermeture \u00e0 double boucle pour garantir une s\u00e9curit\u00e9 absolue;<\/li>\n<li>Tous les casques de la collection ont une visi\u00e8re transparente avec lentille Pinlock incluse; il est possible d\u2019acheter la variante fonc\u00e9e s\u00e9par\u00e9ment.<\/li>\n<\/ul>\n<p>D\u00e9couvrez les casques int\u00e9graux dans toutes les versions disponibles: basic, graphique ou m\u00e9tallis\u00e9e. Roulez en toute confiance et avec style en portant un casque int\u00e9gral de la collection Rivale.<\/p>\n        <\/div>\n      <\/div>\n    <\/div>\n\n    <div class=\"filter-row\">\n                <\/div>\n\n          \n<a href=\"https:\/\/dmd.eu\/fr\/prodotto\/casques-integraux\/casques-rivale-06\/rivale-panther\/\" class=\"product-preview w-inline-block\" data-ix=\"hover-product\">\n    <img decoding=\"async\" src=\"https:\/\/dmd.eu\/wp-content\/webp-express\/webp-images\/uploads\/2026\/01\/DMD-Rivale-Panther-dx-1.jpg.webp\" loading=\"lazy\" alt=\"dmd.eu - RIVALE PANTHER\" class=\"product-image\">\n  <div class=\"title-product-content\">\n    <h3 class=\"extra-small-title\">RIVALE PANTHER<\/h3>\n    <div>\n      <span class=\"woocommerce-Price-amount amount\"><bdi>579,00<span class=\"woocommerce-Price-currencySymbol\">&euro;<\/span><\/bdi><\/span><span>\n    <\/div>\n  <\/div>\n    <\/a>\n<a href=\"https:\/\/dmd.eu\/fr\/prodotto\/casques-integraux\/casques-rivale-06\/rivale-red-eye\/\" class=\"product-preview w-inline-block\" data-ix=\"hover-product\">\n    <img decoding=\"async\" src=\"https:\/\/dmd.eu\/wp-content\/webp-express\/webp-images\/uploads\/2026\/01\/DMD-Rivale-Red-Eye-dx-1.jpg.webp\" loading=\"lazy\" alt=\"dmd.eu - RIVALE RED EYE\" class=\"product-image\">\n  <div class=\"title-product-content\">\n    <h3 class=\"extra-small-title\">RIVALE RED EYE<\/h3>\n    <div>\n      <span class=\"woocommerce-Price-amount amount\"><bdi>549,00<span class=\"woocommerce-Price-currencySymbol\">&euro;<\/span><\/bdi><\/span><span>\n    <\/div>\n  <\/div>\n    <\/a>\n<a href=\"https:\/\/dmd.eu\/fr\/prodotto\/casques-integraux\/casques-rivale-06\/rivale-carbon\/\" class=\"product-preview w-inline-block\" data-ix=\"hover-product\">\n    <img decoding=\"async\" src=\"https:\/\/dmd.eu\/wp-content\/webp-express\/webp-images\/uploads\/2026\/01\/DMD-Rivale-Carbon-dx.jpg.webp\" loading=\"lazy\" alt=\"dmd.eu - RIVALE CARBON\" class=\"product-image\">\n  <div class=\"title-product-content\">\n    <h3 class=\"extra-small-title\">RIVALE CARBON<\/h3>\n    <div>\n      <span class=\"woocommerce-Price-amount amount\"><bdi>599,00<span class=\"woocommerce-Price-currencySymbol\">&euro;<\/span><\/bdi><\/span><span>\n    <\/div>\n  <\/div>\n    <\/a>\n<a href=\"https:\/\/dmd.eu\/fr\/prodotto\/casques-integraux\/casques-rivale-06\/rivale-buzz\/\" class=\"product-preview w-inline-block\" data-ix=\"hover-product\">\n    <img decoding=\"async\" src=\"https:\/\/dmd.eu\/wp-content\/webp-express\/webp-images\/uploads\/2025\/01\/DMD-Rivale-Buzz-dx-3.jpg.webp\" loading=\"lazy\" alt=\"dmd.eu - RIVALE BUZZ\" class=\"product-image\">\n  <div class=\"title-product-content\">\n    <h3 class=\"extra-small-title\">RIVALE BUZZ<\/h3>\n    <div>\n      <span class=\"woocommerce-Price-amount amount\"><bdi>579,00<span class=\"woocommerce-Price-currencySymbol\">&euro;<\/span><\/bdi><\/span><span>\n    <\/div>\n  <\/div>\n    <\/a>\n<a href=\"https:\/\/dmd.eu\/fr\/prodotto\/casques-integraux\/casques-rivale-06\/rivale-cream-06\/\" class=\"product-preview w-inline-block\" data-ix=\"hover-product\">\n    <img decoding=\"async\" src=\"https:\/\/dmd.eu\/wp-content\/webp-express\/webp-images\/uploads\/2024\/05\/DMD-Rivale-Cream-dx.jpg.webp\" loading=\"lazy\" alt=\"dmd.eu - RIVALE CREAM\" class=\"product-image\">\n  <div class=\"title-product-content\">\n    <h3 class=\"extra-small-title\">RIVALE CREAM<\/h3>\n    <div>\n      <span class=\"woocommerce-Price-amount amount\"><bdi>479,00<span class=\"woocommerce-Price-currencySymbol\">&euro;<\/span><\/bdi><\/span><span>\n    <\/div>\n  <\/div>\n    <\/a>\n<a href=\"https:\/\/dmd.eu\/fr\/prodotto\/casques-integraux\/casques-rivale-06\/rivale-matt-black-06\/\" class=\"product-preview w-inline-block\" data-ix=\"hover-product\">\n    <img decoding=\"async\" src=\"https:\/\/dmd.eu\/wp-content\/webp-express\/webp-images\/uploads\/2024\/05\/DMD-Rivale-Matt-Black-dx-2.jpg.webp\" loading=\"lazy\" alt=\"dmd.eu - RIVALE MATT BLACK\" class=\"product-image\">\n  <div class=\"title-product-content\">\n    <h3 class=\"extra-small-title\">RIVALE MATT BLACK<\/h3>\n    <div>\n      <span class=\"woocommerce-Price-amount amount\"><bdi>479,00<span class=\"woocommerce-Price-currencySymbol\">&euro;<\/span><\/bdi><\/span><span>\n    <\/div>\n  <\/div>\n    <\/a>\n<a href=\"https:\/\/dmd.eu\/fr\/prodotto\/casques-integraux\/casques-rivale-06\/rivale-hawk-06\/\" class=\"product-preview w-inline-block\" data-ix=\"hover-product\">\n    <img decoding=\"async\" src=\"https:\/\/dmd.eu\/wp-content\/webp-express\/webp-images\/uploads\/2024\/05\/DMD-Rivale-Hawk-dx-1.jpg.webp\" loading=\"lazy\" alt=\"dmd.eu - RIVALE HAWK\" class=\"product-image\">\n  <div class=\"title-product-content\">\n    <h3 class=\"extra-small-title\">RIVALE HAWK<\/h3>\n    <div>\n      <span class=\"woocommerce-Price-amount amount\"><bdi>579,00<span class=\"woocommerce-Price-currencySymbol\">&euro;<\/span><\/bdi><\/span><span>\n    <\/div>\n  <\/div>\n    <\/a>\n<a href=\"https:\/\/dmd.eu\/fr\/prodotto\/casques-integraux\/casques-rivale-06\/rivale-blade-06\/\" class=\"product-preview w-inline-block\" data-ix=\"hover-product\">\n    <img decoding=\"async\" src=\"https:\/\/dmd.eu\/wp-content\/webp-express\/webp-images\/uploads\/2024\/05\/DMD-Rivale-Blade-dx-1.jpg.webp\" loading=\"lazy\" alt=\"dmd.eu - RIVALE BLADE\" class=\"product-image\">\n  <div class=\"title-product-content\">\n    <h3 class=\"extra-small-title\">RIVALE BLADE<\/h3>\n    <div>\n      <span class=\"woocommerce-Price-amount amount\"><bdi>579,00<span class=\"woocommerce-Price-currencySymbol\">&euro;<\/span><\/bdi><\/span><span>\n    <\/div>\n  <\/div>\n    <\/a>\n<a href=\"https:\/\/dmd.eu\/fr\/prodotto\/casques-integraux\/casques-rivale-06\/rivale-crayon-grey-06\/\" class=\"product-preview w-inline-block\" data-ix=\"hover-product\">\n    <img decoding=\"async\" src=\"https:\/\/dmd.eu\/wp-content\/webp-express\/webp-images\/uploads\/2024\/05\/DMD-Rivale-Crayon-Grey-dx-1.jpg.webp\" loading=\"lazy\" alt=\"dmd.eu - RIVALE CRAYON GREY\" class=\"product-image\">\n  <div class=\"title-product-content\">\n    <h3 class=\"extra-small-title\">RIVALE CRAYON GREY<\/h3>\n    <div>\n      <span class=\"woocommerce-Price-amount amount\"><bdi>479,00<span class=\"woocommerce-Price-currencySymbol\">&euro;<\/span><\/bdi><\/span><span>\n    <\/div>\n  <\/div>\n    <\/a>\n<a href=\"https:\/\/dmd.eu\/fr\/prodotto\/casques-integraux\/casques-rivale-06\/rivale-white\/\" class=\"product-preview w-inline-block\" data-ix=\"hover-product\">\n    <img decoding=\"async\" src=\"https:\/\/dmd.eu\/wp-content\/webp-express\/webp-images\/uploads\/2024\/05\/DMD-Rivale-White-dx.jpg.webp\" loading=\"lazy\" alt=\"dmd.eu - RIVALE WHITE\" class=\"product-image\">\n  <div class=\"title-product-content\">\n    <h3 class=\"extra-small-title\">RIVALE WHITE<\/h3>\n    <div>\n      <span class=\"woocommerce-Price-amount amount\"><bdi>479,00<span class=\"woocommerce-Price-currencySymbol\">&euro;<\/span><\/bdi><\/span><span>\n    <\/div>\n  <\/div>\n    <\/a>\n<a href=\"https:\/\/dmd.eu\/fr\/prodotto\/casques-integraux\/casques-rivale-06\/rivale-wot\/\" class=\"product-preview w-inline-block\" data-ix=\"hover-product\">\n    <img decoding=\"async\" src=\"https:\/\/dmd.eu\/wp-content\/uploads\/2024\/05\/DMD-Rivale-Wot-Front-scaled.jpg\" loading=\"lazy\" alt=\"dmd.eu - RIVALE WOT\" class=\"product-image\">\n  <div class=\"title-product-content\">\n    <h3 class=\"extra-small-title\">RIVALE WOT<\/h3>\n    <div>\n      <span class=\"woocommerce-Price-amount amount\"><bdi>549,00<span class=\"woocommerce-Price-currencySymbol\">&euro;<\/span><\/bdi><\/span><span>\n    <\/div>\n  <\/div>\n    <\/a>\n<a href=\"https:\/\/dmd.eu\/fr\/prodotto\/casques-integraux\/casques-rivale-06\/rivale-fuoco\/\" class=\"product-preview w-inline-block\" data-ix=\"hover-product\">\n    <img decoding=\"async\" src=\"https:\/\/dmd.eu\/wp-content\/webp-express\/webp-images\/uploads\/2024\/05\/DMD-Rivale-Fuoco-dx-1.jpg.webp\" loading=\"lazy\" alt=\"dmd.eu - RIVALE FUOCO\" class=\"product-image\">\n  <div class=\"title-product-content\">\n    <h3 class=\"extra-small-title\">RIVALE FUOCO<\/h3>\n    <div>\n      <span class=\"woocommerce-Price-amount amount\"><bdi>549,00<span class=\"woocommerce-Price-currencySymbol\">&euro;<\/span><\/bdi><\/span><span>\n    <\/div>\n  <\/div>\n    <\/a>\n<a href=\"https:\/\/dmd.eu\/fr\/prodotto\/casques-integraux\/casques-rivale-06\/rivale-acqua\/\" class=\"product-preview w-inline-block\" data-ix=\"hover-product\">\n    <img decoding=\"async\" src=\"https:\/\/dmd.eu\/wp-content\/webp-express\/webp-images\/uploads\/2024\/05\/DMD-Rivale-Acqua-dx-1.jpg.webp\" loading=\"lazy\" alt=\"dmd.eu - RIVALE ACQUA\" class=\"product-image\">\n  <div class=\"title-product-content\">\n    <h3 class=\"extra-small-title\">RIVALE ACQUA<\/h3>\n    <div>\n      <span class=\"woocommerce-Price-amount amount\"><bdi>549,00<span class=\"woocommerce-Price-currencySymbol\">&euro;<\/span><\/bdi><\/span><span>\n    <\/div>\n  <\/div>\n    <\/a>\n<a href=\"https:\/\/dmd.eu\/fr\/prodotto\/casques-integraux\/casques-rivale-06\/rivale-racing-06\/\" class=\"product-preview w-inline-block\" data-ix=\"hover-product\">\n    <img decoding=\"async\" src=\"https:\/\/dmd.eu\/wp-content\/webp-express\/webp-images\/uploads\/2024\/05\/DMD-Rivale-Racing-front-2.jpg.webp\" loading=\"lazy\" alt=\"dmd.eu - RIVALE RACING BLACK\" class=\"product-image\">\n  <div class=\"title-product-content\">\n    <h3 class=\"extra-small-title\">RIVALE RACING BLACK<\/h3>\n    <div>\n      <span class=\"woocommerce-Price-amount amount\"><bdi>525,00<span class=\"woocommerce-Price-currencySymbol\">&euro;<\/span><\/bdi><\/span><span>\n    <\/div>\n  <\/div>\n    <\/a>\n<a href=\"https:\/\/dmd.eu\/fr\/prodotto\/casques-integraux\/casques-rivale-06\/rivale-gp-06\/\" class=\"product-preview w-inline-block\" data-ix=\"hover-product\">\n    <img decoding=\"async\" src=\"https:\/\/dmd.eu\/wp-content\/webp-express\/webp-images\/uploads\/2024\/05\/DMD-Rivale-GP-front-4.jpg.webp\" loading=\"lazy\" alt=\"dmd.eu - RIVALE GP\" class=\"product-image\">\n  <div class=\"title-product-content\">\n    <h3 class=\"extra-small-title\">RIVALE GP<\/h3>\n    <div>\n      <span class=\"woocommerce-Price-amount amount\"><bdi>549,00<span class=\"woocommerce-Price-currencySymbol\">&euro;<\/span><\/bdi><\/span><span>\n    <\/div>\n  <\/div>\n    <\/a>\n<a href=\"https:\/\/dmd.eu\/fr\/prodotto\/casques-integraux\/casques-rivale-06\/rivale-solid-black-06\/\" class=\"product-preview w-inline-block\" data-ix=\"hover-product\">\n    <img decoding=\"async\" src=\"https:\/\/dmd.eu\/wp-content\/webp-express\/webp-images\/uploads\/2024\/05\/DMD-Rivale-Racing-dx-1.jpg.webp\" loading=\"lazy\" alt=\"dmd.eu - RIVALE SOLID BLACK\" class=\"product-image\">\n  <div class=\"title-product-content\">\n    <h3 class=\"extra-small-title\">RIVALE SOLID BLACK<\/h3>\n    <div>\n      <span class=\"woocommerce-Price-amount amount\"><bdi>479,00<span class=\"woocommerce-Price-currencySymbol\">&euro;<\/span><\/bdi><\/span><span>\n    <\/div>\n  <\/div>\n    <\/a>\n<a href=\"https:\/\/dmd.eu\/fr\/prodotto\/casques-integraux\/casques-rivale-06\/rivale-rame-06\/\" class=\"product-preview w-inline-block\" data-ix=\"hover-product\">\n    <img decoding=\"async\" src=\"https:\/\/dmd.eu\/wp-content\/webp-express\/webp-images\/uploads\/2024\/05\/DMD-Rivale-Rame-dx-1.jpg.webp\" loading=\"lazy\" alt=\"dmd.eu - RIVALE RAME\" class=\"product-image\">\n  <div class=\"title-product-content\">\n    <h3 class=\"extra-small-title\">RIVALE RAME<\/h3>\n    <div>\n      <span class=\"woocommerce-Price-amount amount\"><bdi>479,00<span class=\"woocommerce-Price-currencySymbol\">&euro;<\/span><\/bdi><\/span><span>\n    <\/div>\n  <\/div>\n    <\/a>  <\/div>","protected":false},"excerpt":{"rendered":"","protected":false},"author":8,"featured_media":0,"parent":12559,"menu_order":0,"comment_status":"closed","ping_status":"closed","template":"","meta":{"_acf_changed":true,"footnotes":""},"class_list":["post-24468","page","type-page","status-publish","hentry"],"acf":[],"jetpack_sharing_enabled":true,"_links":{"self":[{"href":"https:\/\/dmd.eu\/fr\/wp-json\/wp\/v2\/pages\/24468","targetHints":{"allow":["GET"]}}],"collection":[{"href":"https:\/\/dmd.eu\/fr\/wp-json\/wp\/v2\/pages"}],"about":[{"href":"https:\/\/dmd.eu\/fr\/wp-json\/wp\/v2\/types\/page"}],"author":[{"embeddable":true,"href":"https:\/\/dmd.eu\/fr\/wp-json\/wp\/v2\/users\/8"}],"replies":[{"embeddable":true,"href":"https:\/\/dmd.eu\/fr\/wp-json\/wp\/v2\/comments?post=24468"}],"version-history":[{"count":0,"href":"https:\/\/dmd.eu\/fr\/wp-json\/wp\/v2\/pages\/24468\/revisions"}],"up":[{"embeddable":true,"href":"https:\/\/dmd.eu\/fr\/wp-json\/wp\/v2\/pages\/12559"}],"wp:attachment":[{"href":"https:\/\/dmd.eu\/fr\/wp-json\/wp\/v2\/media?parent=24468"}],"curies":[{"name":"wp","href":"https:\/\/api.w.org\/{rel}","templated":true}]}}