{"id":18534,"date":"2024-04-03T12:01:48","date_gmt":"2024-04-03T10:01:48","guid":{"rendered":"https:\/\/www.dmd.eu\/casques-integraux-moto\/seventyseven\/"},"modified":"2025-12-02T10:42:18","modified_gmt":"2025-12-02T09:42:18","slug":"seventyseven","status":"publish","type":"page","link":"https:\/\/dmd.eu\/fr\/casques-integraux-moto\/seventyseven\/","title":{"rendered":"SEVENTYSEVEN"},"content":{"rendered":"  <div id=\"b-categorypage-block_bb292eeb2cce666d51c6eda8a5e2645f\" class=\"conteiner\">\n    <div class=\"header-category\">\n      <h1 class=\"big-text\">CASQUES DE MOTO INT\u00c9GRAUX SEVENTYSEVEN<\/h1>\n      <div class=\"category-text--desktop\">\n        <p>Les casques int\u00e9graux Seventyseven ravivent le design de la c\u00e9l\u00e8bre et ador\u00e9e coque des ann\u00e9es 70. Protecteurs et s\u00fbrs, ces mod\u00e8les sont tr\u00e8s l\u00e9gers. La grande ouverture avant et les a\u00e9rations apportent une touche agressive, tandis que la visi\u00e8re interne r\u00e9tractable anti-soleil rend le casque confortable, pratique et s\u00fbr.<\/p>\n<p>Tous les mod\u00e8les de cette cat\u00e9gorie sont homologu\u00e9s selon la nouvelle norme ECE 22.06.<\/p>\n<p>\ud83c\uddee\ud83c\uddf9 Fabriqu\u00e9 en Italie, avec passion.<\/p>\n      <\/div>\n      <button class=\"link-anchor more-info-button\">Lire plus d\u2019informations<\/button>\n    <\/div>\n    <div class=\"image-page\" style=\"background-image:url('https:\/\/dmd.eu\/wp-content\/webp-express\/webp-images\/uploads\/2025\/12\/SEVENTYSEVEN.jpg.webp');\">\n    <\/div>\n    \n    <div class=\"more-info\">\n      <div id=\"info\" class=\"conteiner\">\n        <div class=\"box medium category-text--mobile\">\n          <p>Les casques int\u00e9graux Seventyseven ravivent le design de la c\u00e9l\u00e8bre et ador\u00e9e coque des ann\u00e9es 70. Protecteurs et s\u00fbrs, ces mod\u00e8les sont tr\u00e8s l\u00e9gers. La grande ouverture avant et les a\u00e9rations apportent une touche agressive, tandis que la visi\u00e8re interne r\u00e9tractable anti-soleil rend le casque confortable, pratique et s\u00fbr.<\/p>\n<p>Tous les mod\u00e8les de cette cat\u00e9gorie sont homologu\u00e9s selon la nouvelle norme ECE 22.06.<\/p>\n<p>\ud83c\uddee\ud83c\uddf9 Fabriqu\u00e9 en Italie, avec passion.<\/p>\n        <\/div>\n        <div class=\"box medium\">\n          <p><strong>POURQUOI CHOISIR LES CASQUES INT\u00c9GRAUX MOTO SEVENTYSEVEN ?<\/strong><\/p>\n<p>Les casques int\u00e9graux Seventyseven sont dot\u00e9s d\u2019une coque exclusive en kevlar et carbone, l\u00e9g\u00e8re \u00e0 porter tout en restant extr\u00eamement r\u00e9sistante aux chocs. Leur design moderne permet \u00e0 chaque motard de revivre l&rsquo;excitation des courses des ann\u00e9es soixante-dix. En r\u00e9inventant le style classique, nous avons transform\u00e9 ces casques en v\u00e9ritables accessoires de mode, con\u00e7us pour s\u2019adapter \u00e0 tous les styles et compl\u00e9ter votre look, sans jamais renoncer \u00e0 la s\u00e9curit\u00e9 et au confort.<\/p>\n<p>Le style des casques int\u00e9graux Seventyseven DMD se marie parfaitement avec les motos Custom, Vintage, Caf\u00e9 Racer, Harley Davidson, Triumph, BMW, Honda, Guzzi, Indian.<\/p>\n<p>Pour choisir la bonne taille, consultez le guide des tailles pr\u00e9sent dans chaque fiche produit et trouvez la mesure correspondant \u00e0 celle de votre t\u00eate. N&rsquo;oubliez pas qu&rsquo;il est possible de modifier l&rsquo;int\u00e9rieur du casque en changeant la taille, si la dimension de la coque reste la m\u00eame.<\/p>\n        <\/div>\n        <div class=\"box medium\">\n          <p><strong>POURQUOI CHOISIR LES CASQUES INT\u00c9GRAUX MOTO SEVENTYSEVEN ?<\/strong><\/p>\n<p>Les casques int\u00e9graux Seventyseven sont dot\u00e9s d\u2019une coque exclusive en kevlar et carbone, l\u00e9g\u00e8re \u00e0 porter tout en restant extr\u00eamement r\u00e9sistante aux chocs. Leur design moderne permet \u00e0 chaque motard de revivre l&rsquo;excitation des courses des ann\u00e9es soixante-dix. En r\u00e9inventant le style classique, nous avons transform\u00e9 ces casques en v\u00e9ritables accessoires de mode, con\u00e7us pour s\u2019adapter \u00e0 tous les styles et compl\u00e9ter votre look, sans jamais renoncer \u00e0 la s\u00e9curit\u00e9 et au confort.<\/p>\n<p>Le style des casques int\u00e9graux Seventyseven DMD se marie parfaitement avec les motos Custom, Vintage, Caf\u00e9 Racer, Harley Davidson, Triumph, BMW, Honda, Guzzi, Indian.<\/p>\n<p>Pour choisir la bonne taille, consultez le guide des tailles pr\u00e9sent dans chaque fiche produit et trouvez la mesure correspondant \u00e0 celle de votre t\u00eate. N&rsquo;oubliez pas qu&rsquo;il est possible de modifier l&rsquo;int\u00e9rieur du casque en changeant la taille, si la dimension de la coque reste la m\u00eame.<\/p>\n<p>**QUELQUES INFORMATIONS UTILES POUR CHAQUE MOTARD :**<\/p>\n<p>Tous les casques int\u00e9graux Seventyseven sont \u00e9quip\u00e9s d&rsquo;une fermeture \u00e0 double anneau pour vous garantir une s\u00e9curit\u00e9 absolue.<br \/>\nTous les casques de la collection disposent \u00e9galement d\u2019un \u00e9cran solaire int\u00e9rieur r\u00e9tractable.<\/p>\n<p>D\u00e9couvrez les casques int\u00e9graux dans toutes les versions disponibles : basique, graphique ou m\u00e9tallis\u00e9e. Roulez en toute s\u00e9curit\u00e9 et avec style en portant un casque int\u00e9gral de la collection Seventyseven.<\/p>\n        <\/div>\n      <\/div>\n    <\/div>\n\n    <div class=\"filter-row\">\n                <\/div>\n\n          \n<a href=\"https:\/\/dmd.eu\/fr\/prodotto\/casques-integraux\/seventyseven-helmets-fr\/seventyseven-solid-black\/\" class=\"product-preview w-inline-block\" data-ix=\"hover-product\">\n    <img decoding=\"async\" src=\"https:\/\/dmd.eu\/wp-content\/webp-express\/webp-images\/uploads\/2024\/11\/DMD-Seventyseven-Solid-Black-dx-2.jpg.webp\" loading=\"lazy\" alt=\"dmd.eu - SEVENTYSEVEN SOLID BLACK\" class=\"product-image\">\n  <div class=\"title-product-content\">\n    <h3 class=\"extra-small-title\">SEVENTYSEVEN SOLID BLACK<\/h3>\n    <div>\n      <span class=\"woocommerce-Price-amount amount\"><bdi>399,00<span class=\"woocommerce-Price-currencySymbol\">&euro;<\/span><\/bdi><\/span><span>\n    <\/div>\n  <\/div>\n    <\/a>\n<a href=\"https:\/\/dmd.eu\/fr\/prodotto\/casques-integraux\/seventyseven-helmets-fr\/seventyseven-matt-black\/\" class=\"product-preview w-inline-block\" data-ix=\"hover-product\">\n    <img decoding=\"async\" src=\"https:\/\/dmd.eu\/wp-content\/webp-express\/webp-images\/uploads\/2024\/11\/DMD-Seventyseven-Matt-Black-dx-1.jpg.webp\" loading=\"lazy\" alt=\"dmd.eu - SEVENTYSEVEN MATT BLACK\" class=\"product-image\">\n  <div class=\"title-product-content\">\n    <h3 class=\"extra-small-title\">SEVENTYSEVEN MATT BLACK<\/h3>\n    <div>\n      <span class=\"woocommerce-Price-amount amount\"><bdi>399,00<span class=\"woocommerce-Price-currencySymbol\">&euro;<\/span><\/bdi><\/span><span>\n    <\/div>\n  <\/div>\n    <\/a>\n<a href=\"https:\/\/dmd.eu\/fr\/prodotto\/casques-integraux\/seventyseven-helmets-fr\/seventyseven-crayon-grey\/\" class=\"product-preview w-inline-block\" data-ix=\"hover-product\">\n    <img decoding=\"async\" src=\"https:\/\/dmd.eu\/wp-content\/webp-express\/webp-images\/uploads\/2024\/11\/DMD-Seventyseven-Crayon-Grey-dx-2.jpg.webp\" loading=\"lazy\" alt=\"dmd.eu - SEVENTYSEVEN CRAYON GREY\" class=\"product-image\">\n  <div class=\"title-product-content\">\n    <h3 class=\"extra-small-title\">SEVENTYSEVEN CRAYON GREY<\/h3>\n    <div>\n      <span class=\"woocommerce-Price-amount amount\"><bdi>399,00<span class=\"woocommerce-Price-currencySymbol\">&euro;<\/span><\/bdi><\/span><span>\n    <\/div>\n  <\/div>\n    <\/a>\n<a href=\"https:\/\/dmd.eu\/fr\/prodotto\/casques-integraux\/seventyseven-helmets-fr\/seventyseven-white\/\" class=\"product-preview w-inline-block\" data-ix=\"hover-product\">\n    <img decoding=\"async\" src=\"https:\/\/dmd.eu\/wp-content\/webp-express\/webp-images\/uploads\/2024\/11\/DMD-Seventyseven-White-dx-1.jpg.webp\" loading=\"lazy\" alt=\"dmd.eu - SEVENTYSEVEN WHITE\" class=\"product-image\">\n  <div class=\"title-product-content\">\n    <h3 class=\"extra-small-title\">SEVENTYSEVEN WHITE<\/h3>\n    <div>\n      <span class=\"woocommerce-Price-amount amount\"><bdi>399,00<span class=\"woocommerce-Price-currencySymbol\">&euro;<\/span><\/bdi><\/span><span>\n    <\/div>\n  <\/div>\n    <\/a>\n<a href=\"https:\/\/dmd.eu\/fr\/prodotto\/casques-integraux\/seventyseven-helmets-fr\/seventyseven-cream\/\" class=\"product-preview w-inline-block\" data-ix=\"hover-product\">\n    <img decoding=\"async\" src=\"https:\/\/dmd.eu\/wp-content\/webp-express\/webp-images\/uploads\/2024\/11\/DMD-Seventyseven-Cream-dx-2.jpg.webp\" loading=\"lazy\" alt=\"dmd.eu - SEVENTYSEVEN CREAM\" class=\"product-image\">\n  <div class=\"title-product-content\">\n    <h3 class=\"extra-small-title\">SEVENTYSEVEN CREAM<\/h3>\n    <div>\n      <span class=\"woocommerce-Price-amount amount\"><bdi>399,00<span class=\"woocommerce-Price-currencySymbol\">&euro;<\/span><\/bdi><\/span><span>\n    <\/div>\n  <\/div>\n    <\/a>\n<a href=\"https:\/\/dmd.eu\/fr\/prodotto\/casques-integraux\/seventyseven-helmets-fr\/seventyseven-yellow\/\" class=\"product-preview w-inline-block\" data-ix=\"hover-product\">\n    <img decoding=\"async\" src=\"https:\/\/dmd.eu\/wp-content\/webp-express\/webp-images\/uploads\/2024\/11\/DMD-Seventyseven-Yellow-dx-3.jpg.webp\" loading=\"lazy\" alt=\"dmd.eu - SEVENTYSEVEN YELLOW\" class=\"product-image\">\n  <div class=\"title-product-content\">\n    <h3 class=\"extra-small-title\">SEVENTYSEVEN YELLOW<\/h3>\n    <div>\n      <span class=\"woocommerce-Price-amount amount\"><bdi>399,00<span class=\"woocommerce-Price-currencySymbol\">&euro;<\/span><\/bdi><\/span><span>\n    <\/div>\n  <\/div>\n    <\/a>\n<a href=\"https:\/\/dmd.eu\/fr\/prodotto\/casques-integraux\/seventyseven-helmets-fr\/seventyseven-petrol-copia-copia-copia-copia-copia\/\" class=\"product-preview w-inline-block\" data-ix=\"hover-product\">\n    <img decoding=\"async\" src=\"https:\/\/dmd.eu\/wp-content\/webp-express\/webp-images\/uploads\/2025\/02\/DMD-Seventyseven-Sailor-dx-1.jpg.webp\" loading=\"lazy\" alt=\"dmd.eu - SEVENTYSEVEN SAILOR\" class=\"product-image\">\n  <div class=\"title-product-content\">\n    <h3 class=\"extra-small-title\">SEVENTYSEVEN SAILOR<\/h3>\n    <div>\n      <span class=\"woocommerce-Price-amount amount\"><bdi>459,00<span class=\"woocommerce-Price-currencySymbol\">&euro;<\/span><\/bdi><\/span><span>\n    <\/div>\n  <\/div>\n    <\/a>\n<a href=\"https:\/\/dmd.eu\/fr\/prodotto\/casques-integraux\/seventyseven-helmets-fr\/seventyseven-waves\/\" class=\"product-preview w-inline-block\" data-ix=\"hover-product\">\n    <img decoding=\"async\" src=\"https:\/\/dmd.eu\/wp-content\/webp-express\/webp-images\/uploads\/2025\/02\/DMD-Seventyseven-Waves-dx-2.jpg.webp\" loading=\"lazy\" alt=\"dmd.eu - SEVENTYSEVEN WAVES\" class=\"product-image\">\n  <div class=\"title-product-content\">\n    <h3 class=\"extra-small-title\">SEVENTYSEVEN WAVES<\/h3>\n    <div>\n      <span class=\"woocommerce-Price-amount amount\"><bdi>459,00<span class=\"woocommerce-Price-currencySymbol\">&euro;<\/span><\/bdi><\/span><span>\n    <\/div>\n  <\/div>\n    <\/a>\n<a href=\"https:\/\/dmd.eu\/fr\/prodotto\/casques-integraux\/seventyseven-helmets-fr\/seventyseven-flower-power\/\" class=\"product-preview w-inline-block\" data-ix=\"hover-product\">\n    <img decoding=\"async\" src=\"https:\/\/dmd.eu\/wp-content\/webp-express\/webp-images\/uploads\/2025\/02\/DMD-Seventyseven-Flower-Power-dx-2.jpg.webp\" loading=\"lazy\" alt=\"dmd.eu - SEVENTYSEVEN FLOWER POWER\" class=\"product-image\">\n  <div class=\"title-product-content\">\n    <h3 class=\"extra-small-title\">SEVENTYSEVEN FLOWER POWER<\/h3>\n    <div>\n      <span class=\"woocommerce-Price-amount amount\"><bdi>459,00<span class=\"woocommerce-Price-currencySymbol\">&euro;<\/span><\/bdi><\/span><span>\n    <\/div>\n  <\/div>\n    <\/a>  <\/div>","protected":false},"excerpt":{"rendered":"","protected":false},"author":8,"featured_media":0,"parent":12559,"menu_order":0,"comment_status":"closed","ping_status":"closed","template":"","meta":{"_acf_changed":true,"footnotes":""},"class_list":["post-18534","page","type-page","status-publish","hentry"],"acf":[],"jetpack_sharing_enabled":true,"_links":{"self":[{"href":"https:\/\/dmd.eu\/fr\/wp-json\/wp\/v2\/pages\/18534","targetHints":{"allow":["GET"]}}],"collection":[{"href":"https:\/\/dmd.eu\/fr\/wp-json\/wp\/v2\/pages"}],"about":[{"href":"https:\/\/dmd.eu\/fr\/wp-json\/wp\/v2\/types\/page"}],"author":[{"embeddable":true,"href":"https:\/\/dmd.eu\/fr\/wp-json\/wp\/v2\/users\/8"}],"replies":[{"embeddable":true,"href":"https:\/\/dmd.eu\/fr\/wp-json\/wp\/v2\/comments?post=18534"}],"version-history":[{"count":0,"href":"https:\/\/dmd.eu\/fr\/wp-json\/wp\/v2\/pages\/18534\/revisions"}],"up":[{"embeddable":true,"href":"https:\/\/dmd.eu\/fr\/wp-json\/wp\/v2\/pages\/12559"}],"wp:attachment":[{"href":"https:\/\/dmd.eu\/fr\/wp-json\/wp\/v2\/media?parent=18534"}],"curies":[{"name":"wp","href":"https:\/\/api.w.org\/{rel}","templated":true}]}}