{"id":13871,"date":"2022-08-05T15:23:17","date_gmt":"2022-08-05T13:23:17","guid":{"rendered":"https:\/\/www.dmd.eu\/privacy-policy\/"},"modified":"2025-02-03T11:36:15","modified_gmt":"2025-02-03T10:36:15","slug":"privacy-policy","status":"publish","type":"page","link":"https:\/\/dmd.eu\/fr\/privacy-policy\/","title":{"rendered":"PRIVACY POLICY"},"content":{"rendered":"  <div id=\"b-pagesidebar-block_98dc9ba5ff156c087e35b19a6dd87bf6\" class=\"big-content\">\n    <div class=\"header-page info\">\n      <h1 class=\"medium-text\">PRIVACY POLICY<\/h1>\n    <\/div>\n    <div class=\"menu-content\">\n          <a href=\"https:\/\/www.iubenda.com\/privacy-policy\/62101159\" target=\"_blank\" class=\"uppercase link-menu-page w-inline-block\" rel=\"noopener\">\n        <div>Privacy<\/div>\n                <img decoding=\"async\" src=\"https:\/\/dmd.eu\/wp-content\/themes\/dmd2023\/images\/ico-link.svg\" loading=\"lazy\" alt=\"\" class=\"ico-menu\">\n              <\/a>\n          <a href=\"https:\/\/dmd.eu\/termini-legali\/\" class=\"uppercase link-menu-page w-inline-block\">\n        <div>Termini Legali<\/div>\n              <\/a>\n          <a href=\"https:\/\/www.iubenda.com\/privacy-policy\/62101159\/cookie-policy\" target=\"_blank\" class=\"uppercase link-menu-page w-inline-block\" rel=\"noopener\">\n        <div>Cookies Policy<\/div>\n                <img decoding=\"async\" src=\"https:\/\/dmd.eu\/wp-content\/themes\/dmd2023\/images\/ico-link.svg\" loading=\"lazy\" alt=\"\" class=\"ico-menu\">\n              <\/a>\n        <\/div>\n    <div class=\"page-content\">\n      <p>Sur cette page, vous trouverez toutes les informations n\u00e9cessaires pour consulter nos politiques d\u2019entreprise.<br \/>\nCliquez sur l\u2019element correspondant du menu \u00e0 c\u00f4t\u00e9.<\/p>\n    <\/div>\n  <\/div>\n","protected":false},"excerpt":{"rendered":"","protected":false},"author":2,"featured_media":0,"parent":0,"menu_order":0,"comment_status":"closed","ping_status":"closed","template":"","meta":{"_acf_changed":false,"footnotes":""},"class_list":["post-13871","page","type-page","status-publish","hentry"],"acf":[],"jetpack_sharing_enabled":true,"_links":{"self":[{"href":"https:\/\/dmd.eu\/fr\/wp-json\/wp\/v2\/pages\/13871","targetHints":{"allow":["GET"]}}],"collection":[{"href":"https:\/\/dmd.eu\/fr\/wp-json\/wp\/v2\/pages"}],"about":[{"href":"https:\/\/dmd.eu\/fr\/wp-json\/wp\/v2\/types\/page"}],"author":[{"embeddable":true,"href":"https:\/\/dmd.eu\/fr\/wp-json\/wp\/v2\/users\/2"}],"replies":[{"embeddable":true,"href":"https:\/\/dmd.eu\/fr\/wp-json\/wp\/v2\/comments?post=13871"}],"version-history":[{"count":0,"href":"https:\/\/dmd.eu\/fr\/wp-json\/wp\/v2\/pages\/13871\/revisions"}],"wp:attachment":[{"href":"https:\/\/dmd.eu\/fr\/wp-json\/wp\/v2\/media?parent=13871"}],"curies":[{"name":"wp","href":"https:\/\/api.w.org\/{rel}","templated":true}]}}