{"id":13861,"date":"2022-08-24T20:18:25","date_gmt":"2022-08-24T18:18:25","guid":{"rendered":"https:\/\/www.dmd.eu\/termini-legali\/"},"modified":"2025-02-03T11:27:29","modified_gmt":"2025-02-03T10:27:29","slug":"contditions-juridiques","status":"publish","type":"page","link":"https:\/\/dmd.eu\/fr\/contditions-juridiques\/","title":{"rendered":"CONDITIONS JURIDIQUES"},"content":{"rendered":"  <div id=\"b-pagesidebar-block_a7c9a0000452c6365a88569e9a96e3cf\" class=\"big-content\">\n    <div class=\"header-page info\">\n      <h1 class=\"medium-text\">CONDITIONS JURIDIQUES<\/h1>\n    <\/div>\n    <div class=\"menu-content\">\n          <a href=\"https:\/\/www.iubenda.com\/privacy-policy\/62101159\" target=\"_blank\" class=\"uppercase link-menu-page w-inline-block\" rel=\"noopener\">\n        <div>Privacy<\/div>\n                <img decoding=\"async\" src=\"https:\/\/dmd.eu\/wp-content\/themes\/dmd2023\/images\/ico-link.svg\" loading=\"lazy\" alt=\"\" class=\"ico-menu\">\n              <\/a>\n          <a href=\"https:\/\/dmd.eu\/en\/legal-terms\/\" class=\"uppercase link-menu-page w-inline-block\">\n        <div>LEGAL TERMS<\/div>\n              <\/a>\n          <a href=\"https:\/\/www.iubenda.com\/privacy-policy\/62101159\/cookie-policy\" target=\"_blank\" class=\"uppercase link-menu-page w-inline-block\" rel=\"noopener\">\n        <div>Cookies Policy<\/div>\n                <img decoding=\"async\" src=\"https:\/\/dmd.eu\/wp-content\/themes\/dmd2023\/images\/ico-link.svg\" loading=\"lazy\" alt=\"\" class=\"ico-menu\">\n              <\/a>\n        <\/div>\n    <div class=\"page-content\">\n      <p>La section pr\u00e9sente contient les termes et les conditions l\u00e9gales qui r\u00e8glent le site www.dmd.eu.<\/p>\n<p>Le fait d\u2019acc\u00e9der sur le site www.dmd.eu constitue de votre part une acceptation \u00e0 respecter toutes les conditions de la pr\u00e9sente d\u00e9claration:<br \/>\nDMD se r\u00e9serve le droit de demander aux Utilisateurs qui n\u2019acceptent pas ou ne veulent pas respecter ces conditions de s\u2019abstenir de l\u2019utilisation du site www.dmd.eu. L\u2019acc\u00e8s au site et aux services li\u00e9s est permis uniquement pour une utilisation personnelle.<\/p>\n<p>La visualisation du site www.dmd.eu fournit aux utilisateurs des informations sur les produits propos\u00e9s et sur leur possibilit\u00e9 d\u2019achat.<\/p>\n    <\/div>\n  <\/div>\n","protected":false},"excerpt":{"rendered":"","protected":false},"author":2,"featured_media":0,"parent":0,"menu_order":0,"comment_status":"closed","ping_status":"closed","template":"","meta":{"_acf_changed":false,"footnotes":""},"class_list":["post-13861","page","type-page","status-publish","hentry"],"acf":[],"jetpack_sharing_enabled":true,"_links":{"self":[{"href":"https:\/\/dmd.eu\/fr\/wp-json\/wp\/v2\/pages\/13861","targetHints":{"allow":["GET"]}}],"collection":[{"href":"https:\/\/dmd.eu\/fr\/wp-json\/wp\/v2\/pages"}],"about":[{"href":"https:\/\/dmd.eu\/fr\/wp-json\/wp\/v2\/types\/page"}],"author":[{"embeddable":true,"href":"https:\/\/dmd.eu\/fr\/wp-json\/wp\/v2\/users\/2"}],"replies":[{"embeddable":true,"href":"https:\/\/dmd.eu\/fr\/wp-json\/wp\/v2\/comments?post=13861"}],"version-history":[{"count":0,"href":"https:\/\/dmd.eu\/fr\/wp-json\/wp\/v2\/pages\/13861\/revisions"}],"wp:attachment":[{"href":"https:\/\/dmd.eu\/fr\/wp-json\/wp\/v2\/media?parent=13861"}],"curies":[{"name":"wp","href":"https:\/\/api.w.org\/{rel}","templated":true}]}}