{"id":13860,"date":"2022-08-24T09:16:29","date_gmt":"2022-08-24T07:16:29","guid":{"rendered":"https:\/\/www.dmd.eu\/spedizioni\/"},"modified":"2025-10-20T14:17:08","modified_gmt":"2025-10-20T12:17:08","slug":"expedition","status":"publish","type":"page","link":"https:\/\/dmd.eu\/fr\/expedition\/","title":{"rendered":"EXP\u00c9DITION"},"content":{"rendered":"  <div id=\"b-pagesidebar-block_5b3afd068f76091e2cb177142baafbe8\" class=\"big-content\">\n    <div class=\"header-page info\">\n      <h1 class=\"medium-text\">EXP\u00c9DITION<\/h1>\n    <\/div>\n    <div class=\"menu-content\">\n          <a href=\"https:\/\/dmd.eu\/info-pagamenti\/\"   class=\"uppercase link-menu-page w-inline-block\">\n        <div>Pagamenti<\/div>\n              <\/a>\n          <a href=\"https:\/\/dmd.eu\/spedizioni\/\"   class=\"uppercase link-menu-page w-inline-block\">\n        <div>Spedizioni<\/div>\n              <\/a>\n          <a href=\"https:\/\/dmd.eu\/resi\/\"   class=\"uppercase link-menu-page w-inline-block\">\n        <div>Resi<\/div>\n              <\/a>\n          <a href=\"https:\/\/www.dmd.eu\/wp-content\/uploads\/2022\/08\/DMD-Certification.jpg\"  target=\"_blank\" class=\"uppercase link-menu-page w-inline-block\">\n        <div>Certificazioni<\/div>\n                <img decoding=\"async\" src=\"https:\/\/dmd.eu\/wp-content\/themes\/dmd2023\/images\/ico-link.svg\" loading=\"lazy\" alt=\"\" class=\"ico-menu\">\n              <\/a>\n          <a href=\"https:\/\/dmd.eu\/faq\/\"   class=\"uppercase link-menu-page w-inline-block\">\n        <div>FAQ<\/div>\n              <\/a>\n        <\/div>\n    <div class=\"page-content\">\n      <h4><strong>ITALIE \u2013 Exp\u00e9dition STANDARD gratuite pour les commandes au-dessus de \u20ac 100,00<\/strong><br \/>\n<strong>EUROPE (FRANCE, ESPAGNE, ALLEMAGNE, BELGIQUE, L&rsquo;AUTRICHE, PAYS-BAS ET LUXEMBOURG<\/strong><strong>)<br \/>\nExp\u00e9dition STANDARD gratuite pour les commandes au-dessus de \u20ac 199,00<\/strong><\/h4>\n<p>DMD envoie en Italie et dans l\u2019Europe enti\u00e8re par le service BRT\/DHL\/DPD\/SDA\/FEDEX\/GLS\/TNT.<br \/>\nTous les colis sont soigneusement emball\u00e9s pour l\u2019exp\u00e9dition.<br \/>\nLa marchandise est livr\u00e9e avec la facture qui indique la quantit\u00e9 et la valeur en euro.<\/p>\n<h3>Assurance gratuite<\/h3>\n<p>DMD offre sur toutes les exp\u00e9ditions une garantie gratuite contre vol et\/ou dommages accidentels. L\u2019assurance est valable jusqu\u2019\u00e0 la livraison de la marchandise.<\/p>\n<h3>Ex\u00e9cution commandes<\/h3>\n<p>Toutes les commandes ins\u00e9r\u00e9es correctement et pay\u00e9es seront ex\u00e9cut\u00e9es dans un d\u00e9lai de 3 jours ouvrables: toutes les exp\u00e9ditions partent de Ozone S.r.l., Bergamo (Italie), uniquement dans les jours ouvrables, du lundi au vendredi de 9 heures \u00e0 17.30 heures.<br \/>\nLes commandes pass\u00e9es le samedi et le dimanche seront ex\u00e9cut\u00e9es le jour ouvrable suivant.<\/p>\n<p>Veuillez noter que pendant les p\u00e9riodes de soldes ou de promotions sp\u00e9ciales, les d\u00e9lais de traitement des commandes peuvent \u00eatre prolong\u00e9s jusqu\u2019\u00e0 10 jours ouvrables.<\/p>\n<h3>Suivi colis<\/h3>\n<p>L\u2019exp\u00e9dition peut \u00eatre suivie en tout moment gr\u00e2ce au service de BRT\/DHL\/DPD\/SDA\/FEDEX\/GLS\/TNT. Vous recevrez un e-mail avisant l\u2019exp\u00e9dition de votre colis avec le code (tracking number) donn\u00e9 par BRT\/DHL\/DPD\/SDA\/FEDEX\/GLS\/TNT qui vous permettra de v\u00e9rifier en tout moment le suivi de votre colis.<\/p>\n<h3>D\u00e9lais &amp; Frais de livraison<\/h3>\n<p>ITALIE<\/p>\n<p>Livraison standard (7 jours ouvr\u00e9s): livraison gratuite pour toute commande sup\u00e9rieure \u00e0 100\u20ac<\/p>\n<div class=\"\">\n<div class=\"\">\n<div class=\"\">\n<div class=\"\">PAYS DE L\u2019UNION EUROP\u00c9ENNE: FRANCE, ESPAGNE, ALLEMAGNE, BELGIQUE, L&rsquo;AUTRICHE, PAYS-BAS ET LUXEMBOURG <strong>&#8211; <\/strong>Livraison standard (7 jours ouvr\u00e9s): livraison gratuite pour toute commande sup\u00e9rieure \u00e0 199\u20ac<\/div>\n<div><\/div>\n<\/div>\n<\/div>\n<\/div>\n<div>Pour les pays suivants, les frais de livraison sont de \u20ac 30,00: Croatie, Gr\u00e8ce, Hongrie, Slovaquie, Bulgarie, Portugal, les Bal\u00e9ares, Irlande, Suisse, Pologne, Estonie, Lettonie, Lituanie, Su\u00e8de, UK.<\/div>\n<div><\/div>\n<div>Pour les pays suivants, les frais de livraison sont de \u20ac 60,00: Finlande, Norv\u00e8ge, Chypre, Malte, \u00celes Canaries, \u00celes des A\u00e7ores.<br \/>\nReste du monde: \u20ac 90,00<\/div>\n<p>Pour le livraison en dehors de\u2019l\u2019Union Europ\u00e9en, les droits de douane et les taxes sur les achats, pay\u00e9s au livreur \u00e0 la r\u00e9ception du colis, sont \u00e0 charge de l\u2019acheteur.<\/p>\n<div>Si le montant de votre commande est inf\u00e9rieur \u00e0 100\u20ac en Italie ou \u00e0 199\u20ac dans les Pays de l\u2019Union Europ\u00e9enne, les frais de livraison sont les suivantes:<\/div>\n<div><\/div>\n<div class=\"\">\n<div class=\"\">\n<div class=\"\">\n<div class=\"\">ITALIE: 9\u20ac<\/div>\n<div class=\"\">PAYS DE L\u2019UNION EUROP\u00c9ENNE UE: 12\u20ac<\/div>\n<\/div>\n<\/div>\n<\/div>\n<p>&nbsp;<\/p>\n    <\/div>\n  <\/div>\n","protected":false},"excerpt":{"rendered":"","protected":false},"author":2,"featured_media":0,"parent":0,"menu_order":0,"comment_status":"closed","ping_status":"closed","template":"","meta":{"_acf_changed":true,"footnotes":""},"class_list":["post-13860","page","type-page","status-publish","hentry"],"acf":[],"jetpack_sharing_enabled":true,"_links":{"self":[{"href":"https:\/\/dmd.eu\/fr\/wp-json\/wp\/v2\/pages\/13860","targetHints":{"allow":["GET"]}}],"collection":[{"href":"https:\/\/dmd.eu\/fr\/wp-json\/wp\/v2\/pages"}],"about":[{"href":"https:\/\/dmd.eu\/fr\/wp-json\/wp\/v2\/types\/page"}],"author":[{"embeddable":true,"href":"https:\/\/dmd.eu\/fr\/wp-json\/wp\/v2\/users\/2"}],"replies":[{"embeddable":true,"href":"https:\/\/dmd.eu\/fr\/wp-json\/wp\/v2\/comments?post=13860"}],"version-history":[{"count":0,"href":"https:\/\/dmd.eu\/fr\/wp-json\/wp\/v2\/pages\/13860\/revisions"}],"wp:attachment":[{"href":"https:\/\/dmd.eu\/fr\/wp-json\/wp\/v2\/media?parent=13860"}],"curies":[{"name":"wp","href":"https:\/\/api.w.org\/{rel}","templated":true}]}}