{"id":13859,"date":"2024-01-10T15:24:00","date_gmt":"2024-01-10T14:24:00","guid":{"rendered":"https:\/\/www.dmd.eu\/?page_id=13859"},"modified":"2026-03-04T11:57:11","modified_gmt":"2026-03-04T10:57:11","slug":"retour","status":"publish","type":"page","link":"https:\/\/dmd.eu\/fr\/retour\/","title":{"rendered":"RETOUR"},"content":{"rendered":"  <div id=\"b-pagesidebar-block_ad96c130c59d3a030d68c6531a7c4d8d\" class=\"big-content\">\n    <div class=\"header-page info\">\n      <h1 class=\"medium-text\">RETOUR<\/h1>\n    <\/div>\n    <div class=\"menu-content\">\n          <a href=\"https:\/\/dmd.eu\/es\/pagos\/\"   class=\"uppercase link-menu-page w-inline-block\">\n        <div>Pagos<\/div>\n              <\/a>\n          <a href=\"https:\/\/dmd.eu\/es\/envio\/\"   class=\"uppercase link-menu-page w-inline-block\">\n        <div>Envio<\/div>\n              <\/a>\n          <a href=\"https:\/\/dmd.eu\/es\/devoluciones\/\"   class=\"uppercase link-menu-page w-inline-block\">\n        <div>Devoluciones<\/div>\n              <\/a>\n          <a href=\"https:\/\/www.dmd.eu\/wp-content\/uploads\/2022\/08\/DMD-Certification.jpg\"   class=\"uppercase link-menu-page w-inline-block\">\n        <div>Certificaciones<\/div>\n              <\/a>\n          <a href=\"https:\/\/dmd.eu\/es\/faq\/\"   class=\"uppercase link-menu-page w-inline-block\">\n        <div>Preguntas frecuentes<\/div>\n              <\/a>\n        <\/div>\n    <div class=\"page-content\">\n      <p><!-- wp:paragraph --><\/p>\n<div>\n<h2 data-start=\"153\" data-end=\"174\">RETOURS &amp; \u00c9CHANGES<\/h2>\n<p data-start=\"176\" data-end=\"385\">Si vous n\u2019\u00eates pas satisfait de votre achat, vous pouvez retourner ou \u00e9changer un ou plusieurs produits dans un d\u00e9lai de <strong data-start=\"297\" data-end=\"343\">14 jours \u00e0 compter de la date de livraison<\/strong> de votre commande, en vous assurant que :<\/p>\n<p data-start=\"387\" data-end=\"546\">Les produits soient dans le m\u00eame \u00e9tat que celui dans lequel vous les avez re\u00e7us, complets avec <strong data-start=\"482\" data-end=\"545\">l\u2019emballage d\u2019origine, les \u00e9tiquettes, protections et films<\/strong>.<\/p>\n<p data-start=\"548\" data-end=\"685\">Les articles <strong data-start=\"561\" data-end=\"685\">sans emballage d\u2019origine, pr\u00e9sentant des signes d\u2019utilisation ou endommag\u00e9s ne pourront pas \u00eatre rembours\u00e9s ni \u00e9chang\u00e9s.<\/strong><\/p>\n<p data-start=\"687\" data-end=\"761\">Les marchandises \u00e0 retourner doivent \u00eatre exp\u00e9di\u00e9es \u00e0 l\u2019adresse suivante :<\/p>\n<p data-start=\"763\" data-end=\"786\"><strong data-start=\"763\" data-end=\"786\">Soci\u00e9t\u00e9 : OZONE SRL<\/strong><\/p>\n<p data-start=\"788\" data-end=\"850\">Via Legnano, 31<br data-start=\"803\" data-end=\"806\" \/>24124 Bergamo<br data-start=\"819\" data-end=\"822\" \/>ITALIE<br data-start=\"828\" data-end=\"831\" \/>T\u00e9l. +39.035.362006<\/p>\n<p data-start=\"852\" data-end=\"903\">Les <strong data-start=\"856\" data-end=\"903\">frais de retour sont \u00e0 la charge du client.<\/strong><\/p>\n<p data-start=\"905\" data-end=\"1074\">Pour toutes les livraisons <strong data-start=\"932\" data-end=\"943\">hors UE<\/strong>, le client est responsable de toutes les <strong data-start=\"985\" data-end=\"1014\">taxes et droits de douane<\/strong> \u00e0 payer au transporteur au moment de la livraison du colis.<\/p>\n<p data-start=\"1076\" data-end=\"1356\">Les frais de retour sont \u00e0 la charge du client. Tous les co\u00fbts li\u00e9s au retour, y compris les \u00e9ventuels frais d\u2019exp\u00e9dition, de gestion, droits de douane et frais d\u2019importation (notamment pour les envois provenant de pays hors UE), seront <strong data-start=\"1313\" data-end=\"1356\">d\u00e9duits du montant du remboursement d\u00fb.<\/strong><\/p>\n<p data-start=\"1358\" data-end=\"1547\">Pour les r\u00e9sidents en <strong data-start=\"1380\" data-end=\"1408\">Suisse et au Royaume-Uni<\/strong>, avant d\u2019effectuer un retour ou un \u00e9change de taille, nous vous demandons de bien vouloir nous contacter par e-mail \u00e0 l\u2019adresse suivante :<\/p>\n<p data-start=\"1549\" data-end=\"1563\"><a class=\"decorated-link cursor-pointer\" rel=\"noopener\" data-start=\"1549\" data-end=\"1563\">contact@dmd.eu<\/a><\/p>\n<p data-start=\"1565\" data-end=\"1615\">Le co\u00fbt de l\u2019enl\u00e8vement est d\u2019environ <strong data-start=\"1603\" data-end=\"1615\">40,00 \u20ac.<\/strong><\/p>\n<p data-start=\"1617\" data-end=\"1778\">En cas de non-respect de l\u2019une des conditions ci-dessus, <strong data-start=\"1674\" data-end=\"1778\">DMD se r\u00e9serve le droit de refuser la marchandise retourn\u00e9e et de la renvoyer au client \u00e0 ses frais.<\/strong><\/p>\n<p data-start=\"1780\" data-end=\"1892\">DMD n\u2019est pas responsable de toute perte ou dommage d\u00fb \u00e0 un <strong data-start=\"1840\" data-end=\"1892\">emballage inad\u00e9quat ou \u00e0 un retard de livraison.<\/strong><\/p>\n<h2 data-start=\"1894\" data-end=\"1910\">Remboursement<\/h2>\n<p data-start=\"1912\" data-end=\"2098\">En cas de r\u00e9tractation, nous proc\u00e9derons au <strong data-start=\"1956\" data-end=\"2004\">remboursement du prix des produits retourn\u00e9s<\/strong>.<br data-start=\"2005\" data-end=\"2008\" \/>Les <strong data-start=\"2012\" data-end=\"2098\">frais d\u2019exp\u00e9dition de la livraison initiale de la commande ne sont pas rembours\u00e9s.<\/strong><\/p>\n<h2>QU\u2019EST-CE QUI SE PASSE APR\u00c9S<b>?<\/b><\/h2>\n<p><span class=\"\" lang=\"FR\">Une fois que votre colis sera re\u00e7u et v\u00e9rifi\u00e9 <\/span><span class=\"\">par notre Service Client, nous proc\u00e9derons au remboursement o\u00f9 l\u2019envoie d\u2019une nouvelle taille sous 3 jours ouvr\u00e9s. <\/span>Frais de livraison \u00e0 notre charge pour les pays de l&rsquo;UE (Italie, France, Allemagne, Belgique, Espagne, Autriche, Pays-Bas et Luxembourg). Pour les autres pays, des frais de livraison peuvent \u00eatre demand\u00e9s.<\/p>\n<h2>DROIT DE R<b>\u00c9<\/b>TRACTATION<\/h2>\n<p>Dans le respect des droits du Client et pour sa satisfaction, DMD s\u2019engage \u00e0 reconnaitre au Client le droit de r\u00e9tractation, comme \u00e9tabli par la loi italienne D. Lgs n \u00b0 185 du 22 mai 1999, en application de la Directive 97\/7\/CE concernant la protection des consommateurs en mati\u00e8re de contrats \u00e0 distance.<\/p>\n<p>Pour toute information, veuillez contacter l\u2019adresse e-mail: <a href=\"mailto:contact@dmd.eu\">contact@dmd.eu<\/a>.<\/p>\n<\/div>\n<p><!-- \/wp:paragraph --><\/p>\n    <\/div>\n  <\/div>\n","protected":false},"excerpt":{"rendered":"","protected":false},"author":1,"featured_media":0,"parent":0,"menu_order":0,"comment_status":"closed","ping_status":"closed","template":"","meta":{"_acf_changed":true,"footnotes":""},"class_list":["post-13859","page","type-page","status-publish","hentry"],"acf":[],"jetpack_sharing_enabled":true,"_links":{"self":[{"href":"https:\/\/dmd.eu\/fr\/wp-json\/wp\/v2\/pages\/13859","targetHints":{"allow":["GET"]}}],"collection":[{"href":"https:\/\/dmd.eu\/fr\/wp-json\/wp\/v2\/pages"}],"about":[{"href":"https:\/\/dmd.eu\/fr\/wp-json\/wp\/v2\/types\/page"}],"author":[{"embeddable":true,"href":"https:\/\/dmd.eu\/fr\/wp-json\/wp\/v2\/users\/1"}],"replies":[{"embeddable":true,"href":"https:\/\/dmd.eu\/fr\/wp-json\/wp\/v2\/comments?post=13859"}],"version-history":[{"count":0,"href":"https:\/\/dmd.eu\/fr\/wp-json\/wp\/v2\/pages\/13859\/revisions"}],"wp:attachment":[{"href":"https:\/\/dmd.eu\/fr\/wp-json\/wp\/v2\/media?parent=13859"}],"curies":[{"name":"wp","href":"https:\/\/api.w.org\/{rel}","templated":true}]}}