{"id":13858,"date":"2022-08-19T17:16:39","date_gmt":"2022-08-19T15:16:39","guid":{"rendered":"https:\/\/www.dmd.eu\/pagamenti\/"},"modified":"2025-02-03T11:35:46","modified_gmt":"2025-02-03T10:35:46","slug":"paiements","status":"publish","type":"page","link":"https:\/\/dmd.eu\/fr\/paiements\/","title":{"rendered":"PAIEMENTS"},"content":{"rendered":"  <div id=\"b-pagesidebar-block_6ebbd96c66c94d7a08f796728015bd91\" class=\"big-content\">\n    <div class=\"header-page info\">\n      <h1 class=\"medium-text\">PAIEMENTS<\/h1>\n    <\/div>\n    <div class=\"menu-content\">\n          <a href=\"https:\/\/dmd.eu\/info-pagamenti\/\"   class=\"uppercase link-menu-page w-inline-block\">\n        <div>Pagamenti<\/div>\n              <\/a>\n          <a href=\"https:\/\/dmd.eu\/spedizioni\/\"   class=\"uppercase link-menu-page w-inline-block\">\n        <div>Spedizioni<\/div>\n              <\/a>\n          <a href=\"https:\/\/dmd.eu\/resi\/\"   class=\"uppercase link-menu-page w-inline-block\">\n        <div>Resi<\/div>\n              <\/a>\n          <a href=\"https:\/\/www.dmd.eu\/wp-content\/uploads\/2022\/08\/DMD-Certification.jpg\"  target=\"_blank\" class=\"uppercase link-menu-page w-inline-block\">\n        <div>Certificazioni<\/div>\n                <img decoding=\"async\" src=\"https:\/\/dmd.eu\/wp-content\/themes\/dmd2023\/images\/ico-link.svg\" loading=\"lazy\" alt=\"\" class=\"ico-menu\">\n              <\/a>\n          <a href=\"https:\/\/dmd.eu\/faq\/\"   class=\"uppercase link-menu-page w-inline-block\">\n        <div>FAQ<\/div>\n              <\/a>\n        <\/div>\n    <div class=\"page-content\">\n      <p>DMD vous offre deux modalit\u00e9s de paiement: <strong>par carte bancaire\u00a0<\/strong>et\u00a0<strong>par virement bancaire<\/strong><\/p>\n<h2>Carte bancaire<\/h2>\n<p>Afin de garantir un excellent niveau de s\u00e9curit\u00e9 \u00e0 ses clients, DMD utilise les services de paiement par carte bancaire fournis par la soci\u00e9t\u00e9 leader depuis des ann\u00e9es dans les paiements \u00e9lectroniques: PAYPAL. Ce syst\u00e8me permet d\u2019accepter en toute s\u00e9curit\u00e9 des paiements effectu\u00e9s par cartes bancaires:<\/p>\n<ul>\n<li>Visa<\/li>\n<li>Visa Electron<\/li>\n<li>MasterCard<\/li>\n<li>PostePay<\/li>\n<li>Compte PayPal<\/li>\n<li>Klarna<\/li>\n<\/ul>\n<div class=\"\"><strong><span class=\"\">Payement avec Klarna:<\/span><\/strong><\/div>\n<div class=\"\">\n<p><span class=\"\">Klarna est un financement qui vous permet de payer votre commande en trois tranches, sans int\u00e9r\u00eats.\u00a0<\/span><\/p>\n<div class=\"\">Apr\u00e8s avoir confirm\u00e9 les details de votre commande, vous serez dirig\u00e9 vers le site du Klarna pour terminer votre payement. Si vous n\u2019avez pas un compte Scalapay, vous le pouvez cr\u00e9er directement depuis la page d\u2019accueil de Klarna.<\/div>\n<\/div>\n<p>&nbsp;<\/p>\n<p><strong>Pourquoi ma carte bancaire pourrait \u00eatre refus\u00e9e?<\/strong><br \/>\nLa carte bancaire pourrait \u00eatre refus\u00e9e par le syst\u00e8me \u00e0 cause des raisons suivantes:<\/p>\n<ul>\n<li>La carte pourrait \u00eatre expir\u00e9e, veuillez donc contr\u00f4ler la validit\u00e9.<\/li>\n<li>Vous pouvez avoir atteint la limite de cr\u00e9dit \u00e0 disposition, veuillez contacter votre banque.<\/li>\n<li>Les informations ins\u00e9r\u00e9es pourraient ne pas \u00eatre correctes. V\u00e9rifiez d\u2019avoir rempli tous les champs obligatoires.<\/li>\n<\/ul>\n<p><strong>Le site dmd.eu, est-il s\u00e9curis\u00e9 pour les paiements avec ma carte bancaire?<\/strong><br \/>\nPayPal prot\u00e8ge votre vie priv\u00e9e et toutes les informations financi\u00e8res et personnelles par un syst\u00e8me de cryptage automatique de haut niveau. Pour plus d\u2019informations, visitez le site:\u00a0<a href=\"http:\/\/www.paypal.com\/\" target=\"_blank\" rel=\"noopener\">www.paypal.com<\/a><\/p>\n<h2>Virement bancaire<\/h2>\n<p>En cas de paiement par virement bancaire anticip\u00e9, vous recevrez un e-mail avec le montant de votre commande et nos coordonn\u00e9es bancaires pour effectuer le virement. Vous devrez effectuer le virement d\u2019ici les trois jours ouvrables qui suivent la date de validation de la commande.<\/p>\n<p>Dans la cause du paiement, il faut indiquer:<\/p>\n<ul>\n<li>le num\u00e9ro de r\u00e9f\u00e9rence de la commande<\/li>\n<li>nom et pr\u00e9nom de la personne responsable de la commande<\/li>\n<\/ul>\n<p><strong>Nous vous conseillons d\u2019envoyer le re\u00e7u du virement (num\u00e9ro de r\u00e9f\u00e9rence de l\u2019op\u00e9ration) par mail \u00e0\u00a0<a href=\"mailto:contact@dmd.eu\">contact@dmd.eu<\/a><\/strong><\/p>\n<p>Votre commande sera envoy\u00e9e une fois l\u2019argent vir\u00e9 sur le compte.<\/p>\n<p>&nbsp;<\/p>\n<p><strong>Les coordonn\u00e9es bancaires pour le virement sont:<\/strong><\/p>\n<p><strong>Titulaire: Ozone S.r.l.<br \/>\n<\/strong><strong>Banca: UNICREDIT<\/strong><br \/>\n<strong>IBAN: IT78J0200811100000100938037<\/strong><br \/>\n<strong>BIC: UNCRITM1300<\/strong><\/p>\n    <\/div>\n  <\/div>\n","protected":false},"excerpt":{"rendered":"","protected":false},"author":2,"featured_media":0,"parent":0,"menu_order":0,"comment_status":"closed","ping_status":"closed","template":"","meta":{"_acf_changed":true,"footnotes":""},"class_list":["post-13858","page","type-page","status-publish","hentry"],"acf":[],"jetpack_sharing_enabled":true,"_links":{"self":[{"href":"https:\/\/dmd.eu\/fr\/wp-json\/wp\/v2\/pages\/13858","targetHints":{"allow":["GET"]}}],"collection":[{"href":"https:\/\/dmd.eu\/fr\/wp-json\/wp\/v2\/pages"}],"about":[{"href":"https:\/\/dmd.eu\/fr\/wp-json\/wp\/v2\/types\/page"}],"author":[{"embeddable":true,"href":"https:\/\/dmd.eu\/fr\/wp-json\/wp\/v2\/users\/2"}],"replies":[{"embeddable":true,"href":"https:\/\/dmd.eu\/fr\/wp-json\/wp\/v2\/comments?post=13858"}],"version-history":[{"count":0,"href":"https:\/\/dmd.eu\/fr\/wp-json\/wp\/v2\/pages\/13858\/revisions"}],"wp:attachment":[{"href":"https:\/\/dmd.eu\/fr\/wp-json\/wp\/v2\/media?parent=13858"}],"curies":[{"name":"wp","href":"https:\/\/api.w.org\/{rel}","templated":true}]}}